{"id":10619,"date":"2020-11-13T13:58:45","date_gmt":"2020-11-13T12:58:45","guid":{"rendered":"https:\/\/asimut.com\/unser-produkt\/veranstaltungsmanagement\/"},"modified":"2020-12-16T16:18:32","modified_gmt":"2020-12-16T15:18:32","slug":"veranstaltungsmanagement","status":"publish","type":"page","link":"https:\/\/asimut.com\/de\/unser-produkt\/veranstaltungsmanagement\/","title":{"rendered":"Veranstaltungsmanagement"},"content":{"rendered":"<p><div class=\"fusion-fullwidth fullwidth-box fusion-builder-row-1 nonhundred-percent-fullwidth non-hundred-percent-height-scrolling asimut-alt-bg\" style=\"--awb-border-radius-top-left:0px;--awb-border-radius-top-right:0px;--awb-border-radius-bottom-right:0px;--awb-border-radius-bottom-left:0px;--awb-flex-wrap:wrap;\" ><div class=\"fusion-builder-row fusion-row\"><div class=\"fusion-layout-column fusion_builder_column fusion-builder-column-0 fusion_builder_column_1_2 1_2 fusion-one-half fusion-column-first\" style=\"--awb-bg-size:cover;width:50%;width:calc(50% - ( ( 4% ) * 0.5 ) );margin-right: 4%;\"><div class=\"fusion-column-wrapper fusion-flex-column-wrapper-legacy\"><div class=\"fusion-title title fusion-title-1 fusion-sep-none fusion-title-text fusion-title-size-one\"><h1 class=\"fusion-title-heading title-heading-left fusion-responsive-typography-calculated\" style=\"margin:0;--fontSize:42;line-height:1.4;\">Veranstaltungsmanagement<\/h1><\/div><div class=\"fusion-text fusion-text-1\"><p>Keine unorganisierte Kommunikation mehr. ASIMUT bietet Ihnen ein schrittweises Herangehen an die Planung \u00f6ffentlicher Veranstaltungen &#8211; von der Reservierung des Veranstaltungsortes bis zur Einteilung von Mitarbeitern, der Aufgabenverwaltung und der PR-Arbeit. Die Integration mit der Stundenplanung und der Raumbuchung erlaubt es Ihnen, alle Informationen an einem Ort zu haben, so dass sie nicht in verschiedenen Systemen planen und kommunizieren m\u00fcssen.<\/p>\n<\/div><div class=\"fusion-clearfix\"><\/div><\/div><\/div><div class=\"fusion-layout-column fusion_builder_column fusion-builder-column-1 fusion_builder_column_1_2 1_2 fusion-one-half fusion-column-last\" style=\"--awb-bg-size:cover;width:50%;width:calc(50% - ( ( 4% ) * 0.5 ) );\"><div class=\"fusion-column-wrapper fusion-flex-column-wrapper-legacy\"><div class=\"fusion-image-element in-legacy-container\" style=\"--awb-max-width:600px;--awb-caption-title-font-family:var(--h2_typography-font-family);--awb-caption-title-font-weight:var(--h2_typography-font-weight);--awb-caption-title-font-style:var(--h2_typography-font-style);--awb-caption-title-size:var(--h2_typography-font-size);--awb-caption-title-transform:var(--h2_typography-text-transform);--awb-caption-title-line-height:var(--h2_typography-line-height);--awb-caption-title-letter-spacing:var(--h2_typography-letter-spacing);\"><span class=\" fusion-imageframe imageframe-none imageframe-1 hover-type-none\"><img decoding=\"async\" width=\"3000\" height=\"1963\" alt=\"\u00a9Clive Totman 2013\" title=\"Milton Court Theatre nears openning\" src=\"https:\/\/asimut.com\/wp-content\/uploads\/2018\/11\/Guildhall-School-actors-rehearsing-in-Milton-Court-Theatre-c-Clive-Totman-e1541576891341.jpg\" class=\"img-responsive wp-image-3070\"\/><\/span><\/div><div class=\"fusion-clearfix\"><\/div><\/div><\/div><\/div><\/div><div class=\"fusion-fullwidth fullwidth-box fusion-builder-row-2 nonhundred-percent-fullwidth non-hundred-percent-height-scrolling\" style=\"--awb-border-radius-top-left:0px;--awb-border-radius-top-right:0px;--awb-border-radius-bottom-right:0px;--awb-border-radius-bottom-left:0px;--awb-flex-wrap:wrap;\" ><div class=\"fusion-builder-row fusion-row\"><div class=\"fusion-layout-column fusion_builder_column fusion-builder-column-2 fusion_builder_column_1_3 1_3 fusion-one-third fusion-column-first asimut-alt-bg asimut-box\" style=\"--awb-bg-size:cover;width:33.333333333333%;width:calc(33.333333333333% - ( ( 4% + 4% ) * 0.33333333333333 ) );margin-right: 4%;\"><div class=\"fusion-column-wrapper fusion-flex-column-wrapper-legacy\"><div class=\"fusion-title title fusion-title-2 fusion-sep-none fusion-title-text fusion-title-size-four\"><h4 class=\"fusion-title-heading title-heading-left fusion-responsive-typography-calculated\" style=\"margin:0;--fontSize:20;--minFontSize:20;line-height:1.5;\">Schrittweise Planung<\/h4><\/div><div class=\"fusion-text fusion-text-2\"><p>Planen Sie jedes Detail einer Veranstaltung in ASIMUT &#8211; von der Reservierung des Veranstaltungsortes zu \u00c4nderungen in letzter Minute.<\/p>\n<\/div><div class=\"fusion-clearfix\"><\/div><\/div><\/div><div class=\"fusion-layout-column fusion_builder_column fusion-builder-column-3 fusion_builder_column_1_3 1_3 fusion-one-third asimut-alt-bg asimut-box\" style=\"--awb-bg-size:cover;width:33.333333333333%;width:calc(33.333333333333% - ( ( 4% + 4% ) * 0.33333333333333 ) );margin-right: 4%;\"><div class=\"fusion-column-wrapper fusion-flex-column-wrapper-legacy\"><div class=\"fusion-title title fusion-title-3 fusion-sep-none fusion-title-text fusion-title-size-four\"><h4 class=\"fusion-title-heading title-heading-left fusion-responsive-typography-calculated\" style=\"margin:0;--fontSize:20;--minFontSize:20;line-height:1.5;\">Teamkommunikation<\/h4><\/div><div class=\"fusion-text fusion-text-3\"><p>Genie\u00dfen Sie die Einfachheit der Kommunikation mit allen Teammitgliedern \u00fcber eine einzige Plattform<\/p>\n<\/div><div class=\"fusion-clearfix\"><\/div><\/div><\/div><div class=\"fusion-layout-column fusion_builder_column fusion-builder-column-4 fusion_builder_column_1_3 1_3 fusion-one-third fusion-column-last asimut-alt-bg asimut-box\" style=\"--awb-bg-size:cover;width:33.333333333333%;width:calc(33.333333333333% - ( ( 4% + 4% ) * 0.33333333333333 ) );\"><div class=\"fusion-column-wrapper fusion-flex-column-wrapper-legacy\"><div class=\"fusion-title title fusion-title-4 fusion-sep-none fusion-title-text fusion-title-size-four\"><h4 class=\"fusion-title-heading title-heading-left fusion-responsive-typography-calculated\" style=\"margin:0;--fontSize:20;--minFontSize:20;line-height:1.5;\">Organisation von Aufgaben<\/h4><\/div><div class=\"fusion-text fusion-text-4\"><p>Bewahren Sie alle Aufgaben im System auf und teilen Sie sie Mitarbeitern wie Technikern, Ordnern oder der Catering-Abteilung zu.<\/p>\n<\/div><div class=\"fusion-clearfix\"><\/div><\/div><\/div><div class=\"fusion-layout-column fusion_builder_column fusion-builder-column-5 fusion_builder_column_1_3 1_3 fusion-one-third fusion-column-first asimut-alt-bg asimut-box\" style=\"--awb-bg-size:cover;width:33.333333333333%;width:calc(33.333333333333% - ( ( 4% + 4% ) * 0.33333333333333 ) );margin-right: 4%;\"><div class=\"fusion-column-wrapper fusion-flex-column-wrapper-legacy\"><div class=\"fusion-title title fusion-title-5 fusion-sep-none fusion-title-text fusion-title-size-four\"><h4 class=\"fusion-title-heading title-heading-left fusion-responsive-typography-calculated\" style=\"margin:0;--fontSize:20;--minFontSize:20;line-height:1.5;\">Ma\u00dfgeschneiderte \u00dcbersichten<\/h4><\/div><div class=\"fusion-text fusion-text-5\"><p>Vom gro\u00dfen Ganzen zu den kleinen Details &#8211; personalisieren und filtrieren Sie Ihre \u00dcbersichten, um nur das zu sehen, was Sie m\u00f6chten.<\/p>\n<\/div><div class=\"fusion-clearfix\"><\/div><\/div><\/div><div class=\"fusion-layout-column fusion_builder_column fusion-builder-column-6 fusion_builder_column_1_3 1_3 fusion-one-third asimut-alt-bg asimut-box\" style=\"--awb-bg-size:cover;width:33.333333333333%;width:calc(33.333333333333% - ( ( 4% + 4% ) * 0.33333333333333 ) );margin-right: 4%;\"><div class=\"fusion-column-wrapper fusion-flex-column-wrapper-legacy\"><div class=\"fusion-title title fusion-title-6 fusion-sep-none fusion-title-text fusion-title-size-four\"><h4 class=\"fusion-title-heading title-heading-left fusion-responsive-typography-calculated\" style=\"margin:0;--fontSize:20;--minFontSize:20;line-height:1.5;\">Integrierte L\u00f6sung<\/h4><\/div><div class=\"fusion-text fusion-text-6\"><p>Profitieren Sie von der Kombination von Veranstaltungsmanagement, Stundenplanung und Raumbuchung in einem einzigen System.<\/p>\n<\/div><div class=\"fusion-clearfix\"><\/div><\/div><\/div><div class=\"fusion-layout-column fusion_builder_column fusion-builder-column-7 fusion_builder_column_1_3 1_3 fusion-one-third fusion-column-last asimut-alt-bg asimut-box\" style=\"--awb-bg-size:cover;width:33.333333333333%;width:calc(33.333333333333% - ( ( 4% + 4% ) * 0.33333333333333 ) );\"><div class=\"fusion-column-wrapper fusion-flex-column-wrapper-legacy\"><div class=\"fusion-title title fusion-title-7 fusion-sep-none fusion-title-text fusion-title-size-four\"><h4 class=\"fusion-title-heading title-heading-left fusion-responsive-typography-calculated\" style=\"margin:0;--fontSize:20;--minFontSize:20;line-height:1.5;\">PR-Assistent<\/h4><\/div><div class=\"fusion-text fusion-text-7\"><p>Erledigen Sie Ihre PR-Arbeit direkt in ASIMUT. Bewahren Sie alle Informationen zu Veranstaltungen im System auf und publizieren Sie sie von dort, z.B. auf Ihre Homepage.<\/p>\n<\/div><div class=\"fusion-clearfix\"><\/div><\/div><\/div><\/div><\/div><div class=\"fusion-fullwidth fullwidth-box fusion-builder-row-3 nonhundred-percent-fullwidth non-hundred-percent-height-scrolling asimut-blue-bg\" style=\"--awb-border-radius-top-left:0px;--awb-border-radius-top-right:0px;--awb-border-radius-bottom-right:0px;--awb-border-radius-bottom-left:0px;--awb-background-color:#00253f;--awb-flex-wrap:wrap;\" ><div class=\"fusion-builder-row fusion-row\"><div class=\"fusion-layout-column fusion_builder_column fusion-builder-column-8 fusion_builder_column_2_3 2_3 fusion-two-third fusion-column-first\" style=\"--awb-bg-size:cover;width:66.666666666667%;width:calc(66.666666666667% - ( ( 4% ) * 0.66666666666667 ) );margin-right: 4%;\"><div class=\"fusion-column-wrapper fusion-flex-column-wrapper-legacy\"><div class=\"fusion-title title fusion-title-8 fusion-sep-none fusion-title-text fusion-title-size-two\"><h2 class=\"fusion-title-heading title-heading-left fusion-responsive-typography-calculated\" style=\"margin:0;--fontSize:38;line-height:1.4;\">Buchen Sie eine Demo<\/h2><\/div><div class=\"fusion-text fusion-text-8\"><p>M\u00f6chten Sie mehr \u00fcber ASIMUT wissen und herausfinden, wie es Ihrer Hochschule nutzen kann?<br \/>\nBuchen Sie hier eine kostenlose Online-Demo von ASIMUT!<\/p>\n<\/div><div class=\"fusion-clearfix\"><\/div><\/div><\/div><div class=\"fusion-layout-column fusion_builder_column fusion-builder-column-9 fusion_builder_column_1_3 1_3 fusion-one-third fusion-column-last\" style=\"--awb-bg-size:cover;--awb-margin-top:20px;width:33.333333333333%;width:calc(33.333333333333% - ( ( 4% ) * 0.33333333333333 ) );\"><div class=\"fusion-column-wrapper fusion-flex-column-wrapper-legacy\"><div class=\"fusion-alignleft\"><a class=\"fusion-button button-flat fusion-button-default-size button-default fusion-button-default button-1 fusion-button-default-span fusion-button-default-type\" target=\"_self\" title=\"Demo buchen\" aria-label=\"Demo buchen\" href=\"https:\/\/asimut.com\/de\/demo-buchen\/\"><span class=\"fusion-button-text awb-button__text awb-button__text--default\">Demo buchen<\/span><\/a><\/div><div class=\"fusion-clearfix\"><\/div><\/div><\/div><\/div><\/div><div class=\"fusion-fullwidth fullwidth-box fusion-builder-row-4 fusion-flex-container nonhundred-percent-fullwidth non-hundred-percent-height-scrolling\" style=\"--awb-border-radius-top-left:0px;--awb-border-radius-top-right:0px;--awb-border-radius-bottom-right:0px;--awb-border-radius-bottom-left:0px;--awb-flex-wrap:wrap;\" ><div class=\"fusion-builder-row fusion-row fusion-flex-align-items-flex-start fusion-flex-content-wrap\" style=\"max-width:1216.8px;margin-left: calc(-4% \/ 2 );margin-right: calc(-4% \/ 2 );\"><div class=\"fusion-layout-column fusion_builder_column fusion-builder-column-10 fusion_builder_column_1_1 1_1 fusion-flex-column asimut-alt-bg\" style=\"--awb-padding-top:60px;--awb-padding-right:20px;--awb-padding-left:20px;--awb-bg-size:cover;--awb-width-large:100%;--awb-margin-top-large:0px;--awb-spacing-right-large:1.92%;--awb-margin-bottom-large:60px;--awb-spacing-left-large:1.92%;--awb-width-medium:100%;--awb-spacing-right-medium:1.92%;--awb-spacing-left-medium:1.92%;--awb-width-small:100%;--awb-spacing-right-small:1.92%;--awb-spacing-left-small:1.92%;\"><div class=\"fusion-column-wrapper fusion-flex-justify-content-flex-start fusion-content-layout-column\"><div class=\"fusion-builder-row fusion-builder-row-inner fusion-row fusion-flex-align-items-flex-start fusion-flex-content-wrap\" style=\"width:104% !important;max-width:104% !important;margin-left: calc(-4% \/ 2 );margin-right: calc(-4% \/ 2 );\"><div class=\"fusion-layout-column fusion_builder_column_inner fusion-builder-nested-column-0 fusion_builder_column_inner_1_3 1_3 fusion-flex-column\" style=\"--awb-bg-size:cover;--awb-width-large:33.333333333333%;--awb-margin-top-large:0px;--awb-spacing-right-large:5.76%;--awb-margin-bottom-large:60px;--awb-spacing-left-large:5.76%;--awb-width-medium:100%;--awb-spacing-right-medium:1.92%;--awb-spacing-left-medium:1.92%;--awb-width-small:100%;--awb-spacing-right-small:1.92%;--awb-spacing-left-small:1.92%;\"><div class=\"fusion-column-wrapper fusion-flex-justify-content-flex-start fusion-content-layout-column\"><i class=\"fb-icon-element-1 fb-icon-element fontawesome-icon fa-calendar-alt far circle-no fusion-no-small-visibility\" style=\"--awb-iconcolor:#333333;--awb-iconcolor-hover:#333333;--awb-font-size:48px;--awb-margin-top:0;--awb-margin-right:0;--awb-margin-bottom:0;--awb-margin-left:0;--awb-align-self:center;\"><\/i><i class=\"fb-icon-element-2 fb-icon-element fontawesome-icon fa-calendar-alt far circle-no fusion-no-medium-visibility fusion-no-large-visibility\" style=\"--awb-iconcolor:#333333;--awb-iconcolor-hover:#333333;--awb-font-size:40px;--awb-align-self:center;--awb-margin-top:0px;--awb-margin-right:0px;--awb-margin-bottom:12px;--awb-margin-left:0px;\"><\/i><div class=\"fusion-title title fusion-title-9 fusion-sep-none fusion-title-center fusion-title-text fusion-title-size-three\"><h3 class=\"fusion-title-heading title-heading-center fusion-responsive-typography-calculated\" style=\"margin:0;--fontSize:28;line-height:1.5;\">Stundenplanung<\/h3><\/div><div class=\"fusion-text fusion-text-9\"><p style=\"text-align: center;\">Die Stundenplanung in den sch\u00f6nen K\u00fcnsten ist eine Kunst an sich. ASIMUT handhabt die komplexe, individuelle und im stetigen Wandel begriffene Natur Ihrer Stundenpl\u00e4ne. Wir kennen und verstehen Ihre Herausforderungen, denn viele von uns haben im Bereich der sch\u00f6nen K\u00fcnste gearbeitet oder studiert.<\/p>\n<\/div><div style=\"text-align:center;\"><a class=\"fusion-button button-flat button-large button-default fusion-button-default button-2 fusion-button-default-span fusion-button-default-type\" target=\"_self\" href=\"https:\/\/asimut.com\/de\/unser-produkt\/stundenplanung\/\"><span class=\"fusion-button-text awb-button__text awb-button__text--default\">Mehr lesen<\/span><\/a><\/div><\/div><\/div><div class=\"fusion-layout-column fusion_builder_column_inner fusion-builder-nested-column-1 fusion_builder_column_inner_1_3 1_3 fusion-flex-column\" style=\"--awb-bg-size:cover;--awb-width-large:33.333333333333%;--awb-margin-top-large:0px;--awb-spacing-right-large:5.76%;--awb-margin-bottom-large:60px;--awb-spacing-left-large:5.76%;--awb-width-medium:100%;--awb-spacing-right-medium:1.92%;--awb-spacing-left-medium:1.92%;--awb-width-small:100%;--awb-spacing-right-small:1.92%;--awb-spacing-left-small:1.92%;\"><div class=\"fusion-column-wrapper fusion-flex-justify-content-flex-start fusion-content-layout-column\"><i class=\"fb-icon-element-3 fb-icon-element fontawesome-icon fa-door-open fas circle-no fusion-no-small-visibility\" style=\"--awb-iconcolor:#333333;--awb-iconcolor-hover:#333333;--awb-font-size:48px;--awb-margin-top:0;--awb-margin-right:0;--awb-margin-bottom:0;--awb-margin-left:0;--awb-align-self:center;\"><\/i><i class=\"fb-icon-element-4 fb-icon-element fontawesome-icon fa-door-open fas circle-no fusion-no-medium-visibility fusion-no-large-visibility\" style=\"--awb-iconcolor:#333333;--awb-iconcolor-hover:#333333;--awb-font-size:40px;--awb-align-self:center;--awb-margin-top:0px;--awb-margin-right:0px;--awb-margin-bottom:12px;--awb-margin-left:0px;\"><\/i><div class=\"fusion-title title fusion-title-10 fusion-sep-none fusion-title-center fusion-title-text fusion-title-size-three\"><h3 class=\"fusion-title-heading title-heading-center fusion-responsive-typography-calculated\" style=\"margin:0;--fontSize:28;line-height:1.5;\">Raumbuchung<\/h3><\/div><div class=\"fusion-text fusion-text-10\"><p style=\"text-align: center;\">Ersetzen Sie die ewigen Schlangen von Studierenden vor der Rezeption mit dem online Selbstbedienungsportal f\u00fcr die Raumbuchung in ASIMUT. Gestalten Sie ma\u00dfgeschneiderte Regeln, die einen fairen und gleichberechtigten Zugang zu R\u00e4umen erm\u00f6glichen, und optimieren Sie Ihre Raumnutzung.<\/p>\n<\/div><div style=\"text-align:center;\"><a class=\"fusion-button button-flat button-large button-default fusion-button-default button-3 fusion-button-default-span fusion-button-default-type\" target=\"_self\" href=\"https:\/\/asimut.com\/de\/unser-produkt\/raumbuchung\/\"><span class=\"fusion-button-text awb-button__text awb-button__text--default\">Mehr lesen<\/span><\/a><\/div><\/div><\/div><div class=\"fusion-layout-column fusion_builder_column_inner fusion-builder-nested-column-2 fusion_builder_column_inner_1_3 1_3 fusion-flex-column\" style=\"--awb-bg-size:cover;--awb-filter:opacity(40%);--awb-filter-transition:filter 0.3s ease;--awb-filter-hover:opacity(60%);--awb-width-large:33.333333333333%;--awb-margin-top-large:0px;--awb-spacing-right-large:5.76%;--awb-margin-bottom-large:60px;--awb-spacing-left-large:5.76%;--awb-width-medium:100%;--awb-order-medium:0;--awb-spacing-right-medium:1.92%;--awb-spacing-left-medium:1.92%;--awb-width-small:100%;--awb-order-small:0;--awb-spacing-right-small:1.92%;--awb-spacing-left-small:1.92%;\"><div class=\"fusion-column-wrapper fusion-column-has-shadow fusion-flex-justify-content-flex-start fusion-content-layout-column\"><i class=\"fb-icon-element-5 fb-icon-element fontawesome-icon fa-theater-masks fas circle-no fusion-no-small-visibility\" style=\"--awb-iconcolor:#333333;--awb-iconcolor-hover:#333333;--awb-font-size:48px;--awb-margin-top:0;--awb-margin-right:0;--awb-margin-bottom:0;--awb-margin-left:0;--awb-align-self:center;\"><\/i><i class=\"fb-icon-element-6 fb-icon-element fontawesome-icon fa-theater-masks fas circle-no fusion-no-medium-visibility fusion-no-large-visibility\" style=\"--awb-iconcolor:#333333;--awb-iconcolor-hover:#333333;--awb-font-size:40px;--awb-align-self:center;--awb-margin-top:0px;--awb-margin-right:0px;--awb-margin-bottom:12px;--awb-margin-left:0px;\"><\/i><div class=\"fusion-title title fusion-title-11 fusion-sep-none fusion-title-center fusion-title-text fusion-title-size-three\"><h3 class=\"fusion-title-heading title-heading-center fusion-responsive-typography-calculated\" style=\"margin:0;--fontSize:28;line-height:1.5;\">Veranstaltungsmanagement<\/h3><\/div><div class=\"fusion-text fusion-text-11\"><p style=\"text-align: center;\">Machen Sie das Veranstaltungsmanagement zum Teil Ihrer allgemeinen Planung und speichern Sie alle Details zu Ihren Veranstaltungen in ASIMUT. Kommunizieren Sie damit verbundene Aufgaben im System und halten Sie alle \u00fcber \u00c4nderungen auf dem Laufenden &#8211; bis hin zur allerletzten Minute.<\/p>\n<\/div><\/div><\/div><\/div><\/div><\/div><\/div><\/div><\/p>\n","protected":false},"excerpt":{"rendered":"","protected":false},"author":2,"featured_media":0,"parent":4613,"menu_order":23,"comment_status":"closed","ping_status":"closed","template":"100-width.php","meta":{"footnotes":""},"class_list":["post-10619","page","type-page","status-publish","hentry"],"yoast_head":"<!-- This site is optimized with the Yoast SEO plugin v27.3 - https:\/\/yoast.com\/product\/yoast-seo-wordpress\/ -->\n<title>Veranstaltungsmanagement - ASIMUT software<\/title>\n<meta name=\"robots\" content=\"index, follow, max-snippet:-1, max-image-preview:large, max-video-preview:-1\" \/>\n<link rel=\"canonical\" href=\"https:\/\/asimut.com\/de\/unser-produkt\/veranstaltungsmanagement\/\" \/>\n<meta property=\"og:locale\" content=\"de_DE\" \/>\n<meta property=\"og:type\" content=\"article\" \/>\n<meta property=\"og:title\" content=\"Veranstaltungsmanagement - ASIMUT software\" \/>\n<meta property=\"og:url\" content=\"https:\/\/asimut.com\/de\/unser-produkt\/veranstaltungsmanagement\/\" \/>\n<meta property=\"og:site_name\" content=\"ASIMUT software\" \/>\n<meta property=\"article:modified_time\" content=\"2020-12-16T15:18:32+00:00\" \/>\n<meta name=\"twitter:card\" content=\"summary_large_image\" \/>\n<meta name=\"twitter:label1\" content=\"Gesch\u00e4tzte Lesezeit\" \/>\n\t<meta name=\"twitter:data1\" content=\"24\u00a0Minuten\" \/>\n<script type=\"application\/ld+json\" class=\"yoast-schema-graph\">{\"@context\":\"https:\\\/\\\/schema.org\",\"@graph\":[{\"@type\":\"WebPage\",\"@id\":\"https:\\\/\\\/asimut.com\\\/de\\\/unser-produkt\\\/veranstaltungsmanagement\\\/\",\"url\":\"https:\\\/\\\/asimut.com\\\/de\\\/unser-produkt\\\/veranstaltungsmanagement\\\/\",\"name\":\"Veranstaltungsmanagement - ASIMUT software\",\"isPartOf\":{\"@id\":\"https:\\\/\\\/asimut.com\\\/es\\\/#website\"},\"datePublished\":\"2020-11-13T12:58:45+00:00\",\"dateModified\":\"2020-12-16T15:18:32+00:00\",\"breadcrumb\":{\"@id\":\"https:\\\/\\\/asimut.com\\\/de\\\/unser-produkt\\\/veranstaltungsmanagement\\\/#breadcrumb\"},\"inLanguage\":\"de\",\"potentialAction\":[{\"@type\":\"ReadAction\",\"target\":[\"https:\\\/\\\/asimut.com\\\/de\\\/unser-produkt\\\/veranstaltungsmanagement\\\/\"]}]},{\"@type\":\"BreadcrumbList\",\"@id\":\"https:\\\/\\\/asimut.com\\\/de\\\/unser-produkt\\\/veranstaltungsmanagement\\\/#breadcrumb\",\"itemListElement\":[{\"@type\":\"ListItem\",\"position\":1,\"name\":\"Home\",\"item\":\"https:\\\/\\\/asimut.com\\\/de\\\/home\\\/\"},{\"@type\":\"ListItem\",\"position\":2,\"name\":\"Stundenplanung, Raumbuchung und Veranstaltungsmanagement\",\"item\":\"https:\\\/\\\/asimut.com\\\/de\\\/unser-produkt\\\/\"},{\"@type\":\"ListItem\",\"position\":3,\"name\":\"Veranstaltungsmanagement\"}]},{\"@type\":\"WebSite\",\"@id\":\"https:\\\/\\\/asimut.com\\\/es\\\/#website\",\"url\":\"https:\\\/\\\/asimut.com\\\/es\\\/\",\"name\":\"ASIMUT software\",\"description\":\"Verwendet von den besten Hochschulen f\u00fcr Musik, Theater und K\u00fcnste\",\"publisher\":{\"@id\":\"https:\\\/\\\/asimut.com\\\/es\\\/#organization\"},\"potentialAction\":[{\"@type\":\"SearchAction\",\"target\":{\"@type\":\"EntryPoint\",\"urlTemplate\":\"https:\\\/\\\/asimut.com\\\/es\\\/?s={search_term_string}\"},\"query-input\":{\"@type\":\"PropertyValueSpecification\",\"valueRequired\":true,\"valueName\":\"search_term_string\"}}],\"inLanguage\":\"de\"},{\"@type\":\"Organization\",\"@id\":\"https:\\\/\\\/asimut.com\\\/es\\\/#organization\",\"name\":\"ASIMUT software\",\"url\":\"https:\\\/\\\/asimut.com\\\/es\\\/\",\"logo\":{\"@type\":\"ImageObject\",\"inLanguage\":\"de\",\"@id\":\"https:\\\/\\\/asimut.com\\\/es\\\/#\\\/schema\\\/logo\\\/image\\\/\",\"url\":\"https:\\\/\\\/asimut.com\\\/wp-content\\\/uploads\\\/2017\\\/10\\\/A4-logo-horisontal.svg\",\"contentUrl\":\"https:\\\/\\\/asimut.com\\\/wp-content\\\/uploads\\\/2017\\\/10\\\/A4-logo-horisontal.svg\",\"width\":111.2,\"height\":15.2,\"caption\":\"ASIMUT software\"},\"image\":{\"@id\":\"https:\\\/\\\/asimut.com\\\/es\\\/#\\\/schema\\\/logo\\\/image\\\/\"},\"sameAs\":[\"https:\\\/\\\/www.linkedin.com\\\/company\\\/337884\\\/\"]}]}<\/script>\n<!-- \/ Yoast SEO plugin. -->","yoast_head_json":{"title":"Veranstaltungsmanagement - ASIMUT software","robots":{"index":"index","follow":"follow","max-snippet":"max-snippet:-1","max-image-preview":"max-image-preview:large","max-video-preview":"max-video-preview:-1"},"canonical":"https:\/\/asimut.com\/de\/unser-produkt\/veranstaltungsmanagement\/","og_locale":"de_DE","og_type":"article","og_title":"Veranstaltungsmanagement - ASIMUT software","og_url":"https:\/\/asimut.com\/de\/unser-produkt\/veranstaltungsmanagement\/","og_site_name":"ASIMUT software","article_modified_time":"2020-12-16T15:18:32+00:00","twitter_card":"summary_large_image","twitter_misc":{"Gesch\u00e4tzte Lesezeit":"24\u00a0Minuten"},"schema":{"@context":"https:\/\/schema.org","@graph":[{"@type":"WebPage","@id":"https:\/\/asimut.com\/de\/unser-produkt\/veranstaltungsmanagement\/","url":"https:\/\/asimut.com\/de\/unser-produkt\/veranstaltungsmanagement\/","name":"Veranstaltungsmanagement - ASIMUT software","isPartOf":{"@id":"https:\/\/asimut.com\/es\/#website"},"datePublished":"2020-11-13T12:58:45+00:00","dateModified":"2020-12-16T15:18:32+00:00","breadcrumb":{"@id":"https:\/\/asimut.com\/de\/unser-produkt\/veranstaltungsmanagement\/#breadcrumb"},"inLanguage":"de","potentialAction":[{"@type":"ReadAction","target":["https:\/\/asimut.com\/de\/unser-produkt\/veranstaltungsmanagement\/"]}]},{"@type":"BreadcrumbList","@id":"https:\/\/asimut.com\/de\/unser-produkt\/veranstaltungsmanagement\/#breadcrumb","itemListElement":[{"@type":"ListItem","position":1,"name":"Home","item":"https:\/\/asimut.com\/de\/home\/"},{"@type":"ListItem","position":2,"name":"Stundenplanung, Raumbuchung und Veranstaltungsmanagement","item":"https:\/\/asimut.com\/de\/unser-produkt\/"},{"@type":"ListItem","position":3,"name":"Veranstaltungsmanagement"}]},{"@type":"WebSite","@id":"https:\/\/asimut.com\/es\/#website","url":"https:\/\/asimut.com\/es\/","name":"ASIMUT software","description":"Verwendet von den besten Hochschulen f\u00fcr Musik, Theater und K\u00fcnste","publisher":{"@id":"https:\/\/asimut.com\/es\/#organization"},"potentialAction":[{"@type":"SearchAction","target":{"@type":"EntryPoint","urlTemplate":"https:\/\/asimut.com\/es\/?s={search_term_string}"},"query-input":{"@type":"PropertyValueSpecification","valueRequired":true,"valueName":"search_term_string"}}],"inLanguage":"de"},{"@type":"Organization","@id":"https:\/\/asimut.com\/es\/#organization","name":"ASIMUT software","url":"https:\/\/asimut.com\/es\/","logo":{"@type":"ImageObject","inLanguage":"de","@id":"https:\/\/asimut.com\/es\/#\/schema\/logo\/image\/","url":"https:\/\/asimut.com\/wp-content\/uploads\/2017\/10\/A4-logo-horisontal.svg","contentUrl":"https:\/\/asimut.com\/wp-content\/uploads\/2017\/10\/A4-logo-horisontal.svg","width":111.2,"height":15.2,"caption":"ASIMUT software"},"image":{"@id":"https:\/\/asimut.com\/es\/#\/schema\/logo\/image\/"},"sameAs":["https:\/\/www.linkedin.com\/company\/337884\/"]}]}},"_links":{"self":[{"href":"https:\/\/asimut.com\/de\/wp-json\/wp\/v2\/pages\/10619","targetHints":{"allow":["GET"]}}],"collection":[{"href":"https:\/\/asimut.com\/de\/wp-json\/wp\/v2\/pages"}],"about":[{"href":"https:\/\/asimut.com\/de\/wp-json\/wp\/v2\/types\/page"}],"author":[{"embeddable":true,"href":"https:\/\/asimut.com\/de\/wp-json\/wp\/v2\/users\/2"}],"replies":[{"embeddable":true,"href":"https:\/\/asimut.com\/de\/wp-json\/wp\/v2\/comments?post=10619"}],"version-history":[{"count":0,"href":"https:\/\/asimut.com\/de\/wp-json\/wp\/v2\/pages\/10619\/revisions"}],"up":[{"embeddable":true,"href":"https:\/\/asimut.com\/de\/wp-json\/wp\/v2\/pages\/4613"}],"wp:attachment":[{"href":"https:\/\/asimut.com\/de\/wp-json\/wp\/v2\/media?parent=10619"}],"curies":[{"name":"wp","href":"https:\/\/api.w.org\/{rel}","templated":true}]}}