{"id":11338,"date":"2021-09-02T15:47:17","date_gmt":"2021-09-02T13:47:17","guid":{"rendered":"https:\/\/asimut.com\/kundenstimmen\/chicago-college-of-performing-arts\/"},"modified":"2024-08-05T11:47:41","modified_gmt":"2024-08-05T09:47:41","slug":"chicago-college-of-performing-arts","status":"publish","type":"page","link":"https:\/\/asimut.com\/de\/kundenstimmen\/chicago-college-of-performing-arts\/","title":{"rendered":"Chicago College of Performing Arts"},"content":{"rendered":"<div class=\"fusion-fullwidth fullwidth-box fusion-builder-row-1 nonhundred-percent-fullwidth non-hundred-percent-height-scrolling asimut-alt-bg\" style=\"--awb-border-radius-top-left:0px;--awb-border-radius-top-right:0px;--awb-border-radius-bottom-right:0px;--awb-border-radius-bottom-left:0px;--awb-flex-wrap:wrap;\" ><div class=\"fusion-builder-row fusion-row\"><div class=\"fusion-layout-column fusion_builder_column fusion-builder-column-0 fusion_builder_column_2_3 2_3 fusion-two-third fusion-column-first\" style=\"--awb-bg-size:cover;width:66.666666666667%;width:calc(66.666666666667% - ( ( 4% ) * 0.66666666666667 ) );margin-right: 4%;\"><div class=\"fusion-column-wrapper fusion-column-has-shadow fusion-flex-column-wrapper-legacy\"><div class=\"fusion-title title fusion-title-1 fusion-sep-none fusion-title-text fusion-title-size-two\"><h2 class=\"fusion-title-heading title-heading-left fusion-responsive-typography-calculated\" style=\"margin:0;--fontSize:38;line-height:1.4;\">Chicago College of Performing Arts<\/h2><\/div><div class=\"fusion-text fusion-text-1\"><p>Mit seiner Gr\u00fcndung im Jahr 1867 z\u00e4hlt das Music Conservatory zu den \u00e4ltesten in den Vereinigten Staaten und hat seither eine Schl\u00fcsselrolle im Kulturleben Chicagos gespielt.<\/p>\n<p>Mit seinen Teilbereichen Music Conservatory und Theatre Conservatory ist das Chicago College of Performing Arts eine von sechs Teilhochschulen der Roosevelt University und bietet Studieng\u00e4nge in Klassischer Musik ebenso wie in Jazz, Musical und Schauspiel. Das College z\u00e4hlt internationale Spitzenmusiker und Theaterschaffende zu seinem Lehrk\u00f6rper. Die Studenten kommen aus der ganzen Welt und erhalten nicht nur eine umfassende theoretische und technische Ausbildung sondern auch die M\u00f6glichkeit, sich in der &#8222;richtigen Welt&#8220; zu erproben, etwa durch Praktika oder Live-Auff\u00fchrungen.<\/p>\n<\/div><div class=\"fusion-clearfix\"><\/div><\/div><\/div><div class=\"fusion-layout-column fusion_builder_column fusion-builder-column-1 fusion_builder_column_1_3 1_3 fusion-one-third fusion-column-last\" style=\"--awb-bg-size:cover;width:33.333333333333%;width:calc(33.333333333333% - ( ( 4% ) * 0.33333333333333 ) );\"><div class=\"fusion-column-wrapper fusion-column-has-shadow fusion-flex-column-wrapper-legacy\"><div class=\"fusion-image-element in-legacy-container\" style=\"--awb-caption-title-font-family:var(--h2_typography-font-family);--awb-caption-title-font-weight:var(--h2_typography-font-weight);--awb-caption-title-font-style:var(--h2_typography-font-style);--awb-caption-title-size:var(--h2_typography-font-size);--awb-caption-title-transform:var(--h2_typography-text-transform);--awb-caption-title-line-height:var(--h2_typography-line-height);--awb-caption-title-letter-spacing:var(--h2_typography-letter-spacing);\"><span class=\" fusion-imageframe imageframe-none imageframe-1 hover-type-none\"><img decoding=\"async\" width=\"246\" height=\"93\" title=\"Chicago College of Performing Arts_horizontal (til hjemmesiden)\" src=\"https:\/\/asimut.com\/wp-content\/uploads\/2020\/04\/Chicago-College-of-Performing-Arts_horizontal-til-hjemmesiden.svg\" alt class=\"img-responsive wp-image-9987\"\/><\/span><\/div><div class=\"fusion-clearfix\"><\/div><\/div><\/div><\/div><\/div>\n","protected":false},"excerpt":{"rendered":"","protected":false},"author":4,"featured_media":0,"parent":6343,"menu_order":0,"comment_status":"closed","ping_status":"closed","template":"100-width.php","meta":{"footnotes":""},"class_list":["post-11338","page","type-page","status-publish","hentry"],"yoast_head":"<!-- This site is optimized with the Yoast SEO plugin v27.3 - https:\/\/yoast.com\/product\/yoast-seo-wordpress\/ -->\n<title>Chicago College of Performing Arts - ASIMUT software<\/title>\n<meta name=\"robots\" content=\"index, follow, max-snippet:-1, max-image-preview:large, max-video-preview:-1\" \/>\n<link rel=\"canonical\" href=\"https:\/\/asimut.com\/de\/kundenstimmen\/chicago-college-of-performing-arts\/\" \/>\n<meta property=\"og:locale\" content=\"de_DE\" \/>\n<meta property=\"og:type\" content=\"article\" \/>\n<meta property=\"og:title\" content=\"Chicago College of Performing Arts - ASIMUT software\" \/>\n<meta property=\"og:url\" content=\"https:\/\/asimut.com\/de\/kundenstimmen\/chicago-college-of-performing-arts\/\" \/>\n<meta property=\"og:site_name\" content=\"ASIMUT software\" \/>\n<meta property=\"article:modified_time\" content=\"2024-08-05T09:47:41+00:00\" \/>\n<meta name=\"twitter:card\" content=\"summary_large_image\" \/>\n<meta name=\"twitter:label1\" content=\"Gesch\u00e4tzte Lesezeit\" \/>\n\t<meta name=\"twitter:data1\" content=\"4\u00a0Minuten\" \/>\n<script type=\"application\/ld+json\" class=\"yoast-schema-graph\">{\"@context\":\"https:\\\/\\\/schema.org\",\"@graph\":[{\"@type\":\"WebPage\",\"@id\":\"https:\\\/\\\/asimut.com\\\/de\\\/kundenstimmen\\\/chicago-college-of-performing-arts\\\/\",\"url\":\"https:\\\/\\\/asimut.com\\\/de\\\/kundenstimmen\\\/chicago-college-of-performing-arts\\\/\",\"name\":\"Chicago College of Performing Arts - ASIMUT software\",\"isPartOf\":{\"@id\":\"https:\\\/\\\/asimut.com\\\/es\\\/#website\"},\"datePublished\":\"2021-09-02T13:47:17+00:00\",\"dateModified\":\"2024-08-05T09:47:41+00:00\",\"breadcrumb\":{\"@id\":\"https:\\\/\\\/asimut.com\\\/de\\\/kundenstimmen\\\/chicago-college-of-performing-arts\\\/#breadcrumb\"},\"inLanguage\":\"de\",\"potentialAction\":[{\"@type\":\"ReadAction\",\"target\":[\"https:\\\/\\\/asimut.com\\\/de\\\/kundenstimmen\\\/chicago-college-of-performing-arts\\\/\"]}]},{\"@type\":\"BreadcrumbList\",\"@id\":\"https:\\\/\\\/asimut.com\\\/de\\\/kundenstimmen\\\/chicago-college-of-performing-arts\\\/#breadcrumb\",\"itemListElement\":[{\"@type\":\"ListItem\",\"position\":1,\"name\":\"Home\",\"item\":\"https:\\\/\\\/asimut.com\\\/de\\\/home\\\/\"},{\"@type\":\"ListItem\",\"position\":2,\"name\":\"Kundenstimmen\",\"item\":\"https:\\\/\\\/asimut.com\\\/de\\\/kundenstimmen\\\/\"},{\"@type\":\"ListItem\",\"position\":3,\"name\":\"Chicago College of Performing Arts\"}]},{\"@type\":\"WebSite\",\"@id\":\"https:\\\/\\\/asimut.com\\\/es\\\/#website\",\"url\":\"https:\\\/\\\/asimut.com\\\/es\\\/\",\"name\":\"ASIMUT software\",\"description\":\"Verwendet von den besten Hochschulen f\u00fcr Musik, Theater und K\u00fcnste\",\"publisher\":{\"@id\":\"https:\\\/\\\/asimut.com\\\/es\\\/#organization\"},\"potentialAction\":[{\"@type\":\"SearchAction\",\"target\":{\"@type\":\"EntryPoint\",\"urlTemplate\":\"https:\\\/\\\/asimut.com\\\/es\\\/?s={search_term_string}\"},\"query-input\":{\"@type\":\"PropertyValueSpecification\",\"valueRequired\":true,\"valueName\":\"search_term_string\"}}],\"inLanguage\":\"de\"},{\"@type\":\"Organization\",\"@id\":\"https:\\\/\\\/asimut.com\\\/es\\\/#organization\",\"name\":\"ASIMUT software\",\"url\":\"https:\\\/\\\/asimut.com\\\/es\\\/\",\"logo\":{\"@type\":\"ImageObject\",\"inLanguage\":\"de\",\"@id\":\"https:\\\/\\\/asimut.com\\\/es\\\/#\\\/schema\\\/logo\\\/image\\\/\",\"url\":\"https:\\\/\\\/asimut.com\\\/wp-content\\\/uploads\\\/2017\\\/10\\\/A4-logo-horisontal.svg\",\"contentUrl\":\"https:\\\/\\\/asimut.com\\\/wp-content\\\/uploads\\\/2017\\\/10\\\/A4-logo-horisontal.svg\",\"width\":111.2,\"height\":15.2,\"caption\":\"ASIMUT software\"},\"image\":{\"@id\":\"https:\\\/\\\/asimut.com\\\/es\\\/#\\\/schema\\\/logo\\\/image\\\/\"},\"sameAs\":[\"https:\\\/\\\/www.linkedin.com\\\/company\\\/337884\\\/\"]}]}<\/script>\n<!-- \/ Yoast SEO plugin. -->","yoast_head_json":{"title":"Chicago College of Performing Arts - ASIMUT software","robots":{"index":"index","follow":"follow","max-snippet":"max-snippet:-1","max-image-preview":"max-image-preview:large","max-video-preview":"max-video-preview:-1"},"canonical":"https:\/\/asimut.com\/de\/kundenstimmen\/chicago-college-of-performing-arts\/","og_locale":"de_DE","og_type":"article","og_title":"Chicago College of Performing Arts - ASIMUT software","og_url":"https:\/\/asimut.com\/de\/kundenstimmen\/chicago-college-of-performing-arts\/","og_site_name":"ASIMUT software","article_modified_time":"2024-08-05T09:47:41+00:00","twitter_card":"summary_large_image","twitter_misc":{"Gesch\u00e4tzte Lesezeit":"4\u00a0Minuten"},"schema":{"@context":"https:\/\/schema.org","@graph":[{"@type":"WebPage","@id":"https:\/\/asimut.com\/de\/kundenstimmen\/chicago-college-of-performing-arts\/","url":"https:\/\/asimut.com\/de\/kundenstimmen\/chicago-college-of-performing-arts\/","name":"Chicago College of Performing Arts - ASIMUT software","isPartOf":{"@id":"https:\/\/asimut.com\/es\/#website"},"datePublished":"2021-09-02T13:47:17+00:00","dateModified":"2024-08-05T09:47:41+00:00","breadcrumb":{"@id":"https:\/\/asimut.com\/de\/kundenstimmen\/chicago-college-of-performing-arts\/#breadcrumb"},"inLanguage":"de","potentialAction":[{"@type":"ReadAction","target":["https:\/\/asimut.com\/de\/kundenstimmen\/chicago-college-of-performing-arts\/"]}]},{"@type":"BreadcrumbList","@id":"https:\/\/asimut.com\/de\/kundenstimmen\/chicago-college-of-performing-arts\/#breadcrumb","itemListElement":[{"@type":"ListItem","position":1,"name":"Home","item":"https:\/\/asimut.com\/de\/home\/"},{"@type":"ListItem","position":2,"name":"Kundenstimmen","item":"https:\/\/asimut.com\/de\/kundenstimmen\/"},{"@type":"ListItem","position":3,"name":"Chicago College of Performing Arts"}]},{"@type":"WebSite","@id":"https:\/\/asimut.com\/es\/#website","url":"https:\/\/asimut.com\/es\/","name":"ASIMUT software","description":"Verwendet von den besten Hochschulen f\u00fcr Musik, Theater und K\u00fcnste","publisher":{"@id":"https:\/\/asimut.com\/es\/#organization"},"potentialAction":[{"@type":"SearchAction","target":{"@type":"EntryPoint","urlTemplate":"https:\/\/asimut.com\/es\/?s={search_term_string}"},"query-input":{"@type":"PropertyValueSpecification","valueRequired":true,"valueName":"search_term_string"}}],"inLanguage":"de"},{"@type":"Organization","@id":"https:\/\/asimut.com\/es\/#organization","name":"ASIMUT software","url":"https:\/\/asimut.com\/es\/","logo":{"@type":"ImageObject","inLanguage":"de","@id":"https:\/\/asimut.com\/es\/#\/schema\/logo\/image\/","url":"https:\/\/asimut.com\/wp-content\/uploads\/2017\/10\/A4-logo-horisontal.svg","contentUrl":"https:\/\/asimut.com\/wp-content\/uploads\/2017\/10\/A4-logo-horisontal.svg","width":111.2,"height":15.2,"caption":"ASIMUT software"},"image":{"@id":"https:\/\/asimut.com\/es\/#\/schema\/logo\/image\/"},"sameAs":["https:\/\/www.linkedin.com\/company\/337884\/"]}]}},"_links":{"self":[{"href":"https:\/\/asimut.com\/de\/wp-json\/wp\/v2\/pages\/11338","targetHints":{"allow":["GET"]}}],"collection":[{"href":"https:\/\/asimut.com\/de\/wp-json\/wp\/v2\/pages"}],"about":[{"href":"https:\/\/asimut.com\/de\/wp-json\/wp\/v2\/types\/page"}],"author":[{"embeddable":true,"href":"https:\/\/asimut.com\/de\/wp-json\/wp\/v2\/users\/4"}],"replies":[{"embeddable":true,"href":"https:\/\/asimut.com\/de\/wp-json\/wp\/v2\/comments?post=11338"}],"version-history":[{"count":1,"href":"https:\/\/asimut.com\/de\/wp-json\/wp\/v2\/pages\/11338\/revisions"}],"predecessor-version":[{"id":16146,"href":"https:\/\/asimut.com\/de\/wp-json\/wp\/v2\/pages\/11338\/revisions\/16146"}],"up":[{"embeddable":true,"href":"https:\/\/asimut.com\/de\/wp-json\/wp\/v2\/pages\/6343"}],"wp:attachment":[{"href":"https:\/\/asimut.com\/de\/wp-json\/wp\/v2\/media?parent=11338"}],"curies":[{"name":"wp","href":"https:\/\/api.w.org\/{rel}","templated":true}]}}