{"id":4430,"date":"2018-11-23T11:57:14","date_gmt":"2018-11-23T09:57:14","guid":{"rendered":"https:\/\/asimut.com\/royal-college-of-music-london\/"},"modified":"2019-02-18T10:35:57","modified_gmt":"2019-02-18T09:35:57","slug":"royal-college-of-music-london","status":"publish","type":"page","link":"https:\/\/asimut.com\/de\/kundenstimmen\/royal-college-of-music-london\/","title":{"rendered":"Royal College of Music, London"},"content":{"rendered":"<p><div class=\"fusion-fullwidth fullwidth-box fusion-builder-row-1 nonhundred-percent-fullwidth non-hundred-percent-height-scrolling asimut-alt-bg\" style=\"--awb-border-radius-top-left:0px;--awb-border-radius-top-right:0px;--awb-border-radius-bottom-right:0px;--awb-border-radius-bottom-left:0px;--awb-flex-wrap:wrap;\" ><div class=\"fusion-builder-row fusion-row\"><div class=\"fusion-layout-column fusion_builder_column fusion-builder-column-0 fusion_builder_column_2_3 2_3 fusion-two-third fusion-column-first\" style=\"--awb-bg-size:cover;width:66.666666666667%;width:calc(66.666666666667% - ( ( 4% ) * 0.66666666666667 ) );margin-right: 4%;\"><div class=\"fusion-column-wrapper fusion-flex-column-wrapper-legacy\"><div class=\"fusion-title title fusion-title-1 fusion-sep-none fusion-title-text fusion-title-size-two\"><h2 class=\"fusion-title-heading title-heading-left fusion-responsive-typography-calculated\" style=\"margin:0;--fontSize:38;line-height:1.4;\">Royal College of Music, London<\/h2><\/div><div class=\"fusion-text fusion-text-1\"><p>Als eine der weltweit f\u00fchrenden Schulen f\u00fcr klassische Musik setzt das RCM den h\u00f6chsten Standard f\u00fcr jeden Aspekt des Betriebs einer Schule f\u00fcr darstellende Kunst, in der alte Traditionen mit modernster Technologie Hand in Hand gehen.<\/p>\n<p>Vor mehr als zehn Jahren war das Royal College of Music einer der ersten ASIMUT-Nutzer und ist bis heute ein rundum zufriedener Kunde.<\/p>\n<\/div><div class=\"fusion-clearfix\"><\/div><\/div><\/div><div class=\"fusion-layout-column fusion_builder_column fusion-builder-column-1 fusion_builder_column_1_3 1_3 fusion-one-third fusion-column-last\" style=\"--awb-bg-size:cover;width:33.333333333333%;width:calc(33.333333333333% - ( ( 4% ) * 0.33333333333333 ) );\"><div class=\"fusion-column-wrapper fusion-flex-column-wrapper-legacy\"><div class=\"fusion-image-element in-legacy-container\" style=\"--awb-caption-title-font-family:var(--h2_typography-font-family);--awb-caption-title-font-weight:var(--h2_typography-font-weight);--awb-caption-title-font-style:var(--h2_typography-font-style);--awb-caption-title-size:var(--h2_typography-font-size);--awb-caption-title-transform:var(--h2_typography-text-transform);--awb-caption-title-line-height:var(--h2_typography-line-height);--awb-caption-title-letter-spacing:var(--h2_typography-letter-spacing);\"><span class=\" fusion-imageframe imageframe-none imageframe-1 hover-type-none\"><img title=\"RCM-logo-web\" alt class=\"img-responsive wp-image-3639\"\/><\/span><\/div><div class=\"fusion-clearfix\"><\/div><\/div><\/div><\/div><\/div><div class=\"fusion-fullwidth fullwidth-box fusion-builder-row-2 nonhundred-percent-fullwidth non-hundred-percent-height-scrolling\" style=\"--awb-border-radius-top-left:0px;--awb-border-radius-top-right:0px;--awb-border-radius-bottom-right:0px;--awb-border-radius-bottom-left:0px;--awb-flex-wrap:wrap;\" ><div class=\"fusion-builder-row fusion-row\"><div class=\"fusion-layout-column fusion_builder_column fusion-builder-column-2 fusion_builder_column_1_2 1_2 fusion-one-half fusion-column-first\" style=\"--awb-bg-size:cover;width:50%;width:calc(50% - ( ( 4% ) * 0.5 ) );margin-right: 4%;\"><div class=\"fusion-column-wrapper fusion-flex-column-wrapper-legacy\"><div class=\"fusion-video fusion-vimeo\" style=\"--awb-max-width:600px;--awb-max-height:360px;\"><div class=\"video-shortcode\"><div class=\"fluid-width-video-wrapper\" style=\"padding-top:60%;\" ><iframe title=\"Vimeo video player 1\" src=\"https:\/\/player.vimeo.com\/video\/114289105?autoplay=0&amp;autopause=0\" width=\"600\" height=\"360\" allowfullscreen allow=\"autoplay; fullscreen\"><\/iframe><\/div><\/div><\/div><div class=\"fusion-clearfix\"><\/div><\/div><\/div><div class=\"fusion-layout-column fusion_builder_column fusion-builder-column-3 fusion_builder_column_1_2 1_2 fusion-one-half fusion-column-last\" style=\"--awb-bg-size:cover;width:50%;width:calc(50% - ( ( 4% ) * 0.5 ) );\"><div class=\"fusion-column-wrapper fusion-flex-column-wrapper-legacy\"><div class=\"fusion-video fusion-vimeo\" style=\"--awb-max-width:600px;--awb-max-height:360px;\"><div class=\"video-shortcode\"><div class=\"fluid-width-video-wrapper\" style=\"padding-top:60%;\" ><iframe title=\"Vimeo video player 2\" src=\"https:\/\/player.vimeo.com\/video\/302034157?autoplay=0&amp;autopause=0\" width=\"600\" height=\"360\" allowfullscreen allow=\"autoplay; fullscreen\"><\/iframe><\/div><\/div><\/div><div class=\"fusion-clearfix\"><\/div><\/div><\/div><\/div><\/div><\/p>\n","protected":false},"excerpt":{"rendered":"","protected":false},"author":2,"featured_media":0,"parent":6343,"menu_order":0,"comment_status":"closed","ping_status":"closed","template":"100-width.php","meta":{"footnotes":""},"class_list":["post-4430","page","type-page","status-publish","hentry"],"yoast_head":"<!-- This site is optimized with the Yoast SEO plugin v27.3 - https:\/\/yoast.com\/product\/yoast-seo-wordpress\/ -->\n<title>Royal College of Music, London - ASIMUT software<\/title>\n<meta name=\"robots\" content=\"index, follow, max-snippet:-1, max-image-preview:large, max-video-preview:-1\" \/>\n<link rel=\"canonical\" href=\"https:\/\/asimut.com\/de\/kundenstimmen\/royal-college-of-music-london\/\" \/>\n<meta property=\"og:locale\" content=\"de_DE\" \/>\n<meta property=\"og:type\" content=\"article\" \/>\n<meta property=\"og:title\" content=\"Royal College of Music, London - ASIMUT software\" \/>\n<meta property=\"og:url\" content=\"https:\/\/asimut.com\/de\/kundenstimmen\/royal-college-of-music-london\/\" \/>\n<meta property=\"og:site_name\" content=\"ASIMUT software\" \/>\n<meta property=\"article:modified_time\" content=\"2019-02-18T09:35:57+00:00\" \/>\n<meta name=\"twitter:card\" content=\"summary_large_image\" \/>\n<meta name=\"twitter:label1\" content=\"Gesch\u00e4tzte Lesezeit\" \/>\n\t<meta name=\"twitter:data1\" content=\"3\u00a0Minuten\" \/>\n<script type=\"application\/ld+json\" class=\"yoast-schema-graph\">{\"@context\":\"https:\\\/\\\/schema.org\",\"@graph\":[{\"@type\":\"WebPage\",\"@id\":\"https:\\\/\\\/asimut.com\\\/de\\\/kundenstimmen\\\/royal-college-of-music-london\\\/\",\"url\":\"https:\\\/\\\/asimut.com\\\/de\\\/kundenstimmen\\\/royal-college-of-music-london\\\/\",\"name\":\"Royal College of Music, London - ASIMUT software\",\"isPartOf\":{\"@id\":\"https:\\\/\\\/asimut.com\\\/es\\\/#website\"},\"datePublished\":\"2018-11-23T09:57:14+00:00\",\"dateModified\":\"2019-02-18T09:35:57+00:00\",\"breadcrumb\":{\"@id\":\"https:\\\/\\\/asimut.com\\\/de\\\/kundenstimmen\\\/royal-college-of-music-london\\\/#breadcrumb\"},\"inLanguage\":\"de\",\"potentialAction\":[{\"@type\":\"ReadAction\",\"target\":[\"https:\\\/\\\/asimut.com\\\/de\\\/kundenstimmen\\\/royal-college-of-music-london\\\/\"]}]},{\"@type\":\"BreadcrumbList\",\"@id\":\"https:\\\/\\\/asimut.com\\\/de\\\/kundenstimmen\\\/royal-college-of-music-london\\\/#breadcrumb\",\"itemListElement\":[{\"@type\":\"ListItem\",\"position\":1,\"name\":\"Home\",\"item\":\"https:\\\/\\\/asimut.com\\\/de\\\/home\\\/\"},{\"@type\":\"ListItem\",\"position\":2,\"name\":\"Kundenstimmen\",\"item\":\"https:\\\/\\\/asimut.com\\\/de\\\/kundenstimmen\\\/\"},{\"@type\":\"ListItem\",\"position\":3,\"name\":\"Royal College of Music, London\"}]},{\"@type\":\"WebSite\",\"@id\":\"https:\\\/\\\/asimut.com\\\/es\\\/#website\",\"url\":\"https:\\\/\\\/asimut.com\\\/es\\\/\",\"name\":\"ASIMUT software\",\"description\":\"Verwendet von den besten Hochschulen f\u00fcr Musik, Theater und K\u00fcnste\",\"publisher\":{\"@id\":\"https:\\\/\\\/asimut.com\\\/es\\\/#organization\"},\"potentialAction\":[{\"@type\":\"SearchAction\",\"target\":{\"@type\":\"EntryPoint\",\"urlTemplate\":\"https:\\\/\\\/asimut.com\\\/es\\\/?s={search_term_string}\"},\"query-input\":{\"@type\":\"PropertyValueSpecification\",\"valueRequired\":true,\"valueName\":\"search_term_string\"}}],\"inLanguage\":\"de\"},{\"@type\":\"Organization\",\"@id\":\"https:\\\/\\\/asimut.com\\\/es\\\/#organization\",\"name\":\"ASIMUT software\",\"url\":\"https:\\\/\\\/asimut.com\\\/es\\\/\",\"logo\":{\"@type\":\"ImageObject\",\"inLanguage\":\"de\",\"@id\":\"https:\\\/\\\/asimut.com\\\/es\\\/#\\\/schema\\\/logo\\\/image\\\/\",\"url\":\"https:\\\/\\\/asimut.com\\\/wp-content\\\/uploads\\\/2017\\\/10\\\/A4-logo-horisontal.svg\",\"contentUrl\":\"https:\\\/\\\/asimut.com\\\/wp-content\\\/uploads\\\/2017\\\/10\\\/A4-logo-horisontal.svg\",\"width\":111.2,\"height\":15.2,\"caption\":\"ASIMUT software\"},\"image\":{\"@id\":\"https:\\\/\\\/asimut.com\\\/es\\\/#\\\/schema\\\/logo\\\/image\\\/\"},\"sameAs\":[\"https:\\\/\\\/www.linkedin.com\\\/company\\\/337884\\\/\"]}]}<\/script>\n<!-- \/ Yoast SEO plugin. -->","yoast_head_json":{"title":"Royal College of Music, London - ASIMUT software","robots":{"index":"index","follow":"follow","max-snippet":"max-snippet:-1","max-image-preview":"max-image-preview:large","max-video-preview":"max-video-preview:-1"},"canonical":"https:\/\/asimut.com\/de\/kundenstimmen\/royal-college-of-music-london\/","og_locale":"de_DE","og_type":"article","og_title":"Royal College of Music, London - ASIMUT software","og_url":"https:\/\/asimut.com\/de\/kundenstimmen\/royal-college-of-music-london\/","og_site_name":"ASIMUT software","article_modified_time":"2019-02-18T09:35:57+00:00","twitter_card":"summary_large_image","twitter_misc":{"Gesch\u00e4tzte Lesezeit":"3\u00a0Minuten"},"schema":{"@context":"https:\/\/schema.org","@graph":[{"@type":"WebPage","@id":"https:\/\/asimut.com\/de\/kundenstimmen\/royal-college-of-music-london\/","url":"https:\/\/asimut.com\/de\/kundenstimmen\/royal-college-of-music-london\/","name":"Royal College of Music, London - ASIMUT software","isPartOf":{"@id":"https:\/\/asimut.com\/es\/#website"},"datePublished":"2018-11-23T09:57:14+00:00","dateModified":"2019-02-18T09:35:57+00:00","breadcrumb":{"@id":"https:\/\/asimut.com\/de\/kundenstimmen\/royal-college-of-music-london\/#breadcrumb"},"inLanguage":"de","potentialAction":[{"@type":"ReadAction","target":["https:\/\/asimut.com\/de\/kundenstimmen\/royal-college-of-music-london\/"]}]},{"@type":"BreadcrumbList","@id":"https:\/\/asimut.com\/de\/kundenstimmen\/royal-college-of-music-london\/#breadcrumb","itemListElement":[{"@type":"ListItem","position":1,"name":"Home","item":"https:\/\/asimut.com\/de\/home\/"},{"@type":"ListItem","position":2,"name":"Kundenstimmen","item":"https:\/\/asimut.com\/de\/kundenstimmen\/"},{"@type":"ListItem","position":3,"name":"Royal College of Music, London"}]},{"@type":"WebSite","@id":"https:\/\/asimut.com\/es\/#website","url":"https:\/\/asimut.com\/es\/","name":"ASIMUT software","description":"Verwendet von den besten Hochschulen f\u00fcr Musik, Theater und K\u00fcnste","publisher":{"@id":"https:\/\/asimut.com\/es\/#organization"},"potentialAction":[{"@type":"SearchAction","target":{"@type":"EntryPoint","urlTemplate":"https:\/\/asimut.com\/es\/?s={search_term_string}"},"query-input":{"@type":"PropertyValueSpecification","valueRequired":true,"valueName":"search_term_string"}}],"inLanguage":"de"},{"@type":"Organization","@id":"https:\/\/asimut.com\/es\/#organization","name":"ASIMUT software","url":"https:\/\/asimut.com\/es\/","logo":{"@type":"ImageObject","inLanguage":"de","@id":"https:\/\/asimut.com\/es\/#\/schema\/logo\/image\/","url":"https:\/\/asimut.com\/wp-content\/uploads\/2017\/10\/A4-logo-horisontal.svg","contentUrl":"https:\/\/asimut.com\/wp-content\/uploads\/2017\/10\/A4-logo-horisontal.svg","width":111.2,"height":15.2,"caption":"ASIMUT software"},"image":{"@id":"https:\/\/asimut.com\/es\/#\/schema\/logo\/image\/"},"sameAs":["https:\/\/www.linkedin.com\/company\/337884\/"]}]}},"_links":{"self":[{"href":"https:\/\/asimut.com\/de\/wp-json\/wp\/v2\/pages\/4430","targetHints":{"allow":["GET"]}}],"collection":[{"href":"https:\/\/asimut.com\/de\/wp-json\/wp\/v2\/pages"}],"about":[{"href":"https:\/\/asimut.com\/de\/wp-json\/wp\/v2\/types\/page"}],"author":[{"embeddable":true,"href":"https:\/\/asimut.com\/de\/wp-json\/wp\/v2\/users\/2"}],"replies":[{"embeddable":true,"href":"https:\/\/asimut.com\/de\/wp-json\/wp\/v2\/comments?post=4430"}],"version-history":[{"count":0,"href":"https:\/\/asimut.com\/de\/wp-json\/wp\/v2\/pages\/4430\/revisions"}],"up":[{"embeddable":true,"href":"https:\/\/asimut.com\/de\/wp-json\/wp\/v2\/pages\/6343"}],"wp:attachment":[{"href":"https:\/\/asimut.com\/de\/wp-json\/wp\/v2\/media?parent=4430"}],"curies":[{"name":"wp","href":"https:\/\/api.w.org\/{rel}","templated":true}]}}