{"id":4613,"date":"2018-11-25T23:49:42","date_gmt":"2018-11-25T21:49:42","guid":{"rendered":"https:\/\/asimut.com\/unser-produkt\/"},"modified":"2023-08-31T14:43:28","modified_gmt":"2023-08-31T12:43:28","slug":"unser-produkt","status":"publish","type":"page","link":"https:\/\/asimut.com\/de\/unser-produkt\/","title":{"rendered":"Stundenplanung, Raumbuchung und Veranstaltungsmanagement"},"content":{"rendered":"<p><div class=\"fusion-fullwidth fullwidth-box fusion-builder-row-1 nonhundred-percent-fullwidth non-hundred-percent-height-scrolling asimut-alt-bg\" style=\"--awb-border-radius-top-left:0px;--awb-border-radius-top-right:0px;--awb-border-radius-bottom-right:0px;--awb-border-radius-bottom-left:0px;--awb-flex-wrap:wrap;\" ><div class=\"fusion-builder-row fusion-row\"><div class=\"fusion-layout-column fusion_builder_column fusion-builder-column-0 fusion_builder_column_1_2 1_2 fusion-one-half fusion-column-first\" style=\"--awb-bg-size:cover;width:50%;width:calc(50% - ( ( 4% ) * 0.5 ) );margin-right: 4%;\"><div class=\"fusion-column-wrapper fusion-flex-column-wrapper-legacy\"><div class=\"fusion-title title fusion-title-1 fusion-sep-none fusion-title-text fusion-title-size-one\"><h1 class=\"fusion-title-heading title-heading-left fusion-responsive-typography-calculated\" style=\"margin:0;--fontSize:42;line-height:1.4;\">Konzipiert f\u00fcr die sch\u00f6nen K\u00fcnste<\/h1><\/div><div class=\"fusion-text fusion-text-1\"><p><em>&#8222;ASIMUT ist bei weitem die efffizienteste Art und Weise, all unsere Informationen zu verwalten.&#8220;<\/em><\/p>\n<\/div><div class=\"fusion-text fusion-text-2\"><p>Natasha Loges,<br \/>\nRoyal College of Music, London (GB)<\/p>\n<\/div><div class=\"fusion-clearfix\"><\/div><\/div><\/div><div class=\"fusion-layout-column fusion_builder_column fusion-builder-column-1 fusion_builder_column_1_2 1_2 fusion-one-half fusion-column-last asimut-youtube\" style=\"--awb-bg-size:cover;width:50%;width:calc(50% - ( ( 4% ) * 0.5 ) );\"><div class=\"fusion-column-wrapper fusion-column-has-shadow fusion-flex-column-wrapper-legacy\"><iframe src=\"https:\/\/www.youtube.com\/embed\/ltQZi5l1nqc?modestbranding=1&rel=0&iv_load_policy=3&cc_load_policy=1&cc_lang_pref=de&hl=de\" allowfullscreen frameborder=\"0\"><\/iframe><div class=\"fusion-clearfix\"><\/div><\/div><\/div><\/div><\/div><div class=\"fusion-fullwidth fullwidth-box fusion-builder-row-2 nonhundred-percent-fullwidth non-hundred-percent-height-scrolling\" style=\"--awb-border-radius-top-left:0px;--awb-border-radius-top-right:0px;--awb-border-radius-bottom-right:0px;--awb-border-radius-bottom-left:0px;--awb-flex-wrap:wrap;\" ><div class=\"fusion-builder-row fusion-row\"><div class=\"fusion-layout-column fusion_builder_column fusion-builder-column-2 fusion_builder_column_1_4 1_4 fusion-one-fourth fusion-column-first\" style=\"--awb-bg-size:cover;width:25%;width:calc(25% - ( ( 4% + 4% ) * 0.25 ) );margin-right: 4%;\"><div class=\"fusion-column-wrapper fusion-flex-column-wrapper-legacy\"><div class=\"fusion-clearfix\"><\/div><\/div><\/div><div class=\"fusion-layout-column fusion_builder_column fusion-builder-column-3 fusion_builder_column_1_2 1_2 fusion-one-half\" style=\"--awb-bg-size:cover;width:50%;width:calc(50% - ( ( 4% + 4% ) * 0.5 ) );margin-right: 4%;\"><div class=\"fusion-column-wrapper fusion-flex-column-wrapper-legacy\"><div class=\"fusion-title title fusion-title-2 fusion-sep-none fusion-title-center fusion-title-text fusion-title-size-two\"><h2 class=\"fusion-title-heading title-heading-center fusion-responsive-typography-calculated\" style=\"margin:0;--fontSize:38;line-height:1.4;\">Wenn eins mehr als drei ist<\/h2><\/div><div class=\"fusion-text fusion-text-3\"><p style=\"text-align: center;\">ASIMUT ist das erste und einzige System, das f\u00fcr die Planung der Lehre in den sch\u00f6nen K\u00fcnsten konzipiert ist. Durch die Kombination von Raumbuchung, Stundenplanung und Veranstaltungsmanagement in nur einem System wird es die Komplexit\u00e4t Ihrer Organisation verringern und bedeutet f\u00fcr Studierende, Lehrende und Angestellte wahren Zeitgewinn.<\/p>\n<\/div><div class=\"fusion-clearfix\"><\/div><\/div><\/div><div class=\"fusion-layout-column fusion_builder_column fusion-builder-column-4 fusion_builder_column_1_4 1_4 fusion-one-fourth fusion-column-last\" style=\"--awb-bg-size:cover;width:25%;width:calc(25% - ( ( 4% + 4% ) * 0.25 ) );\"><div class=\"fusion-column-wrapper fusion-flex-column-wrapper-legacy\"><div class=\"fusion-clearfix\"><\/div><\/div><\/div><div class=\"fusion-layout-column fusion_builder_column fusion-builder-column-5 fusion_builder_column_1_1 1_1 fusion-one-full fusion-column-first fusion-column-last asimut-alt-bg\" style=\"--awb-padding-top:60px;--awb-padding-right:20px;--awb-padding-left:20px;--awb-bg-size:cover;\"><div class=\"fusion-column-wrapper fusion-flex-column-wrapper-legacy\"><div class=\"fusion-builder-row fusion-builder-row-inner fusion-row\"><div class=\"fusion-layout-column fusion_builder_column_inner fusion-builder-nested-column-0 fusion_builder_column_inner_1_3 1_3 fusion-one-third fusion-column-first\" style=\"--awb-bg-size:cover;width:33.333333333333%;width:calc(33.333333333333% - ( ( 4% + 4% ) * 0.33333333333333 ) );margin-right: 4%;\"><div class=\"fusion-column-wrapper fusion-flex-column-wrapper-legacy\"><div class=\"fusion-fa-align-center\"><i class=\"fb-icon-element-1 fb-icon-element fontawesome-icon fa-calendar-alt far circle-no fusion-no-small-visibility\" style=\"--awb-iconcolor:#333333;--awb-iconcolor-hover:#333333;--awb-font-size:48px;\"><\/i><\/div><div class=\"fusion-fa-align-center\"><i class=\"fb-icon-element-2 fb-icon-element fontawesome-icon fa-calendar-alt far circle-no fusion-no-medium-visibility fusion-no-large-visibility\" style=\"--awb-iconcolor:#333333;--awb-iconcolor-hover:#333333;--awb-font-size:40px;--awb-margin-bottom:12px;\"><\/i><\/div><div class=\"fusion-title title fusion-title-3 fusion-sep-none fusion-title-center fusion-title-text fusion-title-size-three\"><h3 class=\"fusion-title-heading title-heading-center fusion-responsive-typography-calculated\" style=\"margin:0;--fontSize:28;line-height:1.5;\">Stundenplanung<\/h3><\/div><div class=\"fusion-text fusion-text-4\"><p style=\"text-align: center;\">Die Stundenplanung in den sch\u00f6nen K\u00fcnsten ist eine Kunst an sich. ASIMUT handhabt die komplexe, individuelle und im stetigen Wandel begriffene Natur Ihrer Stundenpl\u00e4ne. Wir kennen und verstehen Ihre Herausforderungen, denn viele von uns haben im Bereich der sch\u00f6nen K\u00fcnste gearbeitet oder studiert.<\/p>\n<\/div><div class=\"fusion-aligncenter\"><a class=\"fusion-button button-flat button-large button-default fusion-button-default button-1 fusion-button-default-span fusion-button-default-type\" target=\"_self\" href=\"https:\/\/asimut.com\/de\/unser-produkt\/stundenplanung\/\"><span class=\"fusion-button-text awb-button__text awb-button__text--default\">Mehr lesen<\/span><\/a><\/div><div class=\"fusion-clearfix\"><\/div><\/div><\/div><div class=\"fusion-layout-column fusion_builder_column_inner fusion-builder-nested-column-1 fusion_builder_column_inner_1_3 1_3 fusion-one-third\" style=\"--awb-bg-size:cover;width:33.333333333333%;width:calc(33.333333333333% - ( ( 4% + 4% ) * 0.33333333333333 ) );margin-right: 4%;\"><div class=\"fusion-column-wrapper fusion-flex-column-wrapper-legacy\"><div class=\"fusion-fa-align-center\"><i class=\"fb-icon-element-3 fb-icon-element fontawesome-icon fa-door-open fas circle-no fusion-no-small-visibility\" style=\"--awb-iconcolor:#333333;--awb-iconcolor-hover:#333333;--awb-font-size:48px;\"><\/i><\/div><div class=\"fusion-fa-align-center\"><i class=\"fb-icon-element-4 fb-icon-element fontawesome-icon fa-door-open fas circle-no fusion-no-medium-visibility fusion-no-large-visibility\" style=\"--awb-iconcolor:#333333;--awb-iconcolor-hover:#333333;--awb-font-size:40px;--awb-margin-bottom:12px;\"><\/i><\/div><div class=\"fusion-title title fusion-title-4 fusion-sep-none fusion-title-center fusion-title-text fusion-title-size-three\"><h3 class=\"fusion-title-heading title-heading-center fusion-responsive-typography-calculated\" style=\"margin:0;--fontSize:28;line-height:1.5;\">Raumbuchung<\/h3><\/div><div class=\"fusion-text fusion-text-5\"><p style=\"text-align: center;\">Ersetzen Sie die ewigen Schlangen von Studierenden vor der Rezeption mit dem online Selbstbedienungsportal f\u00fcr die Raumbuchung in ASIMUT. Gestalten Sie ma\u00dfgeschneiderte Regeln, die einen fairen und gleichberechtigten Zugang zu R\u00e4umen erm\u00f6glichen, und optimieren Sie Ihre Raumnutzung.<\/p>\n<\/div><div class=\"fusion-aligncenter\"><a class=\"fusion-button button-flat button-large button-default fusion-button-default button-2 fusion-button-default-span fusion-button-default-type\" target=\"_self\" href=\"https:\/\/asimut.com\/de\/unser-produkt\/raumbuchung\/\"><span class=\"fusion-button-text awb-button__text awb-button__text--default\">Mehr lesen<\/span><\/a><\/div><div class=\"fusion-clearfix\"><\/div><\/div><\/div><div class=\"fusion-layout-column fusion_builder_column_inner fusion-builder-nested-column-2 fusion_builder_column_inner_1_3 1_3 fusion-one-third fusion-column-last\" style=\"--awb-bg-size:cover;width:33.333333333333%;width:calc(33.333333333333% - ( ( 4% + 4% ) * 0.33333333333333 ) );\"><div class=\"fusion-column-wrapper fusion-flex-column-wrapper-legacy\"><div class=\"fusion-fa-align-center\"><i class=\"fb-icon-element-5 fb-icon-element fontawesome-icon fa-theater-masks fas circle-no fusion-no-small-visibility\" style=\"--awb-iconcolor:#333333;--awb-iconcolor-hover:#333333;--awb-font-size:48px;\"><\/i><\/div><div class=\"fusion-fa-align-center\"><i class=\"fb-icon-element-6 fb-icon-element fontawesome-icon fa-theater-masks fas circle-no fusion-no-medium-visibility fusion-no-large-visibility\" style=\"--awb-iconcolor:#333333;--awb-iconcolor-hover:#333333;--awb-font-size:40px;--awb-margin-bottom:12px;\"><\/i><\/div><div class=\"fusion-title title fusion-title-5 fusion-sep-none fusion-title-center fusion-title-text fusion-title-size-three\"><h3 class=\"fusion-title-heading title-heading-center fusion-responsive-typography-calculated\" style=\"margin:0;--fontSize:28;line-height:1.5;\">Veranstaltungsmanagement<\/h3><\/div><div class=\"fusion-text fusion-text-6\"><p style=\"text-align: center;\">Machen Sie das Veranstaltungsmanagement zum Teil Ihrer allgemeinen Planung und speichern Sie alle Details zu Ihren Veranstaltungen in ASIMUT. Kommunizieren Sie damit verbundene Aufgaben im System und halten Sie alle \u00fcber \u00c4nderungen auf dem Laufenden &#8211; bis hin zur allerletzten Minute.<\/p>\n<\/div><div class=\"fusion-aligncenter\"><a class=\"fusion-button button-flat button-large button-default fusion-button-default button-3 fusion-button-default-span fusion-button-default-type\" target=\"_self\" href=\"https:\/\/asimut.com\/de\/unser-produkt\/veranstaltungsmanagement\/\"><span class=\"fusion-button-text awb-button__text awb-button__text--default\">Mehr lesen<\/span><\/a><\/div><div class=\"fusion-clearfix\"><\/div><\/div><\/div><\/div><div class=\"fusion-clearfix\"><\/div><\/div><\/div><\/div><\/div><div class=\"fusion-fullwidth fullwidth-box fusion-builder-row-3 nonhundred-percent-fullwidth non-hundred-percent-height-scrolling asimut-blue-bg\" style=\"--awb-border-radius-top-left:0px;--awb-border-radius-top-right:0px;--awb-border-radius-bottom-right:0px;--awb-border-radius-bottom-left:0px;--awb-background-color:#00253f;--awb-flex-wrap:wrap;\" ><div class=\"fusion-builder-row fusion-row\"><div class=\"fusion-layout-column fusion_builder_column fusion-builder-column-6 fusion_builder_column_2_3 2_3 fusion-two-third fusion-column-first\" style=\"--awb-bg-size:cover;width:66.666666666667%;width:calc(66.666666666667% - ( ( 4% ) * 0.66666666666667 ) );margin-right: 4%;\"><div class=\"fusion-column-wrapper fusion-flex-column-wrapper-legacy\"><div class=\"fusion-title title fusion-title-6 fusion-sep-none fusion-title-text fusion-title-size-two\"><h2 class=\"fusion-title-heading title-heading-left fusion-responsive-typography-calculated\" style=\"margin:0;--fontSize:38;line-height:1.4;\">Buchen Sie eine Demo<\/h2><\/div><div class=\"fusion-text fusion-text-7\"><p>M\u00f6chten Sie mehr \u00fcber ASIMUT wissen und herausfinden, wie es Ihrer Hochschule nutzen kann?<br \/>\nBuchen Sie hier eine kostenlose Online-Demo von ASIMUT!<\/p>\n<\/div><div class=\"fusion-clearfix\"><\/div><\/div><\/div><div class=\"fusion-layout-column fusion_builder_column fusion-builder-column-7 fusion_builder_column_1_3 1_3 fusion-one-third fusion-column-last\" style=\"--awb-bg-size:cover;--awb-margin-top:20px;width:33.333333333333%;width:calc(33.333333333333% - ( ( 4% ) * 0.33333333333333 ) );\"><div class=\"fusion-column-wrapper fusion-flex-column-wrapper-legacy\"><div class=\"fusion-alignleft\"><a class=\"fusion-button button-flat fusion-button-default-size button-default fusion-button-default button-4 fusion-button-default-span fusion-button-default-type\" target=\"_self\" title=\"Demo buchen\" aria-label=\"Demo buchen\" href=\"https:\/\/asimut.com\/de\/demo-buchen\/\"><span class=\"fusion-button-text awb-button__text awb-button__text--default\">Demo buchen<\/span><\/a><\/div><div class=\"fusion-clearfix\"><\/div><\/div><\/div><\/div><\/div><div class=\"fusion-fullwidth fullwidth-box fusion-builder-row-4 nonhundred-percent-fullwidth non-hundred-percent-height-scrolling\" style=\"--awb-border-radius-top-left:0px;--awb-border-radius-top-right:0px;--awb-border-radius-bottom-right:0px;--awb-border-radius-bottom-left:0px;--awb-flex-wrap:wrap;\" ><div class=\"fusion-builder-row fusion-row\"><div class=\"fusion-layout-column fusion_builder_column fusion-builder-column-8 fusion_builder_column_1_2 1_2 fusion-one-half fusion-column-first\" style=\"--awb-bg-size:cover;width:50%;width:calc(50% - ( ( 4% ) * 0.5 ) );margin-right: 4%;\"><div class=\"fusion-column-wrapper fusion-flex-column-wrapper-legacy\"><div class=\"fusion-image-element in-legacy-container\" style=\"--awb-max-width:600px;--awb-caption-title-font-family:var(--h2_typography-font-family);--awb-caption-title-font-weight:var(--h2_typography-font-weight);--awb-caption-title-font-style:var(--h2_typography-font-style);--awb-caption-title-size:var(--h2_typography-font-size);--awb-caption-title-transform:var(--h2_typography-text-transform);--awb-caption-title-line-height:var(--h2_typography-line-height);--awb-caption-title-letter-spacing:var(--h2_typography-letter-spacing);\"><span class=\" fusion-imageframe imageframe-none imageframe-1 hover-type-none\"><img decoding=\"async\" width=\"1024\" height=\"573\" alt=\"Eine erhobene Hand f\u00fcr eine Frage zu ASIMUT\" title=\"UGM2018 0322\" src=\"https:\/\/asimut.com\/wp-content\/uploads\/2018\/10\/UGM2018-0322-e1540370621707-1024x573.jpg\" class=\"img-responsive wp-image-2954\"\/><\/span><\/div><div class=\"fusion-clearfix\"><\/div><\/div><\/div><div class=\"fusion-layout-column fusion_builder_column fusion-builder-column-9 fusion_builder_column_1_2 1_2 fusion-one-half fusion-column-last\" style=\"--awb-bg-size:cover;width:50%;width:calc(50% - ( ( 4% ) * 0.5 ) );\"><div class=\"fusion-column-wrapper fusion-flex-column-wrapper-legacy\"><div class=\"fusion-title title fusion-title-7 fusion-sep-none fusion-title-text fusion-title-size-two\"><h2 class=\"fusion-title-heading title-heading-left fusion-responsive-typography-calculated\" style=\"margin:0;--fontSize:38;line-height:1.4;\">N\u00e4chste Schritte<\/h2><\/div><div class=\"fusion-text fusion-text-8\"><p>ASIMUT wird Ihre Planung und Kommunikation grundlegend verbessern. Lassen Sie uns herausfinden, wie Sie am besten vom System profitieren k\u00f6nnen, und lassen Sie sich von uns durch die n\u00e4chsten Schritte f\u00fchren.<\/p>\n<\/div><div class=\"fusion-button-wrapper\"><a class=\"fusion-button button-flat button-large button-default fusion-button-default button-5 fusion-button-default-span fusion-button-default-type\" target=\"_self\" href=\"https:\/\/asimut.com\/de\/einstieg\/\"><span class=\"fusion-button-text awb-button__text awb-button__text--default\">Mehr lesen<\/span><\/a><\/div><div class=\"fusion-clearfix\"><\/div><\/div><\/div><\/div><\/div><div class=\"fusion-fullwidth fullwidth-box fusion-builder-row-5 nonhundred-percent-fullwidth non-hundred-percent-height-scrolling\" style=\"--awb-border-radius-top-left:0px;--awb-border-radius-top-right:0px;--awb-border-radius-bottom-right:0px;--awb-border-radius-bottom-left:0px;--awb-flex-wrap:wrap;\" ><div class=\"fusion-builder-row fusion-row\"><div class=\"fusion-layout-column fusion_builder_column fusion-builder-column-10 fusion_builder_column_1_2 1_2 fusion-one-half fusion-column-first\" style=\"--awb-bg-size:cover;width:50%;width:calc(50% - ( ( 4% ) * 0.5 ) );margin-right: 4%;\"><div class=\"fusion-column-wrapper fusion-flex-column-wrapper-legacy\"><div class=\"fusion-title title fusion-title-8 fusion-sep-none fusion-title-text fusion-title-size-two\"><h2 class=\"fusion-title-heading title-heading-left fusion-responsive-typography-calculated\" style=\"margin:0;--fontSize:38;line-height:1.4;\">Hier sind Ihre Daten sicher!<\/h2><\/div><div class=\"fusion-text fusion-text-9\"><p>Uns liegt der Schutz Ihrer Daten am Herzen, und wir sind stolz auf unsere makellose Bilanz im Datenschutz. Unsere Datenverarbeitung ist konform mit der DSGVO und den FERPA-Regelungen. Um sicherzustellen, dass wir auch allen anderen relevanten Gesetzen und Verordnungen nachkommen, sind wir ein ISAE 3000 gepr\u00fcftes Unternehmen. Seien Sie also unbesorgt, dass Ihre Daten bei uns sicher sind.<\/p>\n<\/div><div class=\"fusion-clearfix\"><\/div><\/div><\/div><div class=\"fusion-layout-column fusion_builder_column fusion-builder-column-11 fusion_builder_column_1_2 1_2 fusion-one-half fusion-column-last\" style=\"--awb-bg-size:cover;width:50%;width:calc(50% - ( ( 4% ) * 0.5 ) );\"><div class=\"fusion-column-wrapper fusion-flex-column-wrapper-legacy\"><div class=\"fusion-image-element in-legacy-container\" style=\"--awb-max-width:600px;--awb-caption-title-font-family:var(--h2_typography-font-family);--awb-caption-title-font-weight:var(--h2_typography-font-weight);--awb-caption-title-font-style:var(--h2_typography-font-style);--awb-caption-title-size:var(--h2_typography-font-size);--awb-caption-title-transform:var(--h2_typography-text-transform);--awb-caption-title-line-height:var(--h2_typography-line-height);--awb-caption-title-letter-spacing:var(--h2_typography-letter-spacing);\"><span class=\" fusion-imageframe imageframe-none imageframe-2 hover-type-none\"><img decoding=\"async\" width=\"1024\" height=\"602\" alt=\"Documents being handed over\" title=\"Asimut Amsterdam 6563 &#8211; Copy\" src=\"https:\/\/asimut.com\/wp-content\/uploads\/2018\/11\/Asimut-Amsterdam-6563-Copy-e1541577174589-1024x602.jpg\" class=\"img-responsive wp-image-3075\"\/><\/span><\/div><div class=\"fusion-clearfix\"><\/div><\/div><\/div><\/div><\/div><\/p>\n","protected":false},"excerpt":{"rendered":"","protected":false},"author":2,"featured_media":0,"parent":0,"menu_order":20,"comment_status":"closed","ping_status":"closed","template":"100-width.php","meta":{"footnotes":""},"class_list":["post-4613","page","type-page","status-publish","hentry"],"yoast_head":"<!-- This site is optimized with the Yoast SEO plugin v26.9 - https:\/\/yoast.com\/product\/yoast-seo-wordpress\/ -->\n<title>Stundenplanung, Raumbuchung und Veranstaltungsmanagement - ASIMUT software<\/title>\n<meta name=\"robots\" content=\"index, follow, max-snippet:-1, max-image-preview:large, max-video-preview:-1\" \/>\n<link rel=\"canonical\" href=\"https:\/\/asimut.com\/de\/unser-produkt\/\" \/>\n<meta property=\"og:locale\" content=\"de_DE\" \/>\n<meta property=\"og:type\" content=\"article\" \/>\n<meta property=\"og:title\" content=\"Stundenplanung, Raumbuchung und Veranstaltungsmanagement - ASIMUT software\" \/>\n<meta property=\"og:url\" content=\"https:\/\/asimut.com\/de\/unser-produkt\/\" \/>\n<meta property=\"og:site_name\" content=\"ASIMUT software\" \/>\n<meta property=\"article:modified_time\" content=\"2023-08-31T12:43:28+00:00\" \/>\n<meta name=\"twitter:card\" content=\"summary_large_image\" \/>\n<meta name=\"twitter:label1\" content=\"Gesch\u00e4tzte Lesezeit\" \/>\n\t<meta name=\"twitter:data1\" content=\"21\u00a0Minuten\" \/>\n<script type=\"application\/ld+json\" class=\"yoast-schema-graph\">{\"@context\":\"https:\/\/schema.org\",\"@graph\":[{\"@type\":\"WebPage\",\"@id\":\"https:\/\/asimut.com\/de\/unser-produkt\/\",\"url\":\"https:\/\/asimut.com\/de\/unser-produkt\/\",\"name\":\"Stundenplanung, Raumbuchung und Veranstaltungsmanagement - ASIMUT software\",\"isPartOf\":{\"@id\":\"https:\/\/asimut.com\/es\/#website\"},\"datePublished\":\"2018-11-25T21:49:42+00:00\",\"dateModified\":\"2023-08-31T12:43:28+00:00\",\"breadcrumb\":{\"@id\":\"https:\/\/asimut.com\/de\/unser-produkt\/#breadcrumb\"},\"inLanguage\":\"de\",\"potentialAction\":[{\"@type\":\"ReadAction\",\"target\":[\"https:\/\/asimut.com\/de\/unser-produkt\/\"]}]},{\"@type\":\"BreadcrumbList\",\"@id\":\"https:\/\/asimut.com\/de\/unser-produkt\/#breadcrumb\",\"itemListElement\":[{\"@type\":\"ListItem\",\"position\":1,\"name\":\"Home\",\"item\":\"https:\/\/asimut.com\/de\/home\/\"},{\"@type\":\"ListItem\",\"position\":2,\"name\":\"Stundenplanung, Raumbuchung und Veranstaltungsmanagement\"}]},{\"@type\":\"WebSite\",\"@id\":\"https:\/\/asimut.com\/es\/#website\",\"url\":\"https:\/\/asimut.com\/es\/\",\"name\":\"ASIMUT software\",\"description\":\"Verwendet von den besten Hochschulen f\u00fcr Musik, Theater und K\u00fcnste\",\"publisher\":{\"@id\":\"https:\/\/asimut.com\/es\/#organization\"},\"potentialAction\":[{\"@type\":\"SearchAction\",\"target\":{\"@type\":\"EntryPoint\",\"urlTemplate\":\"https:\/\/asimut.com\/es\/?s={search_term_string}\"},\"query-input\":{\"@type\":\"PropertyValueSpecification\",\"valueRequired\":true,\"valueName\":\"search_term_string\"}}],\"inLanguage\":\"de\"},{\"@type\":\"Organization\",\"@id\":\"https:\/\/asimut.com\/es\/#organization\",\"name\":\"ASIMUT software\",\"url\":\"https:\/\/asimut.com\/es\/\",\"logo\":{\"@type\":\"ImageObject\",\"inLanguage\":\"de\",\"@id\":\"https:\/\/asimut.com\/es\/#\/schema\/logo\/image\/\",\"url\":\"https:\/\/asimut.com\/wp-content\/uploads\/2017\/10\/A4-logo-horisontal.svg\",\"contentUrl\":\"https:\/\/asimut.com\/wp-content\/uploads\/2017\/10\/A4-logo-horisontal.svg\",\"width\":111.2,\"height\":15.2,\"caption\":\"ASIMUT software\"},\"image\":{\"@id\":\"https:\/\/asimut.com\/es\/#\/schema\/logo\/image\/\"},\"sameAs\":[\"https:\/\/www.linkedin.com\/company\/337884\/\"]}]}<\/script>\n<!-- \/ Yoast SEO plugin. -->","yoast_head_json":{"title":"Stundenplanung, Raumbuchung und Veranstaltungsmanagement - ASIMUT software","robots":{"index":"index","follow":"follow","max-snippet":"max-snippet:-1","max-image-preview":"max-image-preview:large","max-video-preview":"max-video-preview:-1"},"canonical":"https:\/\/asimut.com\/de\/unser-produkt\/","og_locale":"de_DE","og_type":"article","og_title":"Stundenplanung, Raumbuchung und Veranstaltungsmanagement - ASIMUT software","og_url":"https:\/\/asimut.com\/de\/unser-produkt\/","og_site_name":"ASIMUT software","article_modified_time":"2023-08-31T12:43:28+00:00","twitter_card":"summary_large_image","twitter_misc":{"Gesch\u00e4tzte Lesezeit":"21\u00a0Minuten"},"schema":{"@context":"https:\/\/schema.org","@graph":[{"@type":"WebPage","@id":"https:\/\/asimut.com\/de\/unser-produkt\/","url":"https:\/\/asimut.com\/de\/unser-produkt\/","name":"Stundenplanung, Raumbuchung und Veranstaltungsmanagement - ASIMUT software","isPartOf":{"@id":"https:\/\/asimut.com\/es\/#website"},"datePublished":"2018-11-25T21:49:42+00:00","dateModified":"2023-08-31T12:43:28+00:00","breadcrumb":{"@id":"https:\/\/asimut.com\/de\/unser-produkt\/#breadcrumb"},"inLanguage":"de","potentialAction":[{"@type":"ReadAction","target":["https:\/\/asimut.com\/de\/unser-produkt\/"]}]},{"@type":"BreadcrumbList","@id":"https:\/\/asimut.com\/de\/unser-produkt\/#breadcrumb","itemListElement":[{"@type":"ListItem","position":1,"name":"Home","item":"https:\/\/asimut.com\/de\/home\/"},{"@type":"ListItem","position":2,"name":"Stundenplanung, Raumbuchung und Veranstaltungsmanagement"}]},{"@type":"WebSite","@id":"https:\/\/asimut.com\/es\/#website","url":"https:\/\/asimut.com\/es\/","name":"ASIMUT software","description":"Verwendet von den besten Hochschulen f\u00fcr Musik, Theater und K\u00fcnste","publisher":{"@id":"https:\/\/asimut.com\/es\/#organization"},"potentialAction":[{"@type":"SearchAction","target":{"@type":"EntryPoint","urlTemplate":"https:\/\/asimut.com\/es\/?s={search_term_string}"},"query-input":{"@type":"PropertyValueSpecification","valueRequired":true,"valueName":"search_term_string"}}],"inLanguage":"de"},{"@type":"Organization","@id":"https:\/\/asimut.com\/es\/#organization","name":"ASIMUT software","url":"https:\/\/asimut.com\/es\/","logo":{"@type":"ImageObject","inLanguage":"de","@id":"https:\/\/asimut.com\/es\/#\/schema\/logo\/image\/","url":"https:\/\/asimut.com\/wp-content\/uploads\/2017\/10\/A4-logo-horisontal.svg","contentUrl":"https:\/\/asimut.com\/wp-content\/uploads\/2017\/10\/A4-logo-horisontal.svg","width":111.2,"height":15.2,"caption":"ASIMUT software"},"image":{"@id":"https:\/\/asimut.com\/es\/#\/schema\/logo\/image\/"},"sameAs":["https:\/\/www.linkedin.com\/company\/337884\/"]}]}},"_links":{"self":[{"href":"https:\/\/asimut.com\/de\/wp-json\/wp\/v2\/pages\/4613","targetHints":{"allow":["GET"]}}],"collection":[{"href":"https:\/\/asimut.com\/de\/wp-json\/wp\/v2\/pages"}],"about":[{"href":"https:\/\/asimut.com\/de\/wp-json\/wp\/v2\/types\/page"}],"author":[{"embeddable":true,"href":"https:\/\/asimut.com\/de\/wp-json\/wp\/v2\/users\/2"}],"replies":[{"embeddable":true,"href":"https:\/\/asimut.com\/de\/wp-json\/wp\/v2\/comments?post=4613"}],"version-history":[{"count":0,"href":"https:\/\/asimut.com\/de\/wp-json\/wp\/v2\/pages\/4613\/revisions"}],"wp:attachment":[{"href":"https:\/\/asimut.com\/de\/wp-json\/wp\/v2\/media?parent=4613"}],"curies":[{"name":"wp","href":"https:\/\/api.w.org\/{rel}","templated":true}]}}