{"id":4566,"date":"2018-11-25T01:00:21","date_gmt":"2018-11-24T23:00:21","guid":{"rendered":"https:\/\/asimut.com\/lo-que-cuentan-los-usuarios\/royal-college-of-music-londres\/"},"modified":"2019-02-18T08:29:40","modified_gmt":"2019-02-18T07:29:40","slug":"royal-college-of-music-londres","status":"publish","type":"page","link":"https:\/\/asimut.com\/es\/testimonios\/royal-college-of-music-londres\/","title":{"rendered":"Royal College of Music, Londres"},"content":{"rendered":"<p><div class=\"fusion-fullwidth fullwidth-box fusion-builder-row-1 nonhundred-percent-fullwidth non-hundred-percent-height-scrolling asimut-alt-bg\" style=\"--awb-border-radius-top-left:0px;--awb-border-radius-top-right:0px;--awb-border-radius-bottom-right:0px;--awb-border-radius-bottom-left:0px;--awb-flex-wrap:wrap;\" ><div class=\"fusion-builder-row fusion-row\"><div class=\"fusion-layout-column fusion_builder_column fusion-builder-column-0 fusion_builder_column_2_3 2_3 fusion-two-third fusion-column-first\" style=\"--awb-bg-size:cover;width:66.666666666667%;width:calc(66.666666666667% - ( ( 4% ) * 0.66666666666667 ) );margin-right: 4%;\"><div class=\"fusion-column-wrapper fusion-flex-column-wrapper-legacy\"><div class=\"fusion-title title fusion-title-1 fusion-sep-none fusion-title-text fusion-title-size-two\"><h2 class=\"fusion-title-heading title-heading-left fusion-responsive-typography-calculated\" style=\"margin:0;--fontSize:38;line-height:1.4;\">Royal College of Music, Londres<\/h2><\/div><div class=\"fusion-text fusion-text-1\"><p>El RCM, una de las principales escuelas de m\u00fasica cl\u00e1sica del mundo, hace gala de excelencia en la gesti\u00f3n hasta el \u00faltimo detalle de una escuela de artes esc\u00e9nicas, en la que el abolengo va de la mano con la tecnolog\u00eda m\u00e1s puntera.<\/p>\n<p>Hace m\u00e1s de diez a\u00f1os, el RCM se convirti\u00f3 en uno de los primeros usuarios de ASIMUT y a d\u00eda de hoy sigue siendo un cliente plenamente satisfecho.<\/p>\n<\/div><div class=\"fusion-clearfix\"><\/div><\/div><\/div><div class=\"fusion-layout-column fusion_builder_column fusion-builder-column-1 fusion_builder_column_1_3 1_3 fusion-one-third fusion-column-last\" style=\"--awb-bg-size:cover;width:33.333333333333%;width:calc(33.333333333333% - ( ( 4% ) * 0.33333333333333 ) );\"><div class=\"fusion-column-wrapper fusion-flex-column-wrapper-legacy\"><div class=\"fusion-image-element in-legacy-container\" style=\"--awb-caption-title-font-family:var(--h2_typography-font-family);--awb-caption-title-font-weight:var(--h2_typography-font-weight);--awb-caption-title-font-style:var(--h2_typography-font-style);--awb-caption-title-size:var(--h2_typography-font-size);--awb-caption-title-transform:var(--h2_typography-text-transform);--awb-caption-title-line-height:var(--h2_typography-line-height);--awb-caption-title-letter-spacing:var(--h2_typography-letter-spacing);\"><span class=\" fusion-imageframe imageframe-none imageframe-1 hover-type-none\"><img title=\"RCM-logo-web\" alt class=\"img-responsive wp-image-3641\"\/><\/span><\/div><div class=\"fusion-clearfix\"><\/div><\/div><\/div><\/div><\/div><div class=\"fusion-fullwidth fullwidth-box fusion-builder-row-2 nonhundred-percent-fullwidth non-hundred-percent-height-scrolling\" style=\"--awb-border-radius-top-left:0px;--awb-border-radius-top-right:0px;--awb-border-radius-bottom-right:0px;--awb-border-radius-bottom-left:0px;--awb-flex-wrap:wrap;\" ><div class=\"fusion-builder-row fusion-row\"><div class=\"fusion-layout-column fusion_builder_column fusion-builder-column-2 fusion_builder_column_1_2 1_2 fusion-one-half fusion-column-first\" style=\"--awb-bg-size:cover;width:50%;width:calc(50% - ( ( 4% ) * 0.5 ) );margin-right: 4%;\"><div class=\"fusion-column-wrapper fusion-flex-column-wrapper-legacy\"><div class=\"fusion-video fusion-vimeo\" style=\"--awb-max-width:600px;--awb-max-height:360px;\"><div class=\"video-shortcode\"><div class=\"fluid-width-video-wrapper\" style=\"padding-top:60%;\" ><iframe title=\"Vimeo video player 1\" src=\"https:\/\/player.vimeo.com\/video\/180562915?autoplay=0&amp;autopause=0\" width=\"600\" height=\"360\" allowfullscreen allow=\"autoplay; fullscreen\"><\/iframe><\/div><\/div><\/div><div class=\"fusion-clearfix\"><\/div><\/div><\/div><div class=\"fusion-layout-column fusion_builder_column fusion-builder-column-3 fusion_builder_column_1_2 1_2 fusion-one-half fusion-column-last\" style=\"--awb-bg-size:cover;width:50%;width:calc(50% - ( ( 4% ) * 0.5 ) );\"><div class=\"fusion-column-wrapper fusion-flex-column-wrapper-legacy\"><div class=\"fusion-video fusion-vimeo\" style=\"--awb-max-width:600px;--awb-max-height:360px;\"><div class=\"video-shortcode\"><div class=\"fluid-width-video-wrapper\" style=\"padding-top:60%;\" ><iframe title=\"Vimeo video player 2\" src=\"https:\/\/player.vimeo.com\/video\/181024695?autoplay=0&amp;autopause=0\" width=\"600\" height=\"360\" allowfullscreen allow=\"autoplay; fullscreen\"><\/iframe><\/div><\/div><\/div><div class=\"fusion-clearfix\"><\/div><\/div><\/div><\/div><\/div><\/p>\n","protected":false},"excerpt":{"rendered":"","protected":false},"author":2,"featured_media":3798,"parent":4553,"menu_order":0,"comment_status":"closed","ping_status":"closed","template":"100-width.php","meta":{"footnotes":""},"class_list":["post-4566","page","type-page","status-publish","has-post-thumbnail","hentry"],"yoast_head":"<!-- This site is optimized with the Yoast SEO plugin v27.3 - https:\/\/yoast.com\/product\/yoast-seo-wordpress\/ -->\n<title>Royal College of Music, Londres - ASIMUT software<\/title>\n<meta name=\"robots\" content=\"index, follow, max-snippet:-1, max-image-preview:large, max-video-preview:-1\" \/>\n<link rel=\"canonical\" href=\"https:\/\/asimut.com\/es\/testimonios\/royal-college-of-music-londres\/\" \/>\n<meta property=\"og:locale\" content=\"es_ES\" \/>\n<meta property=\"og:type\" content=\"article\" \/>\n<meta property=\"og:title\" content=\"Royal College of Music, Londres - ASIMUT software\" \/>\n<meta property=\"og:url\" content=\"https:\/\/asimut.com\/es\/testimonios\/royal-college-of-music-londres\/\" \/>\n<meta property=\"og:site_name\" content=\"ASIMUT software\" \/>\n<meta property=\"article:modified_time\" content=\"2019-02-18T07:29:40+00:00\" \/>\n<meta property=\"og:image\" content=\"https:\/\/asimut.com\/wp-content\/uploads\/2018\/11\/Natasha-Loges.jpg\" \/>\n\t<meta property=\"og:image:width\" content=\"1920\" \/>\n\t<meta property=\"og:image:height\" content=\"1080\" \/>\n\t<meta property=\"og:image:type\" content=\"image\/jpeg\" \/>\n<meta name=\"twitter:card\" content=\"summary_large_image\" \/>\n<meta name=\"twitter:label1\" content=\"Tiempo de lectura\" \/>\n\t<meta name=\"twitter:data1\" content=\"4 minutos\" \/>\n<script type=\"application\/ld+json\" class=\"yoast-schema-graph\">{\"@context\":\"https:\\\/\\\/schema.org\",\"@graph\":[{\"@type\":\"WebPage\",\"@id\":\"https:\\\/\\\/asimut.com\\\/es\\\/testimonios\\\/royal-college-of-music-londres\\\/\",\"url\":\"https:\\\/\\\/asimut.com\\\/es\\\/testimonios\\\/royal-college-of-music-londres\\\/\",\"name\":\"Royal College of Music, Londres - ASIMUT software\",\"isPartOf\":{\"@id\":\"https:\\\/\\\/asimut.com\\\/es\\\/#website\"},\"primaryImageOfPage\":{\"@id\":\"https:\\\/\\\/asimut.com\\\/es\\\/testimonios\\\/royal-college-of-music-londres\\\/#primaryimage\"},\"image\":{\"@id\":\"https:\\\/\\\/asimut.com\\\/es\\\/testimonios\\\/royal-college-of-music-londres\\\/#primaryimage\"},\"thumbnailUrl\":\"https:\\\/\\\/asimut.com\\\/wp-content\\\/uploads\\\/2018\\\/11\\\/Natasha-Loges.jpg\",\"datePublished\":\"2018-11-24T23:00:21+00:00\",\"dateModified\":\"2019-02-18T07:29:40+00:00\",\"breadcrumb\":{\"@id\":\"https:\\\/\\\/asimut.com\\\/es\\\/testimonios\\\/royal-college-of-music-londres\\\/#breadcrumb\"},\"inLanguage\":\"es\",\"potentialAction\":[{\"@type\":\"ReadAction\",\"target\":[\"https:\\\/\\\/asimut.com\\\/es\\\/testimonios\\\/royal-college-of-music-londres\\\/\"]}]},{\"@type\":\"ImageObject\",\"inLanguage\":\"es\",\"@id\":\"https:\\\/\\\/asimut.com\\\/es\\\/testimonios\\\/royal-college-of-music-londres\\\/#primaryimage\",\"url\":\"https:\\\/\\\/asimut.com\\\/wp-content\\\/uploads\\\/2018\\\/11\\\/Natasha-Loges.jpg\",\"contentUrl\":\"https:\\\/\\\/asimut.com\\\/wp-content\\\/uploads\\\/2018\\\/11\\\/Natasha-Loges.jpg\",\"width\":1920,\"height\":1080},{\"@type\":\"BreadcrumbList\",\"@id\":\"https:\\\/\\\/asimut.com\\\/es\\\/testimonios\\\/royal-college-of-music-londres\\\/#breadcrumb\",\"itemListElement\":[{\"@type\":\"ListItem\",\"position\":1,\"name\":\"Home\",\"item\":\"https:\\\/\\\/asimut.com\\\/es\\\/inicio\\\/\"},{\"@type\":\"ListItem\",\"position\":2,\"name\":\"Testimonios\",\"item\":\"https:\\\/\\\/asimut.com\\\/es\\\/testimonios\\\/\"},{\"@type\":\"ListItem\",\"position\":3,\"name\":\"Royal College of Music, Londres\"}]},{\"@type\":\"WebSite\",\"@id\":\"https:\\\/\\\/asimut.com\\\/es\\\/#website\",\"url\":\"https:\\\/\\\/asimut.com\\\/es\\\/\",\"name\":\"ASIMUT software\",\"description\":\"Usado en grandes escuelas de m\u00fasica, teatro y arte\",\"publisher\":{\"@id\":\"https:\\\/\\\/asimut.com\\\/es\\\/#organization\"},\"potentialAction\":[{\"@type\":\"SearchAction\",\"target\":{\"@type\":\"EntryPoint\",\"urlTemplate\":\"https:\\\/\\\/asimut.com\\\/es\\\/?s={search_term_string}\"},\"query-input\":{\"@type\":\"PropertyValueSpecification\",\"valueRequired\":true,\"valueName\":\"search_term_string\"}}],\"inLanguage\":\"es\"},{\"@type\":\"Organization\",\"@id\":\"https:\\\/\\\/asimut.com\\\/es\\\/#organization\",\"name\":\"ASIMUT software\",\"url\":\"https:\\\/\\\/asimut.com\\\/es\\\/\",\"logo\":{\"@type\":\"ImageObject\",\"inLanguage\":\"es\",\"@id\":\"https:\\\/\\\/asimut.com\\\/es\\\/#\\\/schema\\\/logo\\\/image\\\/\",\"url\":\"https:\\\/\\\/asimut.com\\\/wp-content\\\/uploads\\\/2017\\\/10\\\/A4-logo-horisontal.svg\",\"contentUrl\":\"https:\\\/\\\/asimut.com\\\/wp-content\\\/uploads\\\/2017\\\/10\\\/A4-logo-horisontal.svg\",\"width\":111.2,\"height\":15.2,\"caption\":\"ASIMUT software\"},\"image\":{\"@id\":\"https:\\\/\\\/asimut.com\\\/es\\\/#\\\/schema\\\/logo\\\/image\\\/\"},\"sameAs\":[\"https:\\\/\\\/www.linkedin.com\\\/company\\\/337884\\\/\"]}]}<\/script>\n<!-- \/ Yoast SEO plugin. -->","yoast_head_json":{"title":"Royal College of Music, Londres - ASIMUT software","robots":{"index":"index","follow":"follow","max-snippet":"max-snippet:-1","max-image-preview":"max-image-preview:large","max-video-preview":"max-video-preview:-1"},"canonical":"https:\/\/asimut.com\/es\/testimonios\/royal-college-of-music-londres\/","og_locale":"es_ES","og_type":"article","og_title":"Royal College of Music, Londres - ASIMUT software","og_url":"https:\/\/asimut.com\/es\/testimonios\/royal-college-of-music-londres\/","og_site_name":"ASIMUT software","article_modified_time":"2019-02-18T07:29:40+00:00","og_image":[{"width":1920,"height":1080,"url":"https:\/\/asimut.com\/wp-content\/uploads\/2018\/11\/Natasha-Loges.jpg","type":"image\/jpeg"}],"twitter_card":"summary_large_image","twitter_misc":{"Tiempo de lectura":"4 minutos"},"schema":{"@context":"https:\/\/schema.org","@graph":[{"@type":"WebPage","@id":"https:\/\/asimut.com\/es\/testimonios\/royal-college-of-music-londres\/","url":"https:\/\/asimut.com\/es\/testimonios\/royal-college-of-music-londres\/","name":"Royal College of Music, Londres - ASIMUT software","isPartOf":{"@id":"https:\/\/asimut.com\/es\/#website"},"primaryImageOfPage":{"@id":"https:\/\/asimut.com\/es\/testimonios\/royal-college-of-music-londres\/#primaryimage"},"image":{"@id":"https:\/\/asimut.com\/es\/testimonios\/royal-college-of-music-londres\/#primaryimage"},"thumbnailUrl":"https:\/\/asimut.com\/wp-content\/uploads\/2018\/11\/Natasha-Loges.jpg","datePublished":"2018-11-24T23:00:21+00:00","dateModified":"2019-02-18T07:29:40+00:00","breadcrumb":{"@id":"https:\/\/asimut.com\/es\/testimonios\/royal-college-of-music-londres\/#breadcrumb"},"inLanguage":"es","potentialAction":[{"@type":"ReadAction","target":["https:\/\/asimut.com\/es\/testimonios\/royal-college-of-music-londres\/"]}]},{"@type":"ImageObject","inLanguage":"es","@id":"https:\/\/asimut.com\/es\/testimonios\/royal-college-of-music-londres\/#primaryimage","url":"https:\/\/asimut.com\/wp-content\/uploads\/2018\/11\/Natasha-Loges.jpg","contentUrl":"https:\/\/asimut.com\/wp-content\/uploads\/2018\/11\/Natasha-Loges.jpg","width":1920,"height":1080},{"@type":"BreadcrumbList","@id":"https:\/\/asimut.com\/es\/testimonios\/royal-college-of-music-londres\/#breadcrumb","itemListElement":[{"@type":"ListItem","position":1,"name":"Home","item":"https:\/\/asimut.com\/es\/inicio\/"},{"@type":"ListItem","position":2,"name":"Testimonios","item":"https:\/\/asimut.com\/es\/testimonios\/"},{"@type":"ListItem","position":3,"name":"Royal College of Music, Londres"}]},{"@type":"WebSite","@id":"https:\/\/asimut.com\/es\/#website","url":"https:\/\/asimut.com\/es\/","name":"ASIMUT software","description":"Usado en grandes escuelas de m\u00fasica, teatro y arte","publisher":{"@id":"https:\/\/asimut.com\/es\/#organization"},"potentialAction":[{"@type":"SearchAction","target":{"@type":"EntryPoint","urlTemplate":"https:\/\/asimut.com\/es\/?s={search_term_string}"},"query-input":{"@type":"PropertyValueSpecification","valueRequired":true,"valueName":"search_term_string"}}],"inLanguage":"es"},{"@type":"Organization","@id":"https:\/\/asimut.com\/es\/#organization","name":"ASIMUT software","url":"https:\/\/asimut.com\/es\/","logo":{"@type":"ImageObject","inLanguage":"es","@id":"https:\/\/asimut.com\/es\/#\/schema\/logo\/image\/","url":"https:\/\/asimut.com\/wp-content\/uploads\/2017\/10\/A4-logo-horisontal.svg","contentUrl":"https:\/\/asimut.com\/wp-content\/uploads\/2017\/10\/A4-logo-horisontal.svg","width":111.2,"height":15.2,"caption":"ASIMUT software"},"image":{"@id":"https:\/\/asimut.com\/es\/#\/schema\/logo\/image\/"},"sameAs":["https:\/\/www.linkedin.com\/company\/337884\/"]}]}},"_links":{"self":[{"href":"https:\/\/asimut.com\/es\/wp-json\/wp\/v2\/pages\/4566","targetHints":{"allow":["GET"]}}],"collection":[{"href":"https:\/\/asimut.com\/es\/wp-json\/wp\/v2\/pages"}],"about":[{"href":"https:\/\/asimut.com\/es\/wp-json\/wp\/v2\/types\/page"}],"author":[{"embeddable":true,"href":"https:\/\/asimut.com\/es\/wp-json\/wp\/v2\/users\/2"}],"replies":[{"embeddable":true,"href":"https:\/\/asimut.com\/es\/wp-json\/wp\/v2\/comments?post=4566"}],"version-history":[{"count":0,"href":"https:\/\/asimut.com\/es\/wp-json\/wp\/v2\/pages\/4566\/revisions"}],"up":[{"embeddable":true,"href":"https:\/\/asimut.com\/es\/wp-json\/wp\/v2\/pages\/4553"}],"wp:featuredmedia":[{"embeddable":true,"href":"https:\/\/asimut.com\/es\/wp-json\/wp\/v2\/media\/3798"}],"wp:attachment":[{"href":"https:\/\/asimut.com\/es\/wp-json\/wp\/v2\/media?parent=4566"}],"curies":[{"name":"wp","href":"https:\/\/api.w.org\/{rel}","templated":true}]}}