{"id":4586,"date":"2018-11-25T11:12:13","date_gmt":"2018-11-25T09:12:13","guid":{"rendered":"https:\/\/asimut.com\/lo-que-cuentan-los-usuarios\/royal-conservatoire-of-scotland\/"},"modified":"2021-09-08T14:41:39","modified_gmt":"2021-09-08T12:41:39","slug":"royal-conservatoire-of-scotland","status":"publish","type":"page","link":"https:\/\/asimut.com\/es\/testimonios\/royal-conservatoire-of-scotland\/","title":{"rendered":"Royal Conservatoire of Scotland"},"content":{"rendered":"<p><div class=\"fusion-fullwidth fullwidth-box fusion-builder-row-1 nonhundred-percent-fullwidth non-hundred-percent-height-scrolling asimut-alt-bg\" style=\"--awb-border-radius-top-left:0px;--awb-border-radius-top-right:0px;--awb-border-radius-bottom-right:0px;--awb-border-radius-bottom-left:0px;--awb-flex-wrap:wrap;\" ><div class=\"fusion-builder-row fusion-row\"><div class=\"fusion-layout-column fusion_builder_column fusion-builder-column-0 fusion_builder_column_2_3 2_3 fusion-two-third fusion-column-first\" style=\"--awb-bg-size:cover;width:66.666666666667%;width:calc(66.666666666667% - ( ( 4% ) * 0.66666666666667 ) );margin-right: 4%;\"><div class=\"fusion-column-wrapper fusion-flex-column-wrapper-legacy\"><div class=\"fusion-title title fusion-title-1 fusion-sep-none fusion-title-text fusion-title-size-two\"><h2 class=\"fusion-title-heading title-heading-left fusion-responsive-typography-calculated\" style=\"margin:0;--fontSize:38;line-height:1.4;\">Royal Conservatoire of Scotland, Glasgow<\/h2><\/div><div class=\"fusion-text fusion-text-1\"><p>El Royal Conservatoire of Scotland, uno de los conservatorios m\u00e1s importantes de Europa, es un lugar en el que los estudiantes alcanzan la excelencia y cumplen su sue\u00f1o de convertirse en grandes artistas. El Renfrew Street Campus y los laureados Speirs Locks Studios de Glasgow, el coraz\u00f3n art\u00edstico de Escocia, cuentan con magn\u00edficas instalaciones para ofrecer una docencia de muy buena calidad, numerosos lugares de ensayo para los estudiantes y espacios de primera calidad, con 500 actuaciones anuales.<\/p>\n<\/div><div class=\"fusion-clearfix\"><\/div><\/div><\/div><div class=\"fusion-layout-column fusion_builder_column fusion-builder-column-1 fusion_builder_column_1_3 1_3 fusion-one-third fusion-column-last\" style=\"--awb-bg-size:cover;width:33.333333333333%;width:calc(33.333333333333% - ( ( 4% ) * 0.33333333333333 ) );\"><div class=\"fusion-column-wrapper fusion-flex-column-wrapper-legacy\"><div class=\"fusion-image-element in-legacy-container\" style=\"--awb-caption-title-font-family:var(--h2_typography-font-family);--awb-caption-title-font-weight:var(--h2_typography-font-weight);--awb-caption-title-font-style:var(--h2_typography-font-style);--awb-caption-title-size:var(--h2_typography-font-size);--awb-caption-title-transform:var(--h2_typography-text-transform);--awb-caption-title-line-height:var(--h2_typography-line-height);--awb-caption-title-letter-spacing:var(--h2_typography-letter-spacing);\"><span class=\" fusion-imageframe imageframe-none imageframe-1 hover-type-none\"><img title=\"RCS-logo-web\" alt class=\"img-responsive wp-image-3646\"\/><\/span><\/div><div class=\"fusion-clearfix\"><\/div><\/div><\/div><\/div><\/div><div class=\"fusion-fullwidth fullwidth-box fusion-builder-row-2 nonhundred-percent-fullwidth non-hundred-percent-height-scrolling\" style=\"--awb-border-radius-top-left:0px;--awb-border-radius-top-right:0px;--awb-border-radius-bottom-right:0px;--awb-border-radius-bottom-left:0px;--awb-flex-wrap:wrap;\" ><div class=\"fusion-builder-row fusion-row\"><div class=\"fusion-layout-column fusion_builder_column fusion-builder-column-2 fusion_builder_column_1_2 1_2 fusion-one-half fusion-column-first\" style=\"--awb-bg-size:cover;width:50%;width:calc(50% - ( ( 4% ) * 0.5 ) );margin-right: 4%;\"><div class=\"fusion-column-wrapper fusion-flex-column-wrapper-legacy\"><div class=\"fusion-video fusion-vimeo\" style=\"--awb-max-width:600px;--awb-max-height:360px;\"><div class=\"video-shortcode\"><div class=\"fluid-width-video-wrapper\" style=\"padding-top:60%;\" ><iframe title=\"Vimeo video player 1\" src=\"https:\/\/player.vimeo.com\/video\/232979958?autoplay=0&amp;autopause=0\" width=\"600\" height=\"360\" allowfullscreen allow=\"autoplay; fullscreen\"><\/iframe><\/div><\/div><\/div><div class=\"fusion-text fusion-text-2\"><p>Andrea McManus explica qu\u00e9 es lo mejor de ASIMUT<\/p>\n<\/div><div class=\"fusion-clearfix\"><\/div><\/div><\/div><div class=\"fusion-layout-column fusion_builder_column fusion-builder-column-3 fusion_builder_column_1_2 1_2 fusion-one-half fusion-column-last\" style=\"--awb-bg-size:cover;width:50%;width:calc(50% - ( ( 4% ) * 0.5 ) );\"><div class=\"fusion-column-wrapper fusion-flex-column-wrapper-legacy\"><div class=\"fusion-clearfix\"><\/div><\/div><\/div><div class=\"fusion-layout-column fusion_builder_column fusion-builder-column-4 fusion_builder_column_2_3 2_3 fusion-two-third fusion-column-first\" style=\"--awb-bg-size:cover;width:66.666666666667%;width:calc(66.666666666667% - ( ( 4% ) * 0.66666666666667 ) );margin-right: 4%;\"><div class=\"fusion-column-wrapper fusion-column-has-shadow fusion-flex-column-wrapper-legacy\"><div class=\"fusion-title title fusion-title-2 fusion-sep-none fusion-title-text fusion-title-size-three\"><h3 class=\"fusion-title-heading title-heading-left fusion-responsive-typography-calculated\" style=\"margin:0;--fontSize:28;line-height:1.5;\">Lo que sol\u00eda ser un ejercicio de papel&#8230;<\/h3><\/div><div class=\"fusion-text fusion-text-3\"><p>El Conservatorio Real de Escocia combina con \u00e9xito el registro de estudiantes y la confirmaci\u00f3n de las reservas de aulas. Un vistazo entre bastidores en Glasgow.<\/p>\n<\/div><div class=\"fusion-title title fusion-title-3 fusion-sep-none fusion-title-text fusion-title-size-four\"><h4 class=\"fusion-title-heading title-heading-left fusion-responsive-typography-calculated\" style=\"margin:0;--fontSize:20;--minFontSize:20;line-height:1.5;\">Retos que son m\u00e1s grandes que un papel<\/h4><\/div><div class=\"fusion-text fusion-text-4\"><p>Es cierto que no es exactamente lo que describir\u00eda como un rinc\u00f3n tranquilo. Glasgow\u2019s Royal Conservatoire of Scotland, uno de los 3 mejores destinos del mundo para las artes esc\u00e9nicas (QS World University Rankings 2021) y usuario de ASIMUT desde 2013, se encuentra en Renfrew Street, cerca del cine m\u00e1s alto del mundo, el Theatre Royal, y en el mismo barrio que el Nationa Theatre de Escocia, la Glasgow School of Art y la Scottish Opera. Su campus tambi\u00e9n incluye seis lugares de actuaci\u00f3n profesional completamente desarrollados \u2013 el New Athenaeum Theatre y el Stevenson Hall, entre otros \u2013 adem\u00e1s est\u00e1 el Whittaker Library, estudios de grabaci\u00f3n, suites de edici\u00f3n de pel\u00edculas, la Alexander Gibson Opera School, infraestructuras para las artes y el dise\u00f1o de producci\u00f3n, escuelas de ballet y, por supuesto, una amplia oferta de salas de ensayo.<\/p>\n<p>El Conservatorio, junto con el galardonado Wallace Studio, es parte del campus que reside en el coraz\u00f3n art\u00edstico de Escocia, Glasgow. Sin duda, la ense\u00f1anza excepcional de la escuela puede basarse en instalaciones que son nada menos que magn\u00edficas. El total de m\u00e1s de 90 salas de ensayo y estudios para uso de los estudiantes est\u00e1 dise\u00f1ado para ayudar a producir m\u00e1s de 600 espect\u00e1culos cada a\u00f1o (pre-Covid). Lo \u00faltimo que cabr\u00eda esperar es un sistema basado en papel y l\u00e1piz; sin embargo, este era precisamente el escenario antes que ASIMUT llegara.<\/p>\n<p><em>\u201cAnteriormente, los estudiantes ten\u00edan que completar una hoja de inscripci\u00f3n para tener un sal\u00f3n de clases y funcionaba con la regla de \u00abpor orden de llegada\u00bb; y no estaba seguro de que conseguir\u00edan una aula. Y eso tambi\u00e9n fue lo mismo para nuestro personal docente por clases individuales\u201d<\/em>, explica Andrea McManus, la Gerente de planificaci\u00f3n de espacios del Royal Conservatoire. La historia era la misma para las ausencias <em>\u201cUna vez m\u00e1s, eso sol\u00eda ser un ejercicio de papel.\u201d<\/em><\/p>\n<\/div><div class=\"fusion-title title fusion-title-4 fusion-sep-none fusion-title-text fusion-title-size-four\"><h4 class=\"fusion-title-heading title-heading-left fusion-responsive-typography-calculated\" style=\"margin:0;--fontSize:20;--minFontSize:20;line-height:1.5;\">Una brillante combinaci\u00f3n de privilegios de reserva y reconfirmaci\u00f3n de reserva.<\/h4><\/div><div class=\"fusion-text fusion-text-5\"><p>Pero, \u00bfc\u00f3mo lo hicieron? <em>\u201cLas reglas de reserva son divididas por instrumento y estudio, por lo que hay ciertas aulas que son para, digamos, nuestros estudiantes de teclado o de cuerdas; tienen acceso a esas salas y saben que alguien que est\u00e9 estudiando otra cosa no estar\u00e1 en esa sala y saben que tienen una asignaci\u00f3n que asegurar\u00e1 un espacio de pr\u00e1ctica\u201d<\/em>, dice Andrea.<\/p>\n<p>El m\u00f3dulo de reconfirmaci\u00f3n fue fundamental para esto y ayud\u00f3 de manera igual a los estudiantes y al personal docente. <em>\u201cAhora nuestros estudiants pueden reservar una aula de pr\u00e1ctica en la interfaz comun, y tendr\u00e1n una reserva provisional, as\u00ed pueden acceder, cambiar la reserva, cambiar aula, cancelarla; sin embargo, si no logran ingresar al edificio y confirmar, la reserva se cancela autom\u00e1ticamente, para que otro estudiante reserve.\u201d<\/em><\/p>\n<\/div><div class=\"fusion-title title fusion-title-5 fusion-sep-none fusion-title-text fusion-title-size-four\"><h4 class=\"fusion-title-heading title-heading-left fusion-responsive-typography-calculated\" style=\"margin:0;--fontSize:20;--minFontSize:20;line-height:1.5;\">Los quioscos son (una) llave<\/h4><\/div><div class=\"fusion-text fusion-text-6\"><p>Una pieza clave en la reconfirmaci\u00f3n es jugado por los quioscos de ASIMUT en el edificio. <em>\u201cPueden pasar la tarjeta de estudiantes o docentes, que tambi\u00e9n est\u00e1 sincronizada con nuestros sistemas de estudiantes y sistemas de personal, y confirman su reserva. Esto ha sido genial para nosotros porque significa que las aulas se utilizan; no est\u00e1n reservadas por per\u00edodos de tiempo prolongados y quedarse vac\u00edas\u2026 y los espacios estan perfectamente usados\u201d<\/em>, a\u00f1ades Andrea. De hecho, la integraci\u00f3n con un sistema de registro de estudiantes interno puede ser una combinaci\u00f3n poderosa, y tener todo sincronizado <em>\u201csimplemente apretando a un solo bot\u00f3n\u201d<\/em> es lo que la entusiasma.<\/p>\n<\/div><div class=\"fusion-title title fusion-title-6 fusion-sep-none fusion-title-text fusion-title-size-four\"><h4 class=\"fusion-title-heading title-heading-left fusion-responsive-typography-calculated\" style=\"margin:0;--fontSize:20;--minFontSize:20;line-height:1.5;\">Los beneficios en pocas palabras<\/h4><\/div><div class=\"fusion-text fusion-text-7\"><p>Al observar los beneficios, Andrea cita la claridad de la informaci\u00f3n, la satisfacci\u00f3n de los estudiantes por tener su horario disponible \u2013 <em>\u201cSiempre correcto y actualizado\u201d<\/em> \u2013 y el acceso tambi\u00e9n a sus clases individuales.\u2026 es el poder de la \u00abactualizaci\u00f3n instant\u00e1nea de donde sea necesario\u00bb.<\/p>\n<p><em>\u201cPuedes comprobar tus salas, tu gente &#8230; es un gran ahorro de tiempo \u00ab.<\/em> De hecho, el sistema comprueba por s\u00ed mismo si hay conflictos al reservar un aula, entonces siempre existe esa red de seguridad adicional.<\/p>\n<p><em>\u201cASIMUT ha mejorado la experiencia de nuestros estudiantes y personal.\u201d<\/em> \u00bfQu\u00e9 podr\u00eda ser un mejor cumplido?<\/p>\n<\/div><div class=\"fusion-clearfix\"><\/div><\/div><\/div><div class=\"fusion-layout-column fusion_builder_column fusion-builder-column-5 fusion_builder_column_1_3 1_3 fusion-one-third fusion-column-last asimut-box asimut-alt-bg\" style=\"--awb-bg-size:cover;width:33.333333333333%;width:calc(33.333333333333% - ( ( 4% ) * 0.33333333333333 ) );\"><div class=\"fusion-column-wrapper fusion-column-has-shadow fusion-flex-column-wrapper-legacy\"><div class=\"fusion-text fusion-text-8\"><p>Para obtener m\u00e1s informaci\u00f3n sobre los m\u00f3dulos de asistencia y reconfirmaci\u00f3n o explorar c\u00f3mo puede conectar su sistema de informaci\u00f3n para estudiantes a trav\u00e9s de una API, <a href=\"https:\/\/asimut.com\/es\/contacto\/\">contacta con nuestro equipo de Relaciones con el Cliente<\/a>.<\/p>\n<\/div><div class=\"fusion-clearfix\"><\/div><\/div><\/div><\/div><\/div><\/p>\n","protected":false},"excerpt":{"rendered":"","protected":false},"author":6,"featured_media":3768,"parent":4553,"menu_order":0,"comment_status":"closed","ping_status":"closed","template":"100-width.php","meta":{"footnotes":""},"class_list":["post-4586","page","type-page","status-publish","has-post-thumbnail","hentry"],"yoast_head":"<!-- This site is optimized with the Yoast SEO plugin v27.3 - https:\/\/yoast.com\/product\/yoast-seo-wordpress\/ -->\n<title>Royal Conservatoire of Scotland - ASIMUT software<\/title>\n<meta name=\"robots\" content=\"index, follow, max-snippet:-1, max-image-preview:large, max-video-preview:-1\" \/>\n<link rel=\"canonical\" href=\"https:\/\/asimut.com\/es\/testimonios\/royal-conservatoire-of-scotland\/\" \/>\n<meta property=\"og:locale\" content=\"es_ES\" \/>\n<meta property=\"og:type\" content=\"article\" \/>\n<meta property=\"og:title\" content=\"Royal Conservatoire of Scotland - ASIMUT software\" \/>\n<meta property=\"og:url\" content=\"https:\/\/asimut.com\/es\/testimonios\/royal-conservatoire-of-scotland\/\" \/>\n<meta property=\"og:site_name\" content=\"ASIMUT software\" \/>\n<meta property=\"article:modified_time\" content=\"2021-09-08T12:41:39+00:00\" \/>\n<meta property=\"og:image\" content=\"https:\/\/asimut.com\/wp-content\/uploads\/2018\/11\/Andrea-McManus.jpg\" \/>\n\t<meta property=\"og:image:width\" content=\"1920\" \/>\n\t<meta property=\"og:image:height\" content=\"1080\" \/>\n\t<meta property=\"og:image:type\" content=\"image\/jpeg\" \/>\n<meta name=\"twitter:card\" content=\"summary_large_image\" \/>\n<meta name=\"twitter:label1\" content=\"Tiempo de lectura\" \/>\n\t<meta name=\"twitter:data1\" content=\"17 minutos\" \/>\n<script type=\"application\/ld+json\" class=\"yoast-schema-graph\">{\"@context\":\"https:\\\/\\\/schema.org\",\"@graph\":[{\"@type\":\"WebPage\",\"@id\":\"https:\\\/\\\/asimut.com\\\/es\\\/testimonios\\\/royal-conservatoire-of-scotland\\\/\",\"url\":\"https:\\\/\\\/asimut.com\\\/es\\\/testimonios\\\/royal-conservatoire-of-scotland\\\/\",\"name\":\"Royal Conservatoire of Scotland - ASIMUT software\",\"isPartOf\":{\"@id\":\"https:\\\/\\\/asimut.com\\\/es\\\/#website\"},\"primaryImageOfPage\":{\"@id\":\"https:\\\/\\\/asimut.com\\\/es\\\/testimonios\\\/royal-conservatoire-of-scotland\\\/#primaryimage\"},\"image\":{\"@id\":\"https:\\\/\\\/asimut.com\\\/es\\\/testimonios\\\/royal-conservatoire-of-scotland\\\/#primaryimage\"},\"thumbnailUrl\":\"https:\\\/\\\/asimut.com\\\/wp-content\\\/uploads\\\/2018\\\/11\\\/Andrea-McManus.jpg\",\"datePublished\":\"2018-11-25T09:12:13+00:00\",\"dateModified\":\"2021-09-08T12:41:39+00:00\",\"breadcrumb\":{\"@id\":\"https:\\\/\\\/asimut.com\\\/es\\\/testimonios\\\/royal-conservatoire-of-scotland\\\/#breadcrumb\"},\"inLanguage\":\"es\",\"potentialAction\":[{\"@type\":\"ReadAction\",\"target\":[\"https:\\\/\\\/asimut.com\\\/es\\\/testimonios\\\/royal-conservatoire-of-scotland\\\/\"]}]},{\"@type\":\"ImageObject\",\"inLanguage\":\"es\",\"@id\":\"https:\\\/\\\/asimut.com\\\/es\\\/testimonios\\\/royal-conservatoire-of-scotland\\\/#primaryimage\",\"url\":\"https:\\\/\\\/asimut.com\\\/wp-content\\\/uploads\\\/2018\\\/11\\\/Andrea-McManus.jpg\",\"contentUrl\":\"https:\\\/\\\/asimut.com\\\/wp-content\\\/uploads\\\/2018\\\/11\\\/Andrea-McManus.jpg\",\"width\":1920,\"height\":1080},{\"@type\":\"BreadcrumbList\",\"@id\":\"https:\\\/\\\/asimut.com\\\/es\\\/testimonios\\\/royal-conservatoire-of-scotland\\\/#breadcrumb\",\"itemListElement\":[{\"@type\":\"ListItem\",\"position\":1,\"name\":\"Home\",\"item\":\"https:\\\/\\\/asimut.com\\\/es\\\/inicio\\\/\"},{\"@type\":\"ListItem\",\"position\":2,\"name\":\"Testimonios\",\"item\":\"https:\\\/\\\/asimut.com\\\/es\\\/testimonios\\\/\"},{\"@type\":\"ListItem\",\"position\":3,\"name\":\"Royal Conservatoire of Scotland\"}]},{\"@type\":\"WebSite\",\"@id\":\"https:\\\/\\\/asimut.com\\\/es\\\/#website\",\"url\":\"https:\\\/\\\/asimut.com\\\/es\\\/\",\"name\":\"ASIMUT software\",\"description\":\"Usado en grandes escuelas de m\u00fasica, teatro y arte\",\"publisher\":{\"@id\":\"https:\\\/\\\/asimut.com\\\/es\\\/#organization\"},\"potentialAction\":[{\"@type\":\"SearchAction\",\"target\":{\"@type\":\"EntryPoint\",\"urlTemplate\":\"https:\\\/\\\/asimut.com\\\/es\\\/?s={search_term_string}\"},\"query-input\":{\"@type\":\"PropertyValueSpecification\",\"valueRequired\":true,\"valueName\":\"search_term_string\"}}],\"inLanguage\":\"es\"},{\"@type\":\"Organization\",\"@id\":\"https:\\\/\\\/asimut.com\\\/es\\\/#organization\",\"name\":\"ASIMUT software\",\"url\":\"https:\\\/\\\/asimut.com\\\/es\\\/\",\"logo\":{\"@type\":\"ImageObject\",\"inLanguage\":\"es\",\"@id\":\"https:\\\/\\\/asimut.com\\\/es\\\/#\\\/schema\\\/logo\\\/image\\\/\",\"url\":\"https:\\\/\\\/asimut.com\\\/wp-content\\\/uploads\\\/2017\\\/10\\\/A4-logo-horisontal.svg\",\"contentUrl\":\"https:\\\/\\\/asimut.com\\\/wp-content\\\/uploads\\\/2017\\\/10\\\/A4-logo-horisontal.svg\",\"width\":111.2,\"height\":15.2,\"caption\":\"ASIMUT software\"},\"image\":{\"@id\":\"https:\\\/\\\/asimut.com\\\/es\\\/#\\\/schema\\\/logo\\\/image\\\/\"},\"sameAs\":[\"https:\\\/\\\/www.linkedin.com\\\/company\\\/337884\\\/\"]}]}<\/script>\n<!-- \/ Yoast SEO plugin. -->","yoast_head_json":{"title":"Royal Conservatoire of Scotland - ASIMUT software","robots":{"index":"index","follow":"follow","max-snippet":"max-snippet:-1","max-image-preview":"max-image-preview:large","max-video-preview":"max-video-preview:-1"},"canonical":"https:\/\/asimut.com\/es\/testimonios\/royal-conservatoire-of-scotland\/","og_locale":"es_ES","og_type":"article","og_title":"Royal Conservatoire of Scotland - ASIMUT software","og_url":"https:\/\/asimut.com\/es\/testimonios\/royal-conservatoire-of-scotland\/","og_site_name":"ASIMUT software","article_modified_time":"2021-09-08T12:41:39+00:00","og_image":[{"width":1920,"height":1080,"url":"https:\/\/asimut.com\/wp-content\/uploads\/2018\/11\/Andrea-McManus.jpg","type":"image\/jpeg"}],"twitter_card":"summary_large_image","twitter_misc":{"Tiempo de lectura":"17 minutos"},"schema":{"@context":"https:\/\/schema.org","@graph":[{"@type":"WebPage","@id":"https:\/\/asimut.com\/es\/testimonios\/royal-conservatoire-of-scotland\/","url":"https:\/\/asimut.com\/es\/testimonios\/royal-conservatoire-of-scotland\/","name":"Royal Conservatoire of Scotland - ASIMUT software","isPartOf":{"@id":"https:\/\/asimut.com\/es\/#website"},"primaryImageOfPage":{"@id":"https:\/\/asimut.com\/es\/testimonios\/royal-conservatoire-of-scotland\/#primaryimage"},"image":{"@id":"https:\/\/asimut.com\/es\/testimonios\/royal-conservatoire-of-scotland\/#primaryimage"},"thumbnailUrl":"https:\/\/asimut.com\/wp-content\/uploads\/2018\/11\/Andrea-McManus.jpg","datePublished":"2018-11-25T09:12:13+00:00","dateModified":"2021-09-08T12:41:39+00:00","breadcrumb":{"@id":"https:\/\/asimut.com\/es\/testimonios\/royal-conservatoire-of-scotland\/#breadcrumb"},"inLanguage":"es","potentialAction":[{"@type":"ReadAction","target":["https:\/\/asimut.com\/es\/testimonios\/royal-conservatoire-of-scotland\/"]}]},{"@type":"ImageObject","inLanguage":"es","@id":"https:\/\/asimut.com\/es\/testimonios\/royal-conservatoire-of-scotland\/#primaryimage","url":"https:\/\/asimut.com\/wp-content\/uploads\/2018\/11\/Andrea-McManus.jpg","contentUrl":"https:\/\/asimut.com\/wp-content\/uploads\/2018\/11\/Andrea-McManus.jpg","width":1920,"height":1080},{"@type":"BreadcrumbList","@id":"https:\/\/asimut.com\/es\/testimonios\/royal-conservatoire-of-scotland\/#breadcrumb","itemListElement":[{"@type":"ListItem","position":1,"name":"Home","item":"https:\/\/asimut.com\/es\/inicio\/"},{"@type":"ListItem","position":2,"name":"Testimonios","item":"https:\/\/asimut.com\/es\/testimonios\/"},{"@type":"ListItem","position":3,"name":"Royal Conservatoire of Scotland"}]},{"@type":"WebSite","@id":"https:\/\/asimut.com\/es\/#website","url":"https:\/\/asimut.com\/es\/","name":"ASIMUT software","description":"Usado en grandes escuelas de m\u00fasica, teatro y arte","publisher":{"@id":"https:\/\/asimut.com\/es\/#organization"},"potentialAction":[{"@type":"SearchAction","target":{"@type":"EntryPoint","urlTemplate":"https:\/\/asimut.com\/es\/?s={search_term_string}"},"query-input":{"@type":"PropertyValueSpecification","valueRequired":true,"valueName":"search_term_string"}}],"inLanguage":"es"},{"@type":"Organization","@id":"https:\/\/asimut.com\/es\/#organization","name":"ASIMUT software","url":"https:\/\/asimut.com\/es\/","logo":{"@type":"ImageObject","inLanguage":"es","@id":"https:\/\/asimut.com\/es\/#\/schema\/logo\/image\/","url":"https:\/\/asimut.com\/wp-content\/uploads\/2017\/10\/A4-logo-horisontal.svg","contentUrl":"https:\/\/asimut.com\/wp-content\/uploads\/2017\/10\/A4-logo-horisontal.svg","width":111.2,"height":15.2,"caption":"ASIMUT software"},"image":{"@id":"https:\/\/asimut.com\/es\/#\/schema\/logo\/image\/"},"sameAs":["https:\/\/www.linkedin.com\/company\/337884\/"]}]}},"_links":{"self":[{"href":"https:\/\/asimut.com\/es\/wp-json\/wp\/v2\/pages\/4586","targetHints":{"allow":["GET"]}}],"collection":[{"href":"https:\/\/asimut.com\/es\/wp-json\/wp\/v2\/pages"}],"about":[{"href":"https:\/\/asimut.com\/es\/wp-json\/wp\/v2\/types\/page"}],"author":[{"embeddable":true,"href":"https:\/\/asimut.com\/es\/wp-json\/wp\/v2\/users\/6"}],"replies":[{"embeddable":true,"href":"https:\/\/asimut.com\/es\/wp-json\/wp\/v2\/comments?post=4586"}],"version-history":[{"count":0,"href":"https:\/\/asimut.com\/es\/wp-json\/wp\/v2\/pages\/4586\/revisions"}],"up":[{"embeddable":true,"href":"https:\/\/asimut.com\/es\/wp-json\/wp\/v2\/pages\/4553"}],"wp:featuredmedia":[{"embeddable":true,"href":"https:\/\/asimut.com\/es\/wp-json\/wp\/v2\/media\/3768"}],"wp:attachment":[{"href":"https:\/\/asimut.com\/es\/wp-json\/wp\/v2\/media?parent=4586"}],"curies":[{"name":"wp","href":"https:\/\/api.w.org\/{rel}","templated":true}]}}