{"id":4043,"date":"2018-11-22T10:11:06","date_gmt":"2018-11-22T08:11:06","guid":{"rendered":"https:\/\/asimut.com\/la-solution\/"},"modified":"2025-11-21T11:37:26","modified_gmt":"2025-11-21T10:37:26","slug":"la-solution","status":"publish","type":"page","link":"https:\/\/asimut.com\/fr\/la-solution\/","title":{"rendered":"Gestion d&#8217;emplois du temps, gestion des salles et gestion \u00e9v\u00e9nementielle"},"content":{"rendered":"<p><div class=\"fusion-fullwidth fullwidth-box fusion-builder-row-1 nonhundred-percent-fullwidth non-hundred-percent-height-scrolling asimut-alt-bg\" style=\"--awb-border-radius-top-left:0px;--awb-border-radius-top-right:0px;--awb-border-radius-bottom-right:0px;--awb-border-radius-bottom-left:0px;--awb-flex-wrap:wrap;\" ><div class=\"fusion-builder-row fusion-row\"><div class=\"fusion-layout-column fusion_builder_column fusion-builder-column-0 fusion_builder_column_1_2 1_2 fusion-one-half fusion-column-first\" style=\"--awb-bg-size:cover;width:50%;width:calc(50% - ( ( 4% ) * 0.5 ) );margin-right: 4%;\"><div class=\"fusion-column-wrapper fusion-flex-column-wrapper-legacy\"><div class=\"fusion-title title fusion-title-1 fusion-sep-none fusion-title-text fusion-title-size-one\"><h1 class=\"fusion-title-heading title-heading-left fusion-responsive-typography-calculated\" style=\"margin:0;--fontSize:42;line-height:1.4;\">Cr\u00e9\u00e9 pour les arts<\/h1><\/div><div class=\"fusion-text fusion-text-1\"><p><em>\u00abASIMUT est de loin le moyen le plus efficace de g\u00e9rer toutes vos informations.\u00bb<\/em><\/p>\n<\/div><div class=\"fusion-text fusion-text-2\"><p>Natasha Loges,<br \/>\nRoyal College of Music, Londres (GB)<\/p>\n<\/div><div class=\"fusion-clearfix\"><\/div><\/div><\/div><div class=\"fusion-layout-column fusion_builder_column fusion-builder-column-1 fusion_builder_column_1_2 1_2 fusion-one-half fusion-column-last asimut-youtube\" style=\"--awb-bg-size:cover;width:50%;width:calc(50% - ( ( 4% ) * 0.5 ) );\"><div class=\"fusion-column-wrapper fusion-column-has-shadow fusion-flex-column-wrapper-legacy\"><iframe src=\"https:\/\/www.youtube.com\/embed\/ltQZi5l1nqc?modestbranding=1&rel=0&iv_load_policy=3&cc_load_policy=1&cc_lang_pref=fr&hl=fr\" allowfullscreen=\"allowfullscreen\" frameborder=\"0\"><\/iframe><div class=\"fusion-clearfix\"><\/div><\/div><\/div><\/div><\/div><div class=\"fusion-fullwidth fullwidth-box fusion-builder-row-2 nonhundred-percent-fullwidth non-hundred-percent-height-scrolling\" style=\"--awb-border-radius-top-left:0px;--awb-border-radius-top-right:0px;--awb-border-radius-bottom-right:0px;--awb-border-radius-bottom-left:0px;--awb-flex-wrap:wrap;\" ><div class=\"fusion-builder-row fusion-row\"><div class=\"fusion-layout-column fusion_builder_column fusion-builder-column-2 fusion_builder_column_1_4 1_4 fusion-one-fourth fusion-column-first\" style=\"--awb-bg-size:cover;width:25%;width:calc(25% - ( ( 4% + 4% ) * 0.25 ) );margin-right: 4%;\"><div class=\"fusion-column-wrapper fusion-flex-column-wrapper-legacy\"><div class=\"fusion-clearfix\"><\/div><\/div><\/div><div class=\"fusion-layout-column fusion_builder_column fusion-builder-column-3 fusion_builder_column_1_2 1_2 fusion-one-half\" style=\"--awb-bg-size:cover;width:50%;width:calc(50% - ( ( 4% + 4% ) * 0.5 ) );margin-right: 4%;\"><div class=\"fusion-column-wrapper fusion-flex-column-wrapper-legacy\"><div class=\"fusion-title title fusion-title-2 fusion-sep-none fusion-title-center fusion-title-text fusion-title-size-two\"><h2 class=\"fusion-title-heading title-heading-center fusion-responsive-typography-calculated\" style=\"margin:0;--fontSize:38;line-height:1.4;\"><span data-teams=\"true\">Solution 3-en-1<\/span><\/h2><\/div><div class=\"fusion-text fusion-text-3\"><p style=\"text-align: center;\">ASIMUT est le premier et unique syst\u00e8me con\u00e7u pour la planification de l&rsquo;enseignement des arts. En combinant la r\u00e9servation de salles, la planification d&rsquo;horaires et la gestion des \u00e9v\u00e9nements dans un seul syst\u00e8me, vous r\u00e9duirez la complexit\u00e9 de votre organisation et ferez gagner du temps aux \u00e9l\u00e8ves, aux enseignants et au personnel.<\/p>\n<\/div><div class=\"fusion-clearfix\"><\/div><\/div><\/div><div class=\"fusion-layout-column fusion_builder_column fusion-builder-column-4 fusion_builder_column_1_4 1_4 fusion-one-fourth fusion-column-last\" style=\"--awb-bg-size:cover;width:25%;width:calc(25% - ( ( 4% + 4% ) * 0.25 ) );\"><div class=\"fusion-column-wrapper fusion-flex-column-wrapper-legacy\"><div class=\"fusion-clearfix\"><\/div><\/div><\/div><div class=\"fusion-layout-column fusion_builder_column fusion-builder-column-5 fusion_builder_column_1_1 1_1 fusion-one-full fusion-column-first fusion-column-last asimut-alt-bg\" style=\"--awb-padding-top:60px;--awb-padding-right:20px;--awb-padding-left:20px;--awb-bg-size:cover;\"><div class=\"fusion-column-wrapper fusion-flex-column-wrapper-legacy\"><div class=\"fusion-builder-row fusion-builder-row-inner fusion-row\"><div class=\"fusion-layout-column fusion_builder_column_inner fusion-builder-nested-column-0 fusion_builder_column_inner_1_3 1_3 fusion-one-third fusion-column-first\" style=\"--awb-bg-size:cover;width:33.333333333333%;width:calc(33.333333333333% - ( ( 4% + 4% ) * 0.33333333333333 ) );margin-right: 4%;\"><div class=\"fusion-column-wrapper fusion-flex-column-wrapper-legacy\"><div class=\"fusion-fa-align-center\"><i class=\"fb-icon-element-1 fb-icon-element fontawesome-icon fa-calendar-alt far circle-no fusion-no-small-visibility\" style=\"--awb-iconcolor:#333333;--awb-iconcolor-hover:#333333;--awb-font-size:48px;\"><\/i><\/div><div class=\"fusion-fa-align-center\"><i class=\"fb-icon-element-2 fb-icon-element fontawesome-icon fa-calendar-alt far circle-no fusion-no-medium-visibility fusion-no-large-visibility\" style=\"--awb-iconcolor:#333333;--awb-iconcolor-hover:#333333;--awb-font-size:40px;--awb-margin-bottom:12px;\"><\/i><\/div><div class=\"fusion-title title fusion-title-3 fusion-sep-none fusion-title-center fusion-title-text fusion-title-size-three\"><h3 class=\"fusion-title-heading title-heading-center fusion-responsive-typography-calculated\" style=\"margin:0;--fontSize:28;line-height:1.5;\">Gestion d\u2019horaires<\/h3><\/div><div class=\"fusion-text fusion-text-4\"><p style=\"text-align: center;\">Dans l\u2019enseignement des arts, g\u00e9rer les horaires est d\u00e9j\u00e0 un art en soi. ASIMUT est con\u00e7u pour g\u00e9rer des emplois du temps complexes, sp\u00e9cifiques et changeants par nature. Nous connaissons et comprenons vos difficult\u00e9s car certains membres de notre \u00e9quipe ont travaill\u00e9 dans le milieu artistique ou fait des \u00e9tudes d&rsquo;arts.<\/p>\n<\/div><div class=\"fusion-aligncenter\"><a class=\"fusion-button button-flat button-large button-default fusion-button-default button-1 fusion-button-default-span fusion-button-default-type\" target=\"_self\" href=\"https:\/\/asimut.com\/fr\/la-solution\/gestion-dhoraires\/\"><span class=\"fusion-button-text awb-button__text awb-button__text--default\">En savoir plus<\/span><\/a><\/div><div class=\"fusion-clearfix\"><\/div><\/div><\/div><div class=\"fusion-layout-column fusion_builder_column_inner fusion-builder-nested-column-1 fusion_builder_column_inner_1_3 1_3 fusion-one-third\" style=\"--awb-bg-size:cover;width:33.333333333333%;width:calc(33.333333333333% - ( ( 4% + 4% ) * 0.33333333333333 ) );margin-right: 4%;\"><div class=\"fusion-column-wrapper fusion-flex-column-wrapper-legacy\"><div class=\"fusion-fa-align-center\"><i class=\"fb-icon-element-3 fb-icon-element fontawesome-icon fa-door-open fas circle-no fusion-no-small-visibility\" style=\"--awb-iconcolor:#333333;--awb-iconcolor-hover:#333333;--awb-font-size:48px;\"><\/i><\/div><div class=\"fusion-fa-align-center\"><i class=\"fb-icon-element-4 fb-icon-element fontawesome-icon fa-door-open fas circle-no fusion-no-medium-visibility fusion-no-large-visibility\" style=\"--awb-iconcolor:#333333;--awb-iconcolor-hover:#333333;--awb-font-size:40px;--awb-margin-bottom:12px;\"><\/i><\/div><div class=\"fusion-title title fusion-title-4 fusion-sep-none fusion-title-center fusion-title-text fusion-title-size-three\"><h3 class=\"fusion-title-heading title-heading-center fusion-responsive-typography-calculated\" style=\"margin:0;--fontSize:28;line-height:1.5;\">R\u00e9servation de salles<\/h3><\/div><div class=\"fusion-text fusion-text-5\"><p style=\"text-align: center;\">Gr\u00e2ce \u00e0 ASIMUT, remplacez les files d&rsquo;attente interminables \u00e0 l&rsquo;accueil par la r\u00e9servation de salle en ligne en libre-service. Notre programme vous permet de concevoir des r\u00e8gles et des r\u00e8glements personnalis\u00e9s assurant un acc\u00e8s \u00e9quitable et juste aux salles et optimisant l&rsquo;utilisation des locaux.<\/p>\n<\/div><div class=\"fusion-aligncenter\"><a class=\"fusion-button button-flat button-large button-default fusion-button-default button-2 fusion-button-default-span fusion-button-default-type\" target=\"_self\" href=\"https:\/\/asimut.com\/fr\/la-solution\/reservation-de-salles\/\"><span class=\"fusion-button-text awb-button__text awb-button__text--default\">En savoir plus<\/span><\/a><\/div><div class=\"fusion-clearfix\"><\/div><\/div><\/div><div class=\"fusion-layout-column fusion_builder_column_inner fusion-builder-nested-column-2 fusion_builder_column_inner_1_3 1_3 fusion-one-third fusion-column-last\" style=\"--awb-bg-size:cover;width:33.333333333333%;width:calc(33.333333333333% - ( ( 4% + 4% ) * 0.33333333333333 ) );\"><div class=\"fusion-column-wrapper fusion-flex-column-wrapper-legacy\"><div class=\"fusion-fa-align-center\"><i class=\"fb-icon-element-5 fb-icon-element fontawesome-icon fa-theater-masks fas circle-no fusion-no-small-visibility\" style=\"--awb-iconcolor:#333333;--awb-iconcolor-hover:#333333;--awb-font-size:48px;\"><\/i><\/div><div class=\"fusion-fa-align-center\"><i class=\"fb-icon-element-6 fb-icon-element fontawesome-icon fa-theater-masks fas circle-no fusion-no-medium-visibility fusion-no-large-visibility\" style=\"--awb-iconcolor:#333333;--awb-iconcolor-hover:#333333;--awb-font-size:40px;--awb-margin-bottom:12px;\"><\/i><\/div><div class=\"fusion-title title fusion-title-5 fusion-sep-none fusion-title-center fusion-title-text fusion-title-size-three\"><h3 class=\"fusion-title-heading title-heading-center fusion-responsive-typography-calculated\" style=\"margin:0;--fontSize:28;line-height:1.5;\">Gestion \u00e9v\u00e9nementielle<\/h3><\/div><div class=\"fusion-text fusion-text-6\"><p style=\"text-align: center;\">Int\u00e9grez la gestion d&rsquo;\u00e9v\u00e9nements dans votre planification globale et stockez tous les d\u00e9tails de vos \u00e9v\u00e9nements dans ASIMUT. Communiquez les t\u00e2ches connexes dans le syst\u00e8me et tenez tout le monde au courant des changements jusqu&rsquo;\u00e0 la toute derni\u00e8re minute.<\/p>\n<\/div><div class=\"fusion-aligncenter\"><a class=\"fusion-button button-flat button-large button-default fusion-button-default button-3 fusion-button-default-span fusion-button-default-type\" target=\"_self\" href=\"https:\/\/asimut.com\/fr\/la-solution\/gestion-evenementielle\/\"><span class=\"fusion-button-text awb-button__text awb-button__text--default\">En savoir plus<\/span><\/a><\/div><div class=\"fusion-clearfix\"><\/div><\/div><\/div><\/div><div class=\"fusion-clearfix\"><\/div><\/div><\/div><\/div><\/div><div class=\"fusion-fullwidth fullwidth-box fusion-builder-row-3 nonhundred-percent-fullwidth non-hundred-percent-height-scrolling asimut-blue-bg\" style=\"--awb-border-radius-top-left:0px;--awb-border-radius-top-right:0px;--awb-border-radius-bottom-right:0px;--awb-border-radius-bottom-left:0px;--awb-background-color:#00253f;--awb-flex-wrap:wrap;\" ><div class=\"fusion-builder-row fusion-row\"><div class=\"fusion-layout-column fusion_builder_column fusion-builder-column-6 fusion_builder_column_2_3 2_3 fusion-two-third fusion-column-first\" style=\"--awb-bg-size:cover;width:66.666666666667%;width:calc(66.666666666667% - ( ( 4% ) * 0.66666666666667 ) );margin-right: 4%;\"><div class=\"fusion-column-wrapper fusion-flex-column-wrapper-legacy\"><div class=\"fusion-title title fusion-title-6 fusion-sep-none fusion-title-text fusion-title-size-two\"><h2 class=\"fusion-title-heading title-heading-left fusion-responsive-typography-calculated\" style=\"margin:0;--fontSize:38;line-height:1.4;\">Faire une demande de d\u00e9monstration<\/h2><\/div><div class=\"fusion-text fusion-text-7\"><p>Vous voulez savoir ce qu&rsquo;ASIMUT peut faire pour votre \u00e9tablissement?<br \/>\nDemandez une d\u00e9monstration en ligne gratuite ici!<\/p>\n<\/div><div class=\"fusion-clearfix\"><\/div><\/div><\/div><div class=\"fusion-layout-column fusion_builder_column fusion-builder-column-7 fusion_builder_column_1_3 1_3 fusion-one-third fusion-column-last\" style=\"--awb-bg-size:cover;--awb-margin-top:20px;width:33.333333333333%;width:calc(33.333333333333% - ( ( 4% ) * 0.33333333333333 ) );\"><div class=\"fusion-column-wrapper fusion-flex-column-wrapper-legacy\"><div class=\"fusion-alignleft\"><a class=\"fusion-button button-flat fusion-button-default-size button-default fusion-button-default button-4 fusion-button-default-span fusion-button-default-type\" target=\"_self\" title=\"Demande de d\u00e9mo\" aria-label=\"Demande de d\u00e9mo\" href=\"https:\/\/asimut.com\/fr\/demandez-une-demo\/\"><span class=\"fusion-button-text awb-button__text awb-button__text--default\">Demande de d\u00e9mo<\/span><\/a><\/div><div class=\"fusion-clearfix\"><\/div><\/div><\/div><\/div><\/div><div class=\"fusion-fullwidth fullwidth-box fusion-builder-row-4 nonhundred-percent-fullwidth non-hundred-percent-height-scrolling\" style=\"--awb-border-radius-top-left:0px;--awb-border-radius-top-right:0px;--awb-border-radius-bottom-right:0px;--awb-border-radius-bottom-left:0px;--awb-flex-wrap:wrap;\" ><div class=\"fusion-builder-row fusion-row\"><div class=\"fusion-layout-column fusion_builder_column fusion-builder-column-8 fusion_builder_column_1_2 1_2 fusion-one-half fusion-column-first\" style=\"--awb-bg-size:cover;width:50%;width:calc(50% - ( ( 4% ) * 0.5 ) );margin-right: 4%;\"><div class=\"fusion-column-wrapper fusion-flex-column-wrapper-legacy\"><div class=\"fusion-image-element in-legacy-container\" style=\"--awb-max-width:600px;--awb-caption-title-font-family:var(--h2_typography-font-family);--awb-caption-title-font-weight:var(--h2_typography-font-weight);--awb-caption-title-font-style:var(--h2_typography-font-style);--awb-caption-title-size:var(--h2_typography-font-size);--awb-caption-title-transform:var(--h2_typography-text-transform);--awb-caption-title-line-height:var(--h2_typography-line-height);--awb-caption-title-letter-spacing:var(--h2_typography-letter-spacing);\"><span class=\" fusion-imageframe imageframe-none imageframe-1 hover-type-none\"><img decoding=\"async\" width=\"1024\" height=\"573\" alt=\"Une main lev\u00e9e pour poser une question \u00e0 propos d&#039;ASIMUT\" title=\"UGM2018 0322\" src=\"https:\/\/asimut.com\/wp-content\/uploads\/2018\/10\/UGM2018-0322-e1540370621707-1024x573.jpg\" class=\"img-responsive wp-image-2953\"\/><\/span><\/div><div class=\"fusion-clearfix\"><\/div><\/div><\/div><div class=\"fusion-layout-column fusion_builder_column fusion-builder-column-9 fusion_builder_column_1_2 1_2 fusion-one-half fusion-column-last\" style=\"--awb-bg-size:cover;width:50%;width:calc(50% - ( ( 4% ) * 0.5 ) );\"><div class=\"fusion-column-wrapper fusion-flex-column-wrapper-legacy\"><div class=\"fusion-title title fusion-title-7 fusion-sep-none fusion-title-text fusion-title-size-two\"><h2 class=\"fusion-title-heading title-heading-left fusion-responsive-typography-calculated\" style=\"margin:0;--fontSize:38;line-height:1.4;\">Comment se lancer<\/h2><\/div><div class=\"fusion-text fusion-text-8\"><p>ASIMUT va r\u00e9volutionner votre travail de planification et de communication. D\u00e9couvrez avec nous comment vous pouvez tirer le meilleur parti du syst\u00e8me et laissez-nous vous guider dans son d\u00e9ploiement.<\/p>\n<\/div><div class=\"fusion-button-wrapper\"><a class=\"fusion-button button-flat button-large button-default fusion-button-default button-5 fusion-button-default-span fusion-button-default-type\" target=\"_self\" href=\"https:\/\/asimut.com\/fr\/deploiement\/\"><span class=\"fusion-button-text awb-button__text awb-button__text--default\">En savoir plus<\/span><\/a><\/div><div class=\"fusion-clearfix\"><\/div><\/div><\/div><\/div><\/div><div class=\"fusion-fullwidth fullwidth-box fusion-builder-row-5 nonhundred-percent-fullwidth non-hundred-percent-height-scrolling\" style=\"--awb-border-radius-top-left:0px;--awb-border-radius-top-right:0px;--awb-border-radius-bottom-right:0px;--awb-border-radius-bottom-left:0px;--awb-flex-wrap:wrap;\" ><div class=\"fusion-builder-row fusion-row\"><div class=\"fusion-layout-column fusion_builder_column fusion-builder-column-10 fusion_builder_column_1_2 1_2 fusion-one-half fusion-column-first\" style=\"--awb-bg-size:cover;width:50%;width:calc(50% - ( ( 4% ) * 0.5 ) );margin-right: 4%;\"><div class=\"fusion-column-wrapper fusion-flex-column-wrapper-legacy\"><div class=\"fusion-title title fusion-title-8 fusion-sep-none fusion-title-text fusion-title-size-two\"><h2 class=\"fusion-title-heading title-heading-left fusion-responsive-typography-calculated\" style=\"margin:0;--fontSize:38;line-height:1.4;\">Vos donn\u00e9es sont en s\u00e9curit\u00e9 chez nous!<\/h2><\/div><div class=\"fusion-text fusion-text-9\"><p>Nous attachons une grande importance \u00e0 la confidentialit\u00e9 de vos donn\u00e9es et nous sommes tr\u00e8s fiers de notre r\u00e9putation sans taches en mati\u00e8re de s\u00e9curit\u00e9. Notre mani\u00e8re de proc\u00e9der est conforme aux r\u00e9glementations RGPD et FERPA. Afin de nous assurer que nous nous conformons \u00e9galement \u00e0 toutes les autres lois et r\u00e9glementations importantes, nous sommes audit\u00e9 selon la norme ISAE 3000. Soyez donc assur\u00e9 que vos donn\u00e9es sont toujours en s\u00e9curit\u00e9 chez nous!<\/p>\n<\/div><div class=\"fusion-clearfix\"><\/div><\/div><\/div><div class=\"fusion-layout-column fusion_builder_column fusion-builder-column-11 fusion_builder_column_1_2 1_2 fusion-one-half fusion-column-last\" style=\"--awb-bg-size:cover;width:50%;width:calc(50% - ( ( 4% ) * 0.5 ) );\"><div class=\"fusion-column-wrapper fusion-flex-column-wrapper-legacy\"><div class=\"fusion-image-element in-legacy-container\" style=\"--awb-max-width:600px;--awb-caption-title-font-family:var(--h2_typography-font-family);--awb-caption-title-font-weight:var(--h2_typography-font-weight);--awb-caption-title-font-style:var(--h2_typography-font-style);--awb-caption-title-size:var(--h2_typography-font-size);--awb-caption-title-transform:var(--h2_typography-text-transform);--awb-caption-title-line-height:var(--h2_typography-line-height);--awb-caption-title-letter-spacing:var(--h2_typography-letter-spacing);\"><span class=\" fusion-imageframe imageframe-none imageframe-2 hover-type-none\"><img decoding=\"async\" width=\"1024\" height=\"602\" alt=\"Documents being handed over\" title=\"Asimut Amsterdam 6563 &#8211; Copy\" src=\"https:\/\/asimut.com\/wp-content\/uploads\/2018\/11\/Asimut-Amsterdam-6563-Copy-e1541577174589-1024x602.jpg\" class=\"img-responsive wp-image-3074\"\/><\/span><\/div><div class=\"fusion-clearfix\"><\/div><\/div><\/div><\/div><\/div><\/p>\n","protected":false},"excerpt":{"rendered":"","protected":false},"author":2,"featured_media":0,"parent":0,"menu_order":20,"comment_status":"closed","ping_status":"closed","template":"100-width.php","meta":{"footnotes":""},"class_list":["post-4043","page","type-page","status-publish","hentry"],"yoast_head":"<!-- This site is optimized with the Yoast SEO plugin v27.3 - https:\/\/yoast.com\/product\/yoast-seo-wordpress\/ -->\n<title>Gestion d&#039;emplois du temps, gestion des salles et gestion \u00e9v\u00e9nementielle - ASIMUT software<\/title>\n<meta name=\"robots\" content=\"index, follow, max-snippet:-1, max-image-preview:large, max-video-preview:-1\" \/>\n<link rel=\"canonical\" href=\"https:\/\/asimut.com\/fr\/la-solution\/\" \/>\n<meta property=\"og:locale\" content=\"fr_FR\" \/>\n<meta property=\"og:type\" content=\"article\" \/>\n<meta property=\"og:title\" content=\"Gestion d&#039;emplois du temps, gestion des salles et gestion \u00e9v\u00e9nementielle - ASIMUT software\" \/>\n<meta property=\"og:url\" content=\"https:\/\/asimut.com\/fr\/la-solution\/\" \/>\n<meta property=\"og:site_name\" content=\"ASIMUT software\" \/>\n<meta property=\"article:modified_time\" content=\"2025-11-21T10:37:26+00:00\" \/>\n<meta name=\"twitter:card\" content=\"summary_large_image\" \/>\n<meta name=\"twitter:label1\" content=\"Dur\u00e9e de lecture estim\u00e9e\" \/>\n\t<meta name=\"twitter:data1\" content=\"23 minutes\" \/>\n<script type=\"application\/ld+json\" class=\"yoast-schema-graph\">{\"@context\":\"https:\\\/\\\/schema.org\",\"@graph\":[{\"@type\":\"WebPage\",\"@id\":\"https:\\\/\\\/asimut.com\\\/fr\\\/la-solution\\\/\",\"url\":\"https:\\\/\\\/asimut.com\\\/fr\\\/la-solution\\\/\",\"name\":\"Gestion d'emplois du temps, gestion des salles et gestion \u00e9v\u00e9nementielle - ASIMUT software\",\"isPartOf\":{\"@id\":\"https:\\\/\\\/asimut.com\\\/es\\\/#website\"},\"datePublished\":\"2018-11-22T08:11:06+00:00\",\"dateModified\":\"2025-11-21T10:37:26+00:00\",\"breadcrumb\":{\"@id\":\"https:\\\/\\\/asimut.com\\\/fr\\\/la-solution\\\/#breadcrumb\"},\"inLanguage\":\"fr-FR\",\"potentialAction\":[{\"@type\":\"ReadAction\",\"target\":[\"https:\\\/\\\/asimut.com\\\/fr\\\/la-solution\\\/\"]}]},{\"@type\":\"BreadcrumbList\",\"@id\":\"https:\\\/\\\/asimut.com\\\/fr\\\/la-solution\\\/#breadcrumb\",\"itemListElement\":[{\"@type\":\"ListItem\",\"position\":1,\"name\":\"Home\",\"item\":\"https:\\\/\\\/asimut.com\\\/fr\\\/accueil\\\/\"},{\"@type\":\"ListItem\",\"position\":2,\"name\":\"Gestion d&#8217;emplois du temps, gestion des salles et gestion \u00e9v\u00e9nementielle\"}]},{\"@type\":\"WebSite\",\"@id\":\"https:\\\/\\\/asimut.com\\\/es\\\/#website\",\"url\":\"https:\\\/\\\/asimut.com\\\/es\\\/\",\"name\":\"ASIMUT software\",\"description\":\"Utilis\u00e9 par les meilleures institutions de musique, du th\u00e9\u00e2tre et des arts\",\"publisher\":{\"@id\":\"https:\\\/\\\/asimut.com\\\/es\\\/#organization\"},\"potentialAction\":[{\"@type\":\"SearchAction\",\"target\":{\"@type\":\"EntryPoint\",\"urlTemplate\":\"https:\\\/\\\/asimut.com\\\/es\\\/?s={search_term_string}\"},\"query-input\":{\"@type\":\"PropertyValueSpecification\",\"valueRequired\":true,\"valueName\":\"search_term_string\"}}],\"inLanguage\":\"fr-FR\"},{\"@type\":\"Organization\",\"@id\":\"https:\\\/\\\/asimut.com\\\/es\\\/#organization\",\"name\":\"ASIMUT software\",\"url\":\"https:\\\/\\\/asimut.com\\\/es\\\/\",\"logo\":{\"@type\":\"ImageObject\",\"inLanguage\":\"fr-FR\",\"@id\":\"https:\\\/\\\/asimut.com\\\/es\\\/#\\\/schema\\\/logo\\\/image\\\/\",\"url\":\"https:\\\/\\\/asimut.com\\\/wp-content\\\/uploads\\\/2017\\\/10\\\/A4-logo-horisontal.svg\",\"contentUrl\":\"https:\\\/\\\/asimut.com\\\/wp-content\\\/uploads\\\/2017\\\/10\\\/A4-logo-horisontal.svg\",\"width\":111.2,\"height\":15.2,\"caption\":\"ASIMUT software\"},\"image\":{\"@id\":\"https:\\\/\\\/asimut.com\\\/es\\\/#\\\/schema\\\/logo\\\/image\\\/\"},\"sameAs\":[\"https:\\\/\\\/www.linkedin.com\\\/company\\\/337884\\\/\"]}]}<\/script>\n<!-- \/ Yoast SEO plugin. -->","yoast_head_json":{"title":"Gestion d'emplois du temps, gestion des salles et gestion \u00e9v\u00e9nementielle - ASIMUT software","robots":{"index":"index","follow":"follow","max-snippet":"max-snippet:-1","max-image-preview":"max-image-preview:large","max-video-preview":"max-video-preview:-1"},"canonical":"https:\/\/asimut.com\/fr\/la-solution\/","og_locale":"fr_FR","og_type":"article","og_title":"Gestion d'emplois du temps, gestion des salles et gestion \u00e9v\u00e9nementielle - ASIMUT software","og_url":"https:\/\/asimut.com\/fr\/la-solution\/","og_site_name":"ASIMUT software","article_modified_time":"2025-11-21T10:37:26+00:00","twitter_card":"summary_large_image","twitter_misc":{"Dur\u00e9e de lecture estim\u00e9e":"23 minutes"},"schema":{"@context":"https:\/\/schema.org","@graph":[{"@type":"WebPage","@id":"https:\/\/asimut.com\/fr\/la-solution\/","url":"https:\/\/asimut.com\/fr\/la-solution\/","name":"Gestion d'emplois du temps, gestion des salles et gestion \u00e9v\u00e9nementielle - ASIMUT software","isPartOf":{"@id":"https:\/\/asimut.com\/es\/#website"},"datePublished":"2018-11-22T08:11:06+00:00","dateModified":"2025-11-21T10:37:26+00:00","breadcrumb":{"@id":"https:\/\/asimut.com\/fr\/la-solution\/#breadcrumb"},"inLanguage":"fr-FR","potentialAction":[{"@type":"ReadAction","target":["https:\/\/asimut.com\/fr\/la-solution\/"]}]},{"@type":"BreadcrumbList","@id":"https:\/\/asimut.com\/fr\/la-solution\/#breadcrumb","itemListElement":[{"@type":"ListItem","position":1,"name":"Home","item":"https:\/\/asimut.com\/fr\/accueil\/"},{"@type":"ListItem","position":2,"name":"Gestion d&#8217;emplois du temps, gestion des salles et gestion \u00e9v\u00e9nementielle"}]},{"@type":"WebSite","@id":"https:\/\/asimut.com\/es\/#website","url":"https:\/\/asimut.com\/es\/","name":"ASIMUT software","description":"Utilis\u00e9 par les meilleures institutions de musique, du th\u00e9\u00e2tre et des arts","publisher":{"@id":"https:\/\/asimut.com\/es\/#organization"},"potentialAction":[{"@type":"SearchAction","target":{"@type":"EntryPoint","urlTemplate":"https:\/\/asimut.com\/es\/?s={search_term_string}"},"query-input":{"@type":"PropertyValueSpecification","valueRequired":true,"valueName":"search_term_string"}}],"inLanguage":"fr-FR"},{"@type":"Organization","@id":"https:\/\/asimut.com\/es\/#organization","name":"ASIMUT software","url":"https:\/\/asimut.com\/es\/","logo":{"@type":"ImageObject","inLanguage":"fr-FR","@id":"https:\/\/asimut.com\/es\/#\/schema\/logo\/image\/","url":"https:\/\/asimut.com\/wp-content\/uploads\/2017\/10\/A4-logo-horisontal.svg","contentUrl":"https:\/\/asimut.com\/wp-content\/uploads\/2017\/10\/A4-logo-horisontal.svg","width":111.2,"height":15.2,"caption":"ASIMUT software"},"image":{"@id":"https:\/\/asimut.com\/es\/#\/schema\/logo\/image\/"},"sameAs":["https:\/\/www.linkedin.com\/company\/337884\/"]}]}},"_links":{"self":[{"href":"https:\/\/asimut.com\/fr\/wp-json\/wp\/v2\/pages\/4043","targetHints":{"allow":["GET"]}}],"collection":[{"href":"https:\/\/asimut.com\/fr\/wp-json\/wp\/v2\/pages"}],"about":[{"href":"https:\/\/asimut.com\/fr\/wp-json\/wp\/v2\/types\/page"}],"author":[{"embeddable":true,"href":"https:\/\/asimut.com\/fr\/wp-json\/wp\/v2\/users\/2"}],"replies":[{"embeddable":true,"href":"https:\/\/asimut.com\/fr\/wp-json\/wp\/v2\/comments?post=4043"}],"version-history":[{"count":2,"href":"https:\/\/asimut.com\/fr\/wp-json\/wp\/v2\/pages\/4043\/revisions"}],"predecessor-version":[{"id":18209,"href":"https:\/\/asimut.com\/fr\/wp-json\/wp\/v2\/pages\/4043\/revisions\/18209"}],"wp:attachment":[{"href":"https:\/\/asimut.com\/fr\/wp-json\/wp\/v2\/media?parent=4043"}],"curies":[{"name":"wp","href":"https:\/\/api.w.org\/{rel}","templated":true}]}}