{"id":8231,"date":"2019-02-08T14:48:40","date_gmt":"2019-02-08T13:48:40","guid":{"rendered":"https:\/\/asimut.com\/ugm2019\/"},"modified":"2019-02-08T14:48:40","modified_gmt":"2019-02-08T13:48:40","slug":"ugm2019","status":"publish","type":"page","link":"https:\/\/asimut.com\/fr\/ugm2019\/","title":{"rendered":"User Group Meeting 2019"},"content":{"rendered":"<p><div class=\"fusion-fullwidth fullwidth-box fusion-builder-row-1 nonhundred-percent-fullwidth non-hundred-percent-height-scrolling asimut-alt-bg\" style=\"--awb-border-radius-top-left:0px;--awb-border-radius-top-right:0px;--awb-border-radius-bottom-right:0px;--awb-border-radius-bottom-left:0px;--awb-flex-wrap:wrap;\" ><div class=\"fusion-builder-row fusion-row\"><div class=\"fusion-layout-column fusion_builder_column fusion-builder-column-0 fusion_builder_column_1_2 1_2 fusion-one-half fusion-column-first\" style=\"--awb-bg-size:cover;width:50%;width:calc(50% - ( ( 4% ) * 0.5 ) );margin-right: 4%;\"><div class=\"fusion-column-wrapper fusion-flex-column-wrapper-legacy\"><div class=\"fusion-title title fusion-title-1 fusion-sep-none fusion-title-text fusion-title-size-one\"><h1 class=\"fusion-title-heading title-heading-left fusion-responsive-typography-calculated\" style=\"margin:0;--fontSize:42;line-height:1.4;\">User Group Meeting 2019<\/h1><\/div><div class=\"fusion-text fusion-text-1\"><p>Our 6th user group meeting will take place April 4-5 and is hosted by the Royal Conservatoire of Scotland located in Glasgow, UK.<\/p>\n<\/div><div class=\"fusion-clearfix\"><\/div><\/div><\/div><div class=\"fusion-layout-column fusion_builder_column fusion-builder-column-1 fusion_builder_column_1_2 1_2 fusion-one-half fusion-column-last\" style=\"--awb-bg-size:cover;width:50%;width:calc(50% - ( ( 4% ) * 0.5 ) );\"><div class=\"fusion-column-wrapper fusion-flex-column-wrapper-legacy\"><div class=\"awb-gallery-wrapper awb-gallery-wrapper-1 button-span-no\"><div style=\"margin:-5px;--awb-bordersize:0px;\" class=\"fusion-gallery fusion-gallery-container fusion-grid-1 fusion-columns-total-1 fusion-gallery-layout-grid fusion-gallery-1\"><div style=\"padding:5px;\" class=\"fusion-grid-column fusion-gallery-column fusion-gallery-column-1 hover-type-none\"><div class=\"fusion-gallery-image\"><a href=\"https:\/\/asimut.com\/wp-content\/uploads\/2018\/11\/UGM2018-0115.jpg\" rel=\"noreferrer\" data-rel=\"iLightbox[gallery_image_1]\" class=\"fusion-lightbox\" target=\"_self\"><img decoding=\"async\" src=\"https:\/\/asimut.com\/wp-content\/uploads\/2018\/11\/UGM2018-0115.jpg\" width=\"5664\" height=\"2653\" alt=\"ASIMUT user group meeting 2018\" title=\"UGM2018 0115\" aria-label=\"UGM2018 0115\" class=\"img-responsive wp-image-4965\" srcset=\"https:\/\/asimut.com\/wp-content\/uploads\/2018\/11\/UGM2018-0115-200x94.jpg 200w, https:\/\/asimut.com\/wp-content\/uploads\/2018\/11\/UGM2018-0115-400x187.jpg 400w, https:\/\/asimut.com\/wp-content\/uploads\/2018\/11\/UGM2018-0115-600x281.jpg 600w, https:\/\/asimut.com\/wp-content\/uploads\/2018\/11\/UGM2018-0115-800x375.jpg 800w, https:\/\/asimut.com\/wp-content\/uploads\/2018\/11\/UGM2018-0115-1200x562.jpg 1200w, https:\/\/asimut.com\/wp-content\/uploads\/2018\/11\/UGM2018-0115.jpg 5664w\" sizes=\"(min-width: 2200px) 100vw, (min-width: 640px) 1170px, \" \/><\/a><\/div><\/div><div class=\"clearfix\"><\/div><\/div><\/div><div class=\"fusion-clearfix\"><\/div><\/div><\/div><\/div><\/div><div class=\"fusion-fullwidth fullwidth-box fusion-builder-row-2 nonhundred-percent-fullwidth non-hundred-percent-height-scrolling\" style=\"--awb-border-radius-top-left:0px;--awb-border-radius-top-right:0px;--awb-border-radius-bottom-right:0px;--awb-border-radius-bottom-left:0px;--awb-flex-wrap:wrap;\" ><div class=\"fusion-builder-row fusion-row\"><div class=\"fusion-layout-column fusion_builder_column fusion-builder-column-2 fusion_builder_column_2_3 2_3 fusion-two-third fusion-column-first\" style=\"--awb-bg-size:cover;width:66.666666666667%;width:calc(66.666666666667% - ( ( 4% ) * 0.66666666666667 ) );margin-right: 4%;\"><div class=\"fusion-column-wrapper fusion-flex-column-wrapper-legacy\"><div class=\"fusion-text fusion-text-2\"><p>The main purpose of the user group meeting is to discuss and prioritise future development, promote knowledge sharing and networking among our customers and provide training in new functionalities. But it is not all ASIMUT &#8211; we are delighted to host a forum where staff from the world\u2019s best run schools of music, drama and art meet, socialize and share professional knowledge and experience.<\/p>\n<p>Each year, the UGM is hosted by one of our clients, this year at the <a href=\"https:\/\/www.rcs.ac.uk\/\">Royal Conservatoire of Scotland<\/a>.\u00a0 Past events have taken place at the <a title=\"Opens external link in new window\" href=\"http:\/\/www.rcm.ac.uk\" target=\"_blank\" rel=\"noopener\">Royal College of Music<\/a> in London, the <a title=\"Opens external link in new window\" href=\"http:\/\/www.rwcmd.ac.uk\" target=\"_blank\" rel=\"noopener\">Royal Welsh College of Music and Drama<\/a> in Cardiff, the Conservatori Liceu in Barcelona, the <a title=\"Opens external link in new window\" href=\"https:\/\/www.conservatoriumvanamsterdam.nl\/en\/\" target=\"_blank\" rel=\"noopener\">Conservatory of Amsterdam<\/a>, the <a title=\"Opens external link in new window\" href=\"https:\/\/rmc.dk\/en\" target=\"_blank\" rel=\"noopener\">Rythmic Music Conservatory<\/a> and the <a title=\"Opens external link in new window\" href=\"https:\/\/ddsks.dk\/en\/frontpage\" target=\"_blank\" rel=\"noopener\">Danish National School of Performing Arts<\/a>.<\/p>\n<p>Since the first UGM, participation has grown from around 30 to more than 70 delegates, travelling from Europe, Asia and North America to participate. ASIMUT is used broadly at the institutions, and the participants reflect this: The UGM is attended by schedulers, event managers, building coordinators as well as directors, heads of department and student council representatives.<\/p>\n<p>The UGM is sponsored by ASIMUT software and our host institutions. Participation is free of charge, including all meals mentioned in the agenda. Participants must arrange their own travel and accommodation.<\/p>\n<\/div><div class=\"awb-gallery-wrapper awb-gallery-wrapper-2 button-span-no\"><div style=\"margin:-5px;--awb-bordersize:0px;\" class=\"fusion-gallery fusion-gallery-container fusion-grid-2 fusion-columns-total-2 fusion-gallery-layout-grid fusion-gallery-2\"><div style=\"padding:5px;\" class=\"fusion-grid-column fusion-gallery-column fusion-gallery-column-2 hover-type-none\"><div class=\"fusion-gallery-image\"><a href=\"https:\/\/asimut.com\/wp-content\/uploads\/2018\/12\/clyde-arc-min_1880158432.jpg\" rel=\"noreferrer\" data-rel=\"iLightbox[gallery_image_2]\" class=\"fusion-lightbox\" target=\"_self\"><img decoding=\"async\" src=\"https:\/\/asimut.com\/wp-content\/uploads\/2018\/12\/clyde-arc-min_1880158432-460x295.jpg\" width=\"460\" height=\"295\" alt=\"Clyde Arc in Glasgow\" title=\"clyde-arc-min_1880158432\" aria-label=\"clyde-arc-min_1880158432\" class=\"img-responsive wp-image-7083 fusion-gallery-image-size-fixed\"  \/><\/a><\/div><\/div><div class=\"clearfix\"><\/div><div style=\"padding:5px;\" class=\"fusion-grid-column fusion-gallery-column fusion-gallery-column-2 hover-type-none\"><div class=\"fusion-gallery-image\"><a href=\"https:\/\/asimut.com\/wp-content\/uploads\/2018\/12\/RCS-Frontage-1.jpg\" rel=\"noreferrer\" data-rel=\"iLightbox[gallery_image_2]\" class=\"fusion-lightbox\" target=\"_self\"><img decoding=\"async\" src=\"https:\/\/asimut.com\/wp-content\/uploads\/2018\/12\/RCS-Frontage-1-460x295.jpg\" width=\"460\" height=\"295\" alt=\"The frontage of the RCS building\" title=\"RCS Frontage\" aria-label=\"RCS Frontage\" class=\"img-responsive wp-image-7546 fusion-gallery-image-size-fixed\"  \/><\/a><\/div><\/div><\/div><\/div><div class=\"fusion-clearfix\"><\/div><\/div><\/div><div class=\"fusion-layout-column fusion_builder_column fusion-builder-column-3 fusion_builder_column_1_3 1_3 fusion-one-third fusion-column-last asimut-box asimut-alt-bg\" style=\"--awb-bg-size:cover;width:33.333333333333%;width:calc(33.333333333333% - ( ( 4% ) * 0.33333333333333 ) );\"><div class=\"fusion-column-wrapper fusion-flex-column-wrapper-legacy\"><div class=\"fusion-title title fusion-title-2 fusion-sep-none fusion-title-text fusion-title-size-three\"><h3 class=\"fusion-title-heading title-heading-left fusion-responsive-typography-calculated\" style=\"margin:0;--fontSize:28;line-height:1.5;\">Signing up<\/h3><\/div><div class=\"fusion-text fusion-text-3\"><p><a title=\"Opens external link in new window\" href=\"https:\/\/goo.gl\/forms\/UFUPIbaOkVMlKOR13\">Click here and complete the\u00a0form<\/a><\/p>\n<p>Deadline February 28th<\/p>\n<\/div><div class=\"fusion-title title fusion-title-3 fusion-sep-none fusion-title-text fusion-title-size-three\"><h3 class=\"fusion-title-heading title-heading-left fusion-responsive-typography-calculated\" style=\"margin:0;--fontSize:28;line-height:1.5;\">Download the brochure<\/h3><\/div><div class=\"fusion-text fusion-text-4\"><p>The brochure contains the agenda as well as descriptions of the different sessions and events during the meeting: <a href=\"https:\/\/asimut.com\/wp-content\/uploads\/2019\/02\/UGM-2019-Brochure-final.pdf\">UGM 2019 brochure<\/a><\/p>\n<\/div><div class=\"fusion-title title fusion-title-4 fusion-sep-none fusion-title-text fusion-title-size-three\"><h3 class=\"fusion-title-heading title-heading-left fusion-responsive-typography-calculated\" style=\"margin:0;--fontSize:28;line-height:1.5;\">Accommodation<\/h3><\/div><div class=\"fusion-text fusion-text-5\"><p>Here is a list of some of the hotels in the vicinity of the UGM venue:\u00a0<a href=\"https:\/\/asimut.com\/wp-content\/uploads\/2019\/01\/Accomodations.pdf\">Accomodations<\/a><\/p>\n<\/div><div class=\"fusion-title title fusion-title-5 fusion-sep-none fusion-title-text fusion-title-size-three\"><h3 class=\"fusion-title-heading title-heading-left fusion-responsive-typography-calculated\" style=\"margin:0;--fontSize:28;line-height:1.5;\">Transport Information<\/h3><\/div><div class=\"fusion-text fusion-text-6\"><p>The information is intended to allow participants to easily access the conference venues and Glasgow\u2019s transport network.<\/p>\n<p>Click <a href=\"https:\/\/asimut.com\/wp-content\/uploads\/2018\/12\/Transport-Information.pdf\" target=\"_blank\" rel=\"noopener\">here<\/a> to download all transport related information.<\/p>\n<\/div><div class=\"fusion-clearfix\"><\/div><\/div><\/div><\/div><\/div><\/p>\n","protected":false},"excerpt":{"rendered":"","protected":false},"author":2,"featured_media":0,"parent":0,"menu_order":81,"comment_status":"closed","ping_status":"closed","template":"100-width.php","meta":{"footnotes":""},"class_list":["post-8231","page","type-page","status-publish","hentry"],"yoast_head":"<!-- This site is optimized with the Yoast SEO plugin v27.3 - https:\/\/yoast.com\/product\/yoast-seo-wordpress\/ -->\n<title>User Group Meeting 2019 - ASIMUT software<\/title>\n<meta name=\"robots\" content=\"index, follow, max-snippet:-1, max-image-preview:large, max-video-preview:-1\" \/>\n<link rel=\"canonical\" href=\"https:\/\/asimut.com\/fr\/ugm2019\/\" \/>\n<meta property=\"og:locale\" content=\"fr_FR\" \/>\n<meta property=\"og:type\" content=\"article\" \/>\n<meta property=\"og:title\" content=\"User Group Meeting 2019 - ASIMUT software\" \/>\n<meta property=\"og:url\" content=\"https:\/\/asimut.com\/fr\/ugm2019\/\" \/>\n<meta property=\"og:site_name\" content=\"ASIMUT software\" \/>\n<meta name=\"twitter:card\" content=\"summary_large_image\" \/>\n<meta name=\"twitter:label1\" content=\"Dur\u00e9e de lecture estim\u00e9e\" \/>\n\t<meta name=\"twitter:data1\" content=\"6 minutes\" \/>\n<script type=\"application\/ld+json\" class=\"yoast-schema-graph\">{\"@context\":\"https:\\\/\\\/schema.org\",\"@graph\":[{\"@type\":\"WebPage\",\"@id\":\"https:\\\/\\\/asimut.com\\\/fr\\\/ugm2019\\\/\",\"url\":\"https:\\\/\\\/asimut.com\\\/fr\\\/ugm2019\\\/\",\"name\":\"User Group Meeting 2019 - ASIMUT software\",\"isPartOf\":{\"@id\":\"https:\\\/\\\/asimut.com\\\/es\\\/#website\"},\"datePublished\":\"2019-02-08T13:48:40+00:00\",\"breadcrumb\":{\"@id\":\"https:\\\/\\\/asimut.com\\\/fr\\\/ugm2019\\\/#breadcrumb\"},\"inLanguage\":\"fr-FR\",\"potentialAction\":[{\"@type\":\"ReadAction\",\"target\":[\"https:\\\/\\\/asimut.com\\\/fr\\\/ugm2019\\\/\"]}]},{\"@type\":\"BreadcrumbList\",\"@id\":\"https:\\\/\\\/asimut.com\\\/fr\\\/ugm2019\\\/#breadcrumb\",\"itemListElement\":[{\"@type\":\"ListItem\",\"position\":1,\"name\":\"Home\",\"item\":\"https:\\\/\\\/asimut.com\\\/fr\\\/accueil\\\/\"},{\"@type\":\"ListItem\",\"position\":2,\"name\":\"User Group Meeting 2019\"}]},{\"@type\":\"WebSite\",\"@id\":\"https:\\\/\\\/asimut.com\\\/es\\\/#website\",\"url\":\"https:\\\/\\\/asimut.com\\\/es\\\/\",\"name\":\"ASIMUT software\",\"description\":\"Utilis\u00e9 par les meilleures institutions de musique, du th\u00e9\u00e2tre et des arts\",\"publisher\":{\"@id\":\"https:\\\/\\\/asimut.com\\\/es\\\/#organization\"},\"potentialAction\":[{\"@type\":\"SearchAction\",\"target\":{\"@type\":\"EntryPoint\",\"urlTemplate\":\"https:\\\/\\\/asimut.com\\\/es\\\/?s={search_term_string}\"},\"query-input\":{\"@type\":\"PropertyValueSpecification\",\"valueRequired\":true,\"valueName\":\"search_term_string\"}}],\"inLanguage\":\"fr-FR\"},{\"@type\":\"Organization\",\"@id\":\"https:\\\/\\\/asimut.com\\\/es\\\/#organization\",\"name\":\"ASIMUT software\",\"url\":\"https:\\\/\\\/asimut.com\\\/es\\\/\",\"logo\":{\"@type\":\"ImageObject\",\"inLanguage\":\"fr-FR\",\"@id\":\"https:\\\/\\\/asimut.com\\\/es\\\/#\\\/schema\\\/logo\\\/image\\\/\",\"url\":\"https:\\\/\\\/asimut.com\\\/wp-content\\\/uploads\\\/2017\\\/10\\\/A4-logo-horisontal.svg\",\"contentUrl\":\"https:\\\/\\\/asimut.com\\\/wp-content\\\/uploads\\\/2017\\\/10\\\/A4-logo-horisontal.svg\",\"width\":111.2,\"height\":15.2,\"caption\":\"ASIMUT software\"},\"image\":{\"@id\":\"https:\\\/\\\/asimut.com\\\/es\\\/#\\\/schema\\\/logo\\\/image\\\/\"},\"sameAs\":[\"https:\\\/\\\/www.linkedin.com\\\/company\\\/337884\\\/\"]}]}<\/script>\n<!-- \/ Yoast SEO plugin. -->","yoast_head_json":{"title":"User Group Meeting 2019 - ASIMUT software","robots":{"index":"index","follow":"follow","max-snippet":"max-snippet:-1","max-image-preview":"max-image-preview:large","max-video-preview":"max-video-preview:-1"},"canonical":"https:\/\/asimut.com\/fr\/ugm2019\/","og_locale":"fr_FR","og_type":"article","og_title":"User Group Meeting 2019 - ASIMUT software","og_url":"https:\/\/asimut.com\/fr\/ugm2019\/","og_site_name":"ASIMUT software","twitter_card":"summary_large_image","twitter_misc":{"Dur\u00e9e de lecture estim\u00e9e":"6 minutes"},"schema":{"@context":"https:\/\/schema.org","@graph":[{"@type":"WebPage","@id":"https:\/\/asimut.com\/fr\/ugm2019\/","url":"https:\/\/asimut.com\/fr\/ugm2019\/","name":"User Group Meeting 2019 - ASIMUT software","isPartOf":{"@id":"https:\/\/asimut.com\/es\/#website"},"datePublished":"2019-02-08T13:48:40+00:00","breadcrumb":{"@id":"https:\/\/asimut.com\/fr\/ugm2019\/#breadcrumb"},"inLanguage":"fr-FR","potentialAction":[{"@type":"ReadAction","target":["https:\/\/asimut.com\/fr\/ugm2019\/"]}]},{"@type":"BreadcrumbList","@id":"https:\/\/asimut.com\/fr\/ugm2019\/#breadcrumb","itemListElement":[{"@type":"ListItem","position":1,"name":"Home","item":"https:\/\/asimut.com\/fr\/accueil\/"},{"@type":"ListItem","position":2,"name":"User Group Meeting 2019"}]},{"@type":"WebSite","@id":"https:\/\/asimut.com\/es\/#website","url":"https:\/\/asimut.com\/es\/","name":"ASIMUT software","description":"Utilis\u00e9 par les meilleures institutions de musique, du th\u00e9\u00e2tre et des arts","publisher":{"@id":"https:\/\/asimut.com\/es\/#organization"},"potentialAction":[{"@type":"SearchAction","target":{"@type":"EntryPoint","urlTemplate":"https:\/\/asimut.com\/es\/?s={search_term_string}"},"query-input":{"@type":"PropertyValueSpecification","valueRequired":true,"valueName":"search_term_string"}}],"inLanguage":"fr-FR"},{"@type":"Organization","@id":"https:\/\/asimut.com\/es\/#organization","name":"ASIMUT software","url":"https:\/\/asimut.com\/es\/","logo":{"@type":"ImageObject","inLanguage":"fr-FR","@id":"https:\/\/asimut.com\/es\/#\/schema\/logo\/image\/","url":"https:\/\/asimut.com\/wp-content\/uploads\/2017\/10\/A4-logo-horisontal.svg","contentUrl":"https:\/\/asimut.com\/wp-content\/uploads\/2017\/10\/A4-logo-horisontal.svg","width":111.2,"height":15.2,"caption":"ASIMUT software"},"image":{"@id":"https:\/\/asimut.com\/es\/#\/schema\/logo\/image\/"},"sameAs":["https:\/\/www.linkedin.com\/company\/337884\/"]}]}},"_links":{"self":[{"href":"https:\/\/asimut.com\/fr\/wp-json\/wp\/v2\/pages\/8231","targetHints":{"allow":["GET"]}}],"collection":[{"href":"https:\/\/asimut.com\/fr\/wp-json\/wp\/v2\/pages"}],"about":[{"href":"https:\/\/asimut.com\/fr\/wp-json\/wp\/v2\/types\/page"}],"author":[{"embeddable":true,"href":"https:\/\/asimut.com\/fr\/wp-json\/wp\/v2\/users\/2"}],"replies":[{"embeddable":true,"href":"https:\/\/asimut.com\/fr\/wp-json\/wp\/v2\/comments?post=8231"}],"version-history":[{"count":0,"href":"https:\/\/asimut.com\/fr\/wp-json\/wp\/v2\/pages\/8231\/revisions"}],"wp:attachment":[{"href":"https:\/\/asimut.com\/fr\/wp-json\/wp\/v2\/media?parent=8231"}],"curies":[{"name":"wp","href":"https:\/\/api.w.org\/{rel}","templated":true}]}}