{"id":8268,"date":"2019-04-10T11:04:44","date_gmt":"2019-04-10T09:04:44","guid":{"rendered":"https:\/\/asimut.com\/?page_id=8268"},"modified":"2023-12-12T13:03:54","modified_gmt":"2023-12-12T12:03:54","slug":"aec-annual-congress-2019","status":"publish","type":"page","link":"https:\/\/asimut.com\/fr\/aec-annual-congress-2019\/","title":{"rendered":"AEC Annual Congress 2019"},"content":{"rendered":"<div class=\"fusion-fullwidth fullwidth-box fusion-builder-row-1 nonhundred-percent-fullwidth non-hundred-percent-height-scrolling\" style=\"--awb-border-radius-top-left:0px;--awb-border-radius-top-right:0px;--awb-border-radius-bottom-right:0px;--awb-border-radius-bottom-left:0px;--awb-flex-wrap:wrap;\" ><div class=\"fusion-builder-row fusion-row\"><div class=\"fusion-layout-column fusion_builder_column fusion-builder-column-0 fusion_builder_column_2_3 2_3 fusion-two-third fusion-column-first\" style=\"--awb-bg-size:cover;width:66.666666666667%;width:calc(66.666666666667% - ( ( 4% ) * 0.66666666666667 ) );margin-right: 4%;\"><div class=\"fusion-column-wrapper fusion-flex-column-wrapper-legacy\"><div class=\"fusion-title title fusion-title-1 fusion-sep-none fusion-title-text fusion-title-size-one\"><h1 class=\"fusion-title-heading title-heading-left fusion-responsive-typography-calculated\" style=\"margin:0;--fontSize:42;line-height:1.4;\">Meet us at the AEC Congress 2019<\/h1><\/div><div class=\"fusion-text fusion-text-1\"><p>ASIMUT is a web based timetabling, room booking and event management system used by the best schools of music, drama and arts\u00a0all over the world.<\/p>\n<p>If you want to know more about the possibilities and benefits of ASIMUT or have a short introduction of the system, do not miss the chance to meet us:<\/p>\n<p><strong>AEC Annual Congress 2019<br \/>\nNovember 7th &#8211; 9th, 2019<br \/>\nConservatorio di Musica \u00ab\u00a0G. Verdi\u00a0\u00bb in Turin, Italy<\/strong><\/p>\n<p>The AEC (Association Europ\u00e9enne des Conservatoires) congress offers a unique possibility for networking and exchanging experience and ideas among representatives of the sector of music, drama and arts. We participate to learn even more about the world of the conservatories, to meet their representatives and to have a personal chat with some of our existing customers.<\/p>\n<p>If you would like to know more about ASIMUT, please have a look at these testimonials from our users:<a href=\"https:\/\/asimut.com\/fr\/temoignages\/\"> www.asimut.com\/how-others-use-it\/<\/a><\/p>\n<p>We are looking forward to meeting you there!<\/p>\n<\/div><div class=\"fusion-clearfix\"><\/div><\/div><\/div><div class=\"fusion-layout-column fusion_builder_column fusion-builder-column-1 fusion_builder_column_1_3 1_3 fusion-one-third fusion-column-last\" style=\"--awb-padding-top:60px;--awb-bg-size:cover;width:33.333333333333%;width:calc(33.333333333333% - ( ( 4% ) * 0.33333333333333 ) );\"><div class=\"fusion-column-wrapper fusion-flex-column-wrapper-legacy\"><div class=\"fusion-image-element in-legacy-container\" style=\"--awb-max-width:200px;--awb-caption-title-font-family:var(--h2_typography-font-family);--awb-caption-title-font-weight:var(--h2_typography-font-weight);--awb-caption-title-font-style:var(--h2_typography-font-style);--awb-caption-title-size:var(--h2_typography-font-size);--awb-caption-title-transform:var(--h2_typography-text-transform);--awb-caption-title-line-height:var(--h2_typography-line-height);--awb-caption-title-letter-spacing:var(--h2_typography-letter-spacing);\"><span class=\" fusion-imageframe imageframe-none imageframe-1 hover-type-none\"><img decoding=\"async\" width=\"300\" height=\"268\" alt=\"AEC logo\" title=\"aec_logo.jpg\" src=\"https:\/\/asimut.com\/wp-content\/uploads\/2016\/08\/aec_logo-e1544619576207-300x268.jpg\" class=\"img-responsive wp-image-5767\"\/><\/span><\/div><div class=\"fusion-text fusion-text-2\"><p>To find more information or to sign up for the annual conference, please visit the AEC <a href=\"https:\/\/www.aec-music.eu\/events\/aec-annual-congress-and-general-assembly-2019\">website<\/a> here.<\/p>\n<\/div><div class=\"fusion-image-element in-legacy-container\" style=\"--awb-caption-title-font-family:var(--h2_typography-font-family);--awb-caption-title-font-weight:var(--h2_typography-font-weight);--awb-caption-title-font-style:var(--h2_typography-font-style);--awb-caption-title-size:var(--h2_typography-font-size);--awb-caption-title-transform:var(--h2_typography-text-transform);--awb-caption-title-line-height:var(--h2_typography-line-height);--awb-caption-title-letter-spacing:var(--h2_typography-letter-spacing);\"><span class=\" fusion-imageframe imageframe-none imageframe-2 hover-type-none\"><img decoding=\"async\" width=\"210\" height=\"123\" title=\"logo-cst-new\" src=\"https:\/\/asimut.com\/wp-content\/uploads\/2019\/03\/logo-cst-new.jpg\" alt class=\"img-responsive wp-image-8258\" srcset=\"https:\/\/asimut.com\/wp-content\/uploads\/2019\/03\/logo-cst-new-200x117.jpg 200w, https:\/\/asimut.com\/wp-content\/uploads\/2019\/03\/logo-cst-new.jpg 210w\" sizes=\"(max-width: 800px) 100vw, 210px\" \/><\/span><\/div><div class=\"fusion-text fusion-text-3\"><p>To find more information, please visit the Conservatorio Statale di Musica Giuseppe Verdi\u00a0 <a href=\"https:\/\/www.conservatoriotorino.gov.it\/en\/\">website<\/a> here.<\/p>\n<\/div><div class=\"fusion-clearfix\"><\/div><\/div><\/div><div class=\"fusion-layout-column fusion_builder_column fusion-builder-column-2 fusion_builder_column_1_3 1_3 fusion-one-third fusion-column-first\" style=\"--awb-bg-size:cover;width:33.333333333333%;width:calc(33.333333333333% - ( ( 4% + 4% ) * 0.33333333333333 ) );margin-right: 4%;\"><div class=\"fusion-column-wrapper fusion-flex-column-wrapper-legacy\"><div class=\"fusion-image-element in-legacy-container\" style=\"--awb-caption-title-font-family:var(--h2_typography-font-family);--awb-caption-title-font-weight:var(--h2_typography-font-weight);--awb-caption-title-font-style:var(--h2_typography-font-style);--awb-caption-title-size:var(--h2_typography-font-size);--awb-caption-title-transform:var(--h2_typography-text-transform);--awb-caption-title-line-height:var(--h2_typography-line-height);--awb-caption-title-letter-spacing:var(--h2_typography-letter-spacing);\"><span class=\" fusion-imageframe imageframe-none imageframe-3 hover-type-none\"><img decoding=\"async\" width=\"1620\" height=\"1080\" title=\"Mads_A1-big\" src=\"https:\/\/asimut.com\/wp-content\/uploads\/2017\/10\/Mads_A1-big.jpg\" alt class=\"img-responsive wp-image-2559\" srcset=\"https:\/\/asimut.com\/wp-content\/uploads\/2017\/10\/Mads_A1-big-200x133.jpg 200w, https:\/\/asimut.com\/wp-content\/uploads\/2017\/10\/Mads_A1-big-400x267.jpg 400w, https:\/\/asimut.com\/wp-content\/uploads\/2017\/10\/Mads_A1-big-600x400.jpg 600w, https:\/\/asimut.com\/wp-content\/uploads\/2017\/10\/Mads_A1-big-800x533.jpg 800w, https:\/\/asimut.com\/wp-content\/uploads\/2017\/10\/Mads_A1-big-1200x800.jpg 1200w, https:\/\/asimut.com\/wp-content\/uploads\/2017\/10\/Mads_A1-big.jpg 1620w\" sizes=\"(max-width: 800px) 100vw, 400px\" \/><\/span><\/div><div class=\"fusion-title title fusion-title-2 fusion-sep-none fusion-title-text fusion-title-size-four\"><h4 class=\"fusion-title-heading title-heading-left fusion-responsive-typography-calculated\" style=\"margin:0;--fontSize:20;--minFontSize:20;line-height:1.5;\">Mads Skovbjerg Paldam<\/h4><\/div><div class=\"fusion-text fusion-text-4\"><p>CEO and owner<br \/>\nEmail: <a href=\"mailto:mads@asimut.com\">mads@asimut.com<\/a><br \/>\nPhone: +45 78 76 84 50<\/p>\n<\/div><div class=\"fusion-clearfix\"><\/div><\/div><\/div><div class=\"fusion-layout-column fusion_builder_column fusion-builder-column-3 fusion_builder_column_1_3 1_3 fusion-one-third\" style=\"--awb-bg-size:cover;width:33.333333333333%;width:calc(33.333333333333% - ( ( 4% + 4% ) * 0.33333333333333 ) );margin-right: 4%;\"><div class=\"fusion-column-wrapper fusion-flex-column-wrapper-legacy\"><div class=\"fusion-image-element in-legacy-container\" style=\"--awb-caption-title-font-family:var(--h2_typography-font-family);--awb-caption-title-font-weight:var(--h2_typography-font-weight);--awb-caption-title-font-style:var(--h2_typography-font-style);--awb-caption-title-size:var(--h2_typography-font-size);--awb-caption-title-transform:var(--h2_typography-text-transform);--awb-caption-title-line-height:var(--h2_typography-line-height);--awb-caption-title-letter-spacing:var(--h2_typography-letter-spacing);\"><span class=\" fusion-imageframe imageframe-none imageframe-4 hover-type-none\"><img decoding=\"async\" width=\"1620\" height=\"1080\" title=\"Dennis_A1-big\" src=\"https:\/\/asimut.com\/wp-content\/uploads\/2017\/10\/Dennis_A1-big.jpg\" alt class=\"img-responsive wp-image-2563\" srcset=\"https:\/\/asimut.com\/wp-content\/uploads\/2017\/10\/Dennis_A1-big-200x133.jpg 200w, https:\/\/asimut.com\/wp-content\/uploads\/2017\/10\/Dennis_A1-big-400x267.jpg 400w, https:\/\/asimut.com\/wp-content\/uploads\/2017\/10\/Dennis_A1-big-600x400.jpg 600w, https:\/\/asimut.com\/wp-content\/uploads\/2017\/10\/Dennis_A1-big-800x533.jpg 800w, https:\/\/asimut.com\/wp-content\/uploads\/2017\/10\/Dennis_A1-big-1200x800.jpg 1200w, https:\/\/asimut.com\/wp-content\/uploads\/2017\/10\/Dennis_A1-big.jpg 1620w\" sizes=\"(max-width: 800px) 100vw, 400px\" \/><\/span><\/div><div class=\"fusion-title title fusion-title-3 fusion-sep-none fusion-title-text fusion-title-size-four\"><h4 class=\"fusion-title-heading title-heading-left fusion-responsive-typography-calculated\" style=\"margin:0;--fontSize:20;--minFontSize:20;line-height:1.5;\">Dennis Jung M\u00f8ller<\/h4><\/div><div class=\"fusion-text fusion-text-5\"><p>Head of Sales and Implementations,<br \/>\nBachelor of Music<br \/>\nEmail:\u00a0<a href=\"mailto:dennis@asimut.com\">dennis@asimut.com<\/a><br \/>\nPhone: +45 23 83 12 87<\/p>\n<\/div><div class=\"fusion-clearfix\"><\/div><\/div><\/div><div class=\"fusion-layout-column fusion_builder_column fusion-builder-column-4 fusion_builder_column_1_3 1_3 fusion-one-third fusion-column-last\" style=\"--awb-bg-size:cover;width:33.333333333333%;width:calc(33.333333333333% - ( ( 4% + 4% ) * 0.33333333333333 ) );\"><div class=\"fusion-column-wrapper fusion-flex-column-wrapper-legacy\"><div class=\"fusion-image-element in-legacy-container\" style=\"--awb-caption-title-font-family:var(--h2_typography-font-family);--awb-caption-title-font-weight:var(--h2_typography-font-weight);--awb-caption-title-font-style:var(--h2_typography-font-style);--awb-caption-title-size:var(--h2_typography-font-size);--awb-caption-title-transform:var(--h2_typography-text-transform);--awb-caption-title-line-height:var(--h2_typography-line-height);--awb-caption-title-letter-spacing:var(--h2_typography-letter-spacing);\"><span class=\" fusion-imageframe imageframe-none imageframe-5 hover-type-none\"><img decoding=\"async\" width=\"1620\" height=\"1080\" title=\"Veronika-big\" src=\"https:\/\/asimut.com\/wp-content\/uploads\/2017\/10\/Veronika-big.jpg\" alt class=\"img-responsive wp-image-2583\" srcset=\"https:\/\/asimut.com\/wp-content\/uploads\/2017\/10\/Veronika-big-200x133.jpg 200w, https:\/\/asimut.com\/wp-content\/uploads\/2017\/10\/Veronika-big-400x267.jpg 400w, https:\/\/asimut.com\/wp-content\/uploads\/2017\/10\/Veronika-big-600x400.jpg 600w, https:\/\/asimut.com\/wp-content\/uploads\/2017\/10\/Veronika-big-800x533.jpg 800w, https:\/\/asimut.com\/wp-content\/uploads\/2017\/10\/Veronika-big-1200x800.jpg 1200w, https:\/\/asimut.com\/wp-content\/uploads\/2017\/10\/Veronika-big.jpg 1620w\" sizes=\"(max-width: 800px) 100vw, 400px\" \/><\/span><\/div><div class=\"fusion-title title fusion-title-4 fusion-sep-none fusion-title-text fusion-title-size-four\"><h4 class=\"fusion-title-heading title-heading-left fusion-responsive-typography-calculated\" style=\"margin:0;--fontSize:20;--minFontSize:20;line-height:1.5;\">Veronika Poulsen<\/h4><\/div><div class=\"fusion-text fusion-text-6\"><p>Customer Relations (German, French)<br \/>\nEmail:\u00a0<a href=\"mailto:veronika@asimut.com\">veronika@asimut.com<\/a><br \/>\nPhone: +45 78 76 84 50<\/p>\n<\/div><div class=\"fusion-clearfix\"><\/div><\/div><\/div><\/div><\/div>\n","protected":false},"excerpt":{"rendered":"","protected":false},"author":4,"featured_media":0,"parent":0,"menu_order":83,"comment_status":"closed","ping_status":"closed","template":"100-width.php","meta":{"footnotes":""},"class_list":["post-8268","page","type-page","status-publish","hentry"],"yoast_head":"<!-- This site is optimized with the Yoast SEO plugin v27.3 - https:\/\/yoast.com\/product\/yoast-seo-wordpress\/ -->\n<title>AEC Annual Congress 2019 - ASIMUT software<\/title>\n<meta name=\"robots\" content=\"index, follow, max-snippet:-1, max-image-preview:large, max-video-preview:-1\" \/>\n<link rel=\"canonical\" href=\"https:\/\/asimut.com\/fr\/aec-annual-congress-2019\/\" \/>\n<meta property=\"og:locale\" content=\"fr_FR\" \/>\n<meta property=\"og:type\" content=\"article\" \/>\n<meta property=\"og:title\" content=\"AEC Annual Congress 2019 - ASIMUT software\" \/>\n<meta property=\"og:url\" content=\"https:\/\/asimut.com\/fr\/aec-annual-congress-2019\/\" \/>\n<meta property=\"og:site_name\" content=\"ASIMUT software\" \/>\n<meta property=\"article:modified_time\" content=\"2023-12-12T12:03:54+00:00\" \/>\n<meta name=\"twitter:card\" content=\"summary_large_image\" \/>\n<meta name=\"twitter:label1\" content=\"Dur\u00e9e de lecture estim\u00e9e\" \/>\n\t<meta name=\"twitter:data1\" content=\"7 minutes\" \/>\n<script type=\"application\/ld+json\" class=\"yoast-schema-graph\">{\"@context\":\"https:\\\/\\\/schema.org\",\"@graph\":[{\"@type\":\"WebPage\",\"@id\":\"https:\\\/\\\/asimut.com\\\/fr\\\/aec-annual-congress-2019\\\/\",\"url\":\"https:\\\/\\\/asimut.com\\\/fr\\\/aec-annual-congress-2019\\\/\",\"name\":\"AEC Annual Congress 2019 - ASIMUT software\",\"isPartOf\":{\"@id\":\"https:\\\/\\\/asimut.com\\\/es\\\/#website\"},\"datePublished\":\"2019-04-10T09:04:44+00:00\",\"dateModified\":\"2023-12-12T12:03:54+00:00\",\"breadcrumb\":{\"@id\":\"https:\\\/\\\/asimut.com\\\/fr\\\/aec-annual-congress-2019\\\/#breadcrumb\"},\"inLanguage\":\"fr-FR\",\"potentialAction\":[{\"@type\":\"ReadAction\",\"target\":[\"https:\\\/\\\/asimut.com\\\/fr\\\/aec-annual-congress-2019\\\/\"]}]},{\"@type\":\"BreadcrumbList\",\"@id\":\"https:\\\/\\\/asimut.com\\\/fr\\\/aec-annual-congress-2019\\\/#breadcrumb\",\"itemListElement\":[{\"@type\":\"ListItem\",\"position\":1,\"name\":\"Home\",\"item\":\"https:\\\/\\\/asimut.com\\\/fr\\\/accueil\\\/\"},{\"@type\":\"ListItem\",\"position\":2,\"name\":\"AEC Annual Congress 2019\"}]},{\"@type\":\"WebSite\",\"@id\":\"https:\\\/\\\/asimut.com\\\/es\\\/#website\",\"url\":\"https:\\\/\\\/asimut.com\\\/es\\\/\",\"name\":\"ASIMUT software\",\"description\":\"Utilis\u00e9 par les meilleures institutions de musique, du th\u00e9\u00e2tre et des arts\",\"publisher\":{\"@id\":\"https:\\\/\\\/asimut.com\\\/es\\\/#organization\"},\"potentialAction\":[{\"@type\":\"SearchAction\",\"target\":{\"@type\":\"EntryPoint\",\"urlTemplate\":\"https:\\\/\\\/asimut.com\\\/es\\\/?s={search_term_string}\"},\"query-input\":{\"@type\":\"PropertyValueSpecification\",\"valueRequired\":true,\"valueName\":\"search_term_string\"}}],\"inLanguage\":\"fr-FR\"},{\"@type\":\"Organization\",\"@id\":\"https:\\\/\\\/asimut.com\\\/es\\\/#organization\",\"name\":\"ASIMUT software\",\"url\":\"https:\\\/\\\/asimut.com\\\/es\\\/\",\"logo\":{\"@type\":\"ImageObject\",\"inLanguage\":\"fr-FR\",\"@id\":\"https:\\\/\\\/asimut.com\\\/es\\\/#\\\/schema\\\/logo\\\/image\\\/\",\"url\":\"https:\\\/\\\/asimut.com\\\/wp-content\\\/uploads\\\/2017\\\/10\\\/A4-logo-horisontal.svg\",\"contentUrl\":\"https:\\\/\\\/asimut.com\\\/wp-content\\\/uploads\\\/2017\\\/10\\\/A4-logo-horisontal.svg\",\"width\":111.2,\"height\":15.2,\"caption\":\"ASIMUT software\"},\"image\":{\"@id\":\"https:\\\/\\\/asimut.com\\\/es\\\/#\\\/schema\\\/logo\\\/image\\\/\"},\"sameAs\":[\"https:\\\/\\\/www.linkedin.com\\\/company\\\/337884\\\/\"]}]}<\/script>\n<!-- \/ Yoast SEO plugin. -->","yoast_head_json":{"title":"AEC Annual Congress 2019 - ASIMUT software","robots":{"index":"index","follow":"follow","max-snippet":"max-snippet:-1","max-image-preview":"max-image-preview:large","max-video-preview":"max-video-preview:-1"},"canonical":"https:\/\/asimut.com\/fr\/aec-annual-congress-2019\/","og_locale":"fr_FR","og_type":"article","og_title":"AEC Annual Congress 2019 - ASIMUT software","og_url":"https:\/\/asimut.com\/fr\/aec-annual-congress-2019\/","og_site_name":"ASIMUT software","article_modified_time":"2023-12-12T12:03:54+00:00","twitter_card":"summary_large_image","twitter_misc":{"Dur\u00e9e de lecture estim\u00e9e":"7 minutes"},"schema":{"@context":"https:\/\/schema.org","@graph":[{"@type":"WebPage","@id":"https:\/\/asimut.com\/fr\/aec-annual-congress-2019\/","url":"https:\/\/asimut.com\/fr\/aec-annual-congress-2019\/","name":"AEC Annual Congress 2019 - ASIMUT software","isPartOf":{"@id":"https:\/\/asimut.com\/es\/#website"},"datePublished":"2019-04-10T09:04:44+00:00","dateModified":"2023-12-12T12:03:54+00:00","breadcrumb":{"@id":"https:\/\/asimut.com\/fr\/aec-annual-congress-2019\/#breadcrumb"},"inLanguage":"fr-FR","potentialAction":[{"@type":"ReadAction","target":["https:\/\/asimut.com\/fr\/aec-annual-congress-2019\/"]}]},{"@type":"BreadcrumbList","@id":"https:\/\/asimut.com\/fr\/aec-annual-congress-2019\/#breadcrumb","itemListElement":[{"@type":"ListItem","position":1,"name":"Home","item":"https:\/\/asimut.com\/fr\/accueil\/"},{"@type":"ListItem","position":2,"name":"AEC Annual Congress 2019"}]},{"@type":"WebSite","@id":"https:\/\/asimut.com\/es\/#website","url":"https:\/\/asimut.com\/es\/","name":"ASIMUT software","description":"Utilis\u00e9 par les meilleures institutions de musique, du th\u00e9\u00e2tre et des arts","publisher":{"@id":"https:\/\/asimut.com\/es\/#organization"},"potentialAction":[{"@type":"SearchAction","target":{"@type":"EntryPoint","urlTemplate":"https:\/\/asimut.com\/es\/?s={search_term_string}"},"query-input":{"@type":"PropertyValueSpecification","valueRequired":true,"valueName":"search_term_string"}}],"inLanguage":"fr-FR"},{"@type":"Organization","@id":"https:\/\/asimut.com\/es\/#organization","name":"ASIMUT software","url":"https:\/\/asimut.com\/es\/","logo":{"@type":"ImageObject","inLanguage":"fr-FR","@id":"https:\/\/asimut.com\/es\/#\/schema\/logo\/image\/","url":"https:\/\/asimut.com\/wp-content\/uploads\/2017\/10\/A4-logo-horisontal.svg","contentUrl":"https:\/\/asimut.com\/wp-content\/uploads\/2017\/10\/A4-logo-horisontal.svg","width":111.2,"height":15.2,"caption":"ASIMUT software"},"image":{"@id":"https:\/\/asimut.com\/es\/#\/schema\/logo\/image\/"},"sameAs":["https:\/\/www.linkedin.com\/company\/337884\/"]}]}},"_links":{"self":[{"href":"https:\/\/asimut.com\/fr\/wp-json\/wp\/v2\/pages\/8268","targetHints":{"allow":["GET"]}}],"collection":[{"href":"https:\/\/asimut.com\/fr\/wp-json\/wp\/v2\/pages"}],"about":[{"href":"https:\/\/asimut.com\/fr\/wp-json\/wp\/v2\/types\/page"}],"author":[{"embeddable":true,"href":"https:\/\/asimut.com\/fr\/wp-json\/wp\/v2\/users\/4"}],"replies":[{"embeddable":true,"href":"https:\/\/asimut.com\/fr\/wp-json\/wp\/v2\/comments?post=8268"}],"version-history":[{"count":0,"href":"https:\/\/asimut.com\/fr\/wp-json\/wp\/v2\/pages\/8268\/revisions"}],"wp:attachment":[{"href":"https:\/\/asimut.com\/fr\/wp-json\/wp\/v2\/media?parent=8268"}],"curies":[{"name":"wp","href":"https:\/\/api.w.org\/{rel}","templated":true}]}}