{"id":4325,"date":"2018-11-23T10:29:55","date_gmt":"2018-11-23T08:29:55","guid":{"rendered":"https:\/\/asimut.com\/come-viene-usato\/royal-conservatoire-of-scotland\/"},"modified":"2021-09-08T14:47:19","modified_gmt":"2021-09-08T12:47:19","slug":"royal-conservatoire-of-scotland","status":"publish","type":"page","link":"https:\/\/asimut.com\/it\/testimonial\/royal-conservatoire-of-scotland\/","title":{"rendered":"Royal Conservatoire of Scotland"},"content":{"rendered":"<p><div class=\"fusion-fullwidth fullwidth-box fusion-builder-row-1 nonhundred-percent-fullwidth non-hundred-percent-height-scrolling asimut-alt-bg\" style=\"--awb-border-radius-top-left:0px;--awb-border-radius-top-right:0px;--awb-border-radius-bottom-right:0px;--awb-border-radius-bottom-left:0px;--awb-flex-wrap:wrap;\" ><div class=\"fusion-builder-row fusion-row\"><div class=\"fusion-layout-column fusion_builder_column fusion-builder-column-0 fusion_builder_column_2_3 2_3 fusion-two-third fusion-column-first\" style=\"--awb-bg-size:cover;width:66.666666666667%;width:calc(66.666666666667% - ( ( 4% ) * 0.66666666666667 ) );margin-right: 4%;\"><div class=\"fusion-column-wrapper fusion-flex-column-wrapper-legacy\"><div class=\"fusion-title title fusion-title-1 fusion-sep-none fusion-title-text fusion-title-size-two\"><h2 class=\"fusion-title-heading title-heading-left fusion-responsive-typography-calculated\" style=\"margin:0;--fontSize:38;line-height:1.4;\">Royal Conservatoire of Scotland, Glasgow<\/h2><\/div><div class=\"fusion-text fusion-text-1\"><p>Il Royal Conservatoire of Scotland \u00e8 uno dei maggiori conservatori in Europa, nonch\u00e9 il luogo in cui agli studenti \u00e8 permesso raggiungere l&#8217;eccellenza e conseguire il loro sogno di diventare grandi artisti. Il Campus di Renfrew Street e i premiati Studios di Speirs Locks nel cuore artistico della Scozia, Glasgow, forniscono magnifiche strutture per insegnamenti eccezionali, molti spazi in cui gli studenti possono esercitarsi e molteplici locations di prima qualit\u00e0, i quali facilitano oltre 600 spettacoli ogni anno.<\/p>\n<\/div><div class=\"fusion-clearfix\"><\/div><\/div><\/div><div class=\"fusion-layout-column fusion_builder_column fusion-builder-column-1 fusion_builder_column_1_3 1_3 fusion-one-third fusion-column-last\" style=\"--awb-bg-size:cover;width:33.333333333333%;width:calc(33.333333333333% - ( ( 4% ) * 0.33333333333333 ) );\"><div class=\"fusion-column-wrapper fusion-flex-column-wrapper-legacy\"><div class=\"fusion-image-element in-legacy-container\" style=\"--awb-caption-title-font-family:var(--h2_typography-font-family);--awb-caption-title-font-weight:var(--h2_typography-font-weight);--awb-caption-title-font-style:var(--h2_typography-font-style);--awb-caption-title-size:var(--h2_typography-font-size);--awb-caption-title-transform:var(--h2_typography-text-transform);--awb-caption-title-line-height:var(--h2_typography-line-height);--awb-caption-title-letter-spacing:var(--h2_typography-letter-spacing);\"><span class=\" fusion-imageframe imageframe-none imageframe-1 hover-type-none\"><img title=\"RCS-logo-web\" alt class=\"img-responsive wp-image-3645\"\/><\/span><\/div><div class=\"fusion-clearfix\"><\/div><\/div><\/div><\/div><\/div><div class=\"fusion-fullwidth fullwidth-box fusion-builder-row-2 nonhundred-percent-fullwidth non-hundred-percent-height-scrolling\" style=\"--awb-border-radius-top-left:0px;--awb-border-radius-top-right:0px;--awb-border-radius-bottom-right:0px;--awb-border-radius-bottom-left:0px;--awb-flex-wrap:wrap;\" ><div class=\"fusion-builder-row fusion-row\"><div class=\"fusion-layout-column fusion_builder_column fusion-builder-column-2 fusion_builder_column_1_2 1_2 fusion-one-half fusion-column-first\" style=\"--awb-bg-size:cover;width:50%;width:calc(50% - ( ( 4% ) * 0.5 ) );margin-right: 4%;\"><div class=\"fusion-column-wrapper fusion-flex-column-wrapper-legacy\"><div class=\"fusion-video fusion-vimeo\" style=\"--awb-max-width:600px;--awb-max-height:360px;\"><div class=\"video-shortcode\"><div class=\"fluid-width-video-wrapper\" style=\"padding-top:60%;\" ><iframe title=\"Vimeo video player 1\" src=\"https:\/\/player.vimeo.com\/video\/304310359?autoplay=0&amp;autopause=0\" width=\"600\" height=\"360\" allowfullscreen allow=\"autoplay; fullscreen\"><\/iframe><\/div><\/div><\/div><div class=\"fusion-text fusion-text-2\"><p>Andrea McManus ci parla degli aspetti migliori dell&#8217;esperienza ASIMUT<\/p>\n<\/div><div class=\"fusion-clearfix\"><\/div><\/div><\/div><div class=\"fusion-layout-column fusion_builder_column fusion-builder-column-3 fusion_builder_column_1_2 1_2 fusion-one-half fusion-column-last\" style=\"--awb-bg-size:cover;width:50%;width:calc(50% - ( ( 4% ) * 0.5 ) );\"><div class=\"fusion-column-wrapper fusion-flex-column-wrapper-legacy\"><div class=\"fusion-clearfix\"><\/div><\/div><\/div><div class=\"fusion-layout-column fusion_builder_column fusion-builder-column-4 fusion_builder_column_2_3 2_3 fusion-two-third fusion-column-first\" style=\"--awb-bg-size:cover;width:66.666666666667%;width:calc(66.666666666667% - ( ( 4% ) * 0.66666666666667 ) );margin-right: 4%;\"><div class=\"fusion-column-wrapper fusion-column-has-shadow fusion-flex-column-wrapper-legacy\"><div class=\"fusion-title title fusion-title-2 fusion-sep-none fusion-title-text fusion-title-size-three\"><h3 class=\"fusion-title-heading title-heading-left fusion-responsive-typography-calculated\" style=\"margin:0;--fontSize:28;line-height:1.5;\">Quello che un tempo era un esercizio cartaceo&#8230;<\/h3><\/div><div class=\"fusion-text fusion-text-3\"><p>Il Royal Conservatoire of Scotland combina con successo il registro degli studenti con la conferma di prenotazione aule.\u00a0 Un&#8217;occhiata dietro le quinte a Glasgow.<\/p>\n<\/div><div class=\"fusion-title title fusion-title-3 fusion-sep-none fusion-title-text fusion-title-size-four\"><h4 class=\"fusion-title-heading title-heading-left fusion-responsive-typography-calculated\" style=\"margin:0;--fontSize:20;--minFontSize:20;line-height:1.5;\">Sfide che sono pi\u00f9 grandi di un foglio di carta<\/h4><\/div><div class=\"fusion-text fusion-text-4\"><p>In effetti, non \u00e8 proprio quello che definiresti un angolo tranquillo. Il Royal Conservatoire of Scotland di Glasgow, una delle 3 migliori destinazioni al mondo per le arti dello spettacolo (QS World University Rankings 2021) e utente ASIMUT dal 2013, si trova in Renfrew Street, in prossimit\u00e0 del cinema pi\u00f9 alto del mondo, il Theatre Royal, e nello stesso quartiere del National Theatre di Scozia, la Glasgow School of Art e della Scottish Opera. Il campus del Conservatorio include anche delle vere e proprie sedi per performance professionali a s\u00e9 stanti &#8211; il New Athenaeum Theatre e il Stevenson Hall tra le tante &#8211; inoltre include la Whittaker Library, studi di registrazione, suite di film editing, la Alexander Gibson Opera School, infrastrutture per arti e design di produzione, scuole di danza classica e, ovviamente, una vasta gamma di sale prove.<\/p>\n<p>Il Conservatorio, insieme al vincitore di award, Wallace Studio, fa parte del campus che risiede nel cuore artistico della Scozia, Glasgow. Di sicuro, l&#8217;eccezionale insegnamento della scuola pu\u00f2 attingere a strutture a dir poco magnifiche. Il totale di oltre 90 sale prove e studi ad uso degli studenti \u00e8 progettato per aiutare ad produrre oltre 600 spettacoli ogni anno (pre-Covid). L&#8217;ultima cosa che ci si aspetterebbe \u00e8 un sistema basato su carta e penna &#8211; eppure era proprio questo lo scenario prima dell&#8217;arrivo di ASIMUT.<\/p>\n<p><em>\u201cPrima, gli studenti dovevano compilare un foglio di iscrizione per avere un&#8217;aula e funzionava col principio di &#8220;primo arrivato, primo servito&#8221;; e non era sicuro che avrebbero ricevuto una stanza. Valeva lo stesso anche per le lezioni individuali con i docenti&#8221;<\/em>, spiega Andrea McManus, Space Planning Manager del Royal Conservatoire. Funzionava allo stesso modo per le assenze: <em>\u201cAncora una volta, quello era un esercizio cartaceo.&#8221;<\/em><\/p>\n<\/div><div class=\"fusion-title title fusion-title-4 fusion-sep-none fusion-title-text fusion-title-size-four\"><h4 class=\"fusion-title-heading title-heading-left fusion-responsive-typography-calculated\" style=\"margin:0;--fontSize:20;--minFontSize:20;line-height:1.5;\">Una combinazione brillante tra privilegi di prenotazione e riconferma della prenotazione<\/h4><\/div><div class=\"fusion-text fusion-text-5\"><p>Ma come hanno fatto? <em>\u201cLe regole di prenotazione sono suddivise per strumento e corso di studi, quindi ci sono alcune stanze che sono, ad esempio, per i nostri studenti di tastiera o di archi; hanno accesso a quelle stanze e sanno che qualcuno che sta studiando qualcos&#8217;altro non sar\u00e0 in quella stanza e sanno di avere un&#8217;assegnazione che assicurer\u00e0 loro uno spazio per esercitarsi\u201d<\/em>, dice Andrea.<\/p>\n<p>Il modulo di riconferma ha giocato un ruolo centrale, ed ha aiutato allo stesso modo sia gli studenti che i professori dei corsi individuali. <em>\u201cOra i nostri studenti possono prenotare una sala prove nell&#8217;interfaccia comune, e avranno una prenotazione provvisoria, cos\u00ec potranno entrare, modificare orari, cambiare stanza, cancellare la prenotazione; tuttavia, se non entrano nell&#8217;edificio, la prenotazione si cancella automaticamente, cos\u00ec che un altro studente possa prenotare.\u201d<\/em><\/p>\n<\/div><div class=\"fusion-title title fusion-title-5 fusion-sep-none fusion-title-text fusion-title-size-four\"><h4 class=\"fusion-title-heading title-heading-left fusion-responsive-typography-calculated\" style=\"margin:0;--fontSize:20;--minFontSize:20;line-height:1.5;\">I chioschi sono (una) chiave<\/h4><\/div><div class=\"fusion-text fusion-text-6\"><p>Un ruolo cruciale per la riconferma \u00e8 giocato dai chioschi ASIMUT nell&#8217;edificio. <em>&#8220;Gli studenti e il personale possono strisciare il badge o il tesserino, che \u00e8 anche sincronizzato con i nostri sistemi per studenti e sistemi per il personale, e cos\u00ec confermano la loro prenotazione. \u00e8 un sistema grandioso perch\u00e9 vuol dire che le aule vengono effettivamente usate; non vengono prenotate per lunghi periodi di tempo per poi restare vuote. Vuol dire che gli studenti e il personale hanno miglior accesso alle aule&#8230; e gli spazi sono sfruttati al meglio&#8221;<\/em>, aggiunge Andrea. In effetti, l&#8217;integrazione con un sistema di registro degli studenti interno pu\u00f2 essere una combinazione potente e avere tutto sincronizzato <em>\u201cpremendo un semplice pulsante\u201d<\/em> \u00e8 ci\u00f2 che la entusiasma.<\/p>\n<\/div><div class=\"fusion-title title fusion-title-6 fusion-sep-none fusion-title-text fusion-title-size-four\"><h4 class=\"fusion-title-heading title-heading-left fusion-responsive-typography-calculated\" style=\"margin:0;--fontSize:20;--minFontSize:20;line-height:1.5;\">I benefici in breve<\/h4><\/div><div class=\"fusion-text fusion-text-7\"><p>Guardando ai benefici, Andrea menziona chiarezza di informazione, nell&#8217;avere il proprio orario sempre disponibile \u2013 <em>\u201csempre corretto e aggiornato\u201d<\/em> \u2013 e anche accesso alle loro lezioni individuali\u2026 \u00e8 il potere dell&#8217;<em>&#8220;aggiornamento istantaneo dove necessario\u201d<\/em>.<\/p>\n<p><em>\u201cPuoi confrontare i conflitti di prenotazione delle tue aule, le persone partecipanti ai tuoi eventi&#8230; \u00e8 un enorme risparmio di tempo.\u201d<\/em> Infatti, il sistema controlla da solo i conflitti nel prenotare un&#8217;aula, quindi c&#8217;\u00e8 sempre questa rete di sicurezza in pi\u00f9.<br \/>\n<em>\u201cASIMUT ha migliorato l&#8217;esperienza dei nostri studenti e personale.\u201d<\/em> Potrebbe esserci un complimento migliore?<\/p>\n<\/div><div class=\"fusion-clearfix\"><\/div><\/div><\/div><div class=\"fusion-layout-column fusion_builder_column fusion-builder-column-5 fusion_builder_column_1_3 1_3 fusion-one-third fusion-column-last asimut-box asimut-alt-bg\" style=\"--awb-bg-size:cover;width:33.333333333333%;width:calc(33.333333333333% - ( ( 4% ) * 0.33333333333333 ) );\"><div class=\"fusion-column-wrapper fusion-column-has-shadow fusion-flex-column-wrapper-legacy\"><div class=\"fusion-text fusion-text-8\"><p>Per saperne di pi\u00f9 sui moduli di frequenza e riconferma, o scoprire come connettere il tuo sistema di informazione sugli studenti tramite un&#8217;API, <a href=\"https:\/\/asimut.com\/it\/contatti\/\">contatta il nostro team di relazioni con i clienti<\/a>.<\/p>\n<\/div><div class=\"fusion-clearfix\"><\/div><\/div><\/div><\/div><\/div><\/p>\n","protected":false},"excerpt":{"rendered":"","protected":false},"author":6,"featured_media":3767,"parent":3867,"menu_order":0,"comment_status":"closed","ping_status":"closed","template":"100-width.php","meta":{"footnotes":""},"class_list":["post-4325","page","type-page","status-publish","has-post-thumbnail","hentry"],"yoast_head":"<!-- This site is optimized with the Yoast SEO plugin v27.3 - https:\/\/yoast.com\/product\/yoast-seo-wordpress\/ -->\n<title>Royal Conservatoire of Scotland - ASIMUT software<\/title>\n<meta name=\"robots\" content=\"index, follow, max-snippet:-1, max-image-preview:large, max-video-preview:-1\" \/>\n<link rel=\"canonical\" href=\"https:\/\/asimut.com\/it\/testimonial\/royal-conservatoire-of-scotland\/\" \/>\n<meta property=\"og:locale\" content=\"it_IT\" \/>\n<meta property=\"og:type\" content=\"article\" \/>\n<meta property=\"og:title\" content=\"Royal Conservatoire of Scotland - ASIMUT software\" \/>\n<meta property=\"og:url\" content=\"https:\/\/asimut.com\/it\/testimonial\/royal-conservatoire-of-scotland\/\" \/>\n<meta property=\"og:site_name\" content=\"ASIMUT software\" \/>\n<meta property=\"article:modified_time\" content=\"2021-09-08T12:47:19+00:00\" \/>\n<meta property=\"og:image\" content=\"https:\/\/asimut.com\/wp-content\/uploads\/2018\/11\/Andrea-McManus.jpg\" \/>\n\t<meta property=\"og:image:width\" content=\"1920\" \/>\n\t<meta property=\"og:image:height\" content=\"1080\" \/>\n\t<meta property=\"og:image:type\" content=\"image\/jpeg\" \/>\n<meta name=\"twitter:card\" content=\"summary_large_image\" \/>\n<meta name=\"twitter:label1\" content=\"Tempo di lettura stimato\" \/>\n\t<meta name=\"twitter:data1\" content=\"16 minuti\" \/>\n<script type=\"application\/ld+json\" class=\"yoast-schema-graph\">{\"@context\":\"https:\\\/\\\/schema.org\",\"@graph\":[{\"@type\":\"WebPage\",\"@id\":\"https:\\\/\\\/asimut.com\\\/it\\\/testimonial\\\/royal-conservatoire-of-scotland\\\/\",\"url\":\"https:\\\/\\\/asimut.com\\\/it\\\/testimonial\\\/royal-conservatoire-of-scotland\\\/\",\"name\":\"Royal Conservatoire of Scotland - ASIMUT software\",\"isPartOf\":{\"@id\":\"https:\\\/\\\/asimut.com\\\/es\\\/#website\"},\"primaryImageOfPage\":{\"@id\":\"https:\\\/\\\/asimut.com\\\/it\\\/testimonial\\\/royal-conservatoire-of-scotland\\\/#primaryimage\"},\"image\":{\"@id\":\"https:\\\/\\\/asimut.com\\\/it\\\/testimonial\\\/royal-conservatoire-of-scotland\\\/#primaryimage\"},\"thumbnailUrl\":\"https:\\\/\\\/asimut.com\\\/wp-content\\\/uploads\\\/2018\\\/11\\\/Andrea-McManus.jpg\",\"datePublished\":\"2018-11-23T08:29:55+00:00\",\"dateModified\":\"2021-09-08T12:47:19+00:00\",\"breadcrumb\":{\"@id\":\"https:\\\/\\\/asimut.com\\\/it\\\/testimonial\\\/royal-conservatoire-of-scotland\\\/#breadcrumb\"},\"inLanguage\":\"it-IT\",\"potentialAction\":[{\"@type\":\"ReadAction\",\"target\":[\"https:\\\/\\\/asimut.com\\\/it\\\/testimonial\\\/royal-conservatoire-of-scotland\\\/\"]}]},{\"@type\":\"ImageObject\",\"inLanguage\":\"it-IT\",\"@id\":\"https:\\\/\\\/asimut.com\\\/it\\\/testimonial\\\/royal-conservatoire-of-scotland\\\/#primaryimage\",\"url\":\"https:\\\/\\\/asimut.com\\\/wp-content\\\/uploads\\\/2018\\\/11\\\/Andrea-McManus.jpg\",\"contentUrl\":\"https:\\\/\\\/asimut.com\\\/wp-content\\\/uploads\\\/2018\\\/11\\\/Andrea-McManus.jpg\",\"width\":1920,\"height\":1080},{\"@type\":\"BreadcrumbList\",\"@id\":\"https:\\\/\\\/asimut.com\\\/it\\\/testimonial\\\/royal-conservatoire-of-scotland\\\/#breadcrumb\",\"itemListElement\":[{\"@type\":\"ListItem\",\"position\":1,\"name\":\"Home\",\"item\":\"https:\\\/\\\/asimut.com\\\/it\\\/home\\\/\"},{\"@type\":\"ListItem\",\"position\":2,\"name\":\"Testimonial\",\"item\":\"https:\\\/\\\/asimut.com\\\/it\\\/testimonial\\\/\"},{\"@type\":\"ListItem\",\"position\":3,\"name\":\"Royal Conservatoire of Scotland\"}]},{\"@type\":\"WebSite\",\"@id\":\"https:\\\/\\\/asimut.com\\\/es\\\/#website\",\"url\":\"https:\\\/\\\/asimut.com\\\/es\\\/\",\"name\":\"ASIMUT software\",\"description\":\"In uso nelle migliori scuole di musica, recitazione e arti performative\",\"publisher\":{\"@id\":\"https:\\\/\\\/asimut.com\\\/es\\\/#organization\"},\"potentialAction\":[{\"@type\":\"SearchAction\",\"target\":{\"@type\":\"EntryPoint\",\"urlTemplate\":\"https:\\\/\\\/asimut.com\\\/es\\\/?s={search_term_string}\"},\"query-input\":{\"@type\":\"PropertyValueSpecification\",\"valueRequired\":true,\"valueName\":\"search_term_string\"}}],\"inLanguage\":\"it-IT\"},{\"@type\":\"Organization\",\"@id\":\"https:\\\/\\\/asimut.com\\\/es\\\/#organization\",\"name\":\"ASIMUT software\",\"url\":\"https:\\\/\\\/asimut.com\\\/es\\\/\",\"logo\":{\"@type\":\"ImageObject\",\"inLanguage\":\"it-IT\",\"@id\":\"https:\\\/\\\/asimut.com\\\/es\\\/#\\\/schema\\\/logo\\\/image\\\/\",\"url\":\"https:\\\/\\\/asimut.com\\\/wp-content\\\/uploads\\\/2017\\\/10\\\/A4-logo-horisontal.svg\",\"contentUrl\":\"https:\\\/\\\/asimut.com\\\/wp-content\\\/uploads\\\/2017\\\/10\\\/A4-logo-horisontal.svg\",\"width\":111.2,\"height\":15.2,\"caption\":\"ASIMUT software\"},\"image\":{\"@id\":\"https:\\\/\\\/asimut.com\\\/es\\\/#\\\/schema\\\/logo\\\/image\\\/\"},\"sameAs\":[\"https:\\\/\\\/www.linkedin.com\\\/company\\\/337884\\\/\"]}]}<\/script>\n<!-- \/ Yoast SEO plugin. -->","yoast_head_json":{"title":"Royal Conservatoire of Scotland - ASIMUT software","robots":{"index":"index","follow":"follow","max-snippet":"max-snippet:-1","max-image-preview":"max-image-preview:large","max-video-preview":"max-video-preview:-1"},"canonical":"https:\/\/asimut.com\/it\/testimonial\/royal-conservatoire-of-scotland\/","og_locale":"it_IT","og_type":"article","og_title":"Royal Conservatoire of Scotland - ASIMUT software","og_url":"https:\/\/asimut.com\/it\/testimonial\/royal-conservatoire-of-scotland\/","og_site_name":"ASIMUT software","article_modified_time":"2021-09-08T12:47:19+00:00","og_image":[{"width":1920,"height":1080,"url":"https:\/\/asimut.com\/wp-content\/uploads\/2018\/11\/Andrea-McManus.jpg","type":"image\/jpeg"}],"twitter_card":"summary_large_image","twitter_misc":{"Tempo di lettura stimato":"16 minuti"},"schema":{"@context":"https:\/\/schema.org","@graph":[{"@type":"WebPage","@id":"https:\/\/asimut.com\/it\/testimonial\/royal-conservatoire-of-scotland\/","url":"https:\/\/asimut.com\/it\/testimonial\/royal-conservatoire-of-scotland\/","name":"Royal Conservatoire of Scotland - ASIMUT software","isPartOf":{"@id":"https:\/\/asimut.com\/es\/#website"},"primaryImageOfPage":{"@id":"https:\/\/asimut.com\/it\/testimonial\/royal-conservatoire-of-scotland\/#primaryimage"},"image":{"@id":"https:\/\/asimut.com\/it\/testimonial\/royal-conservatoire-of-scotland\/#primaryimage"},"thumbnailUrl":"https:\/\/asimut.com\/wp-content\/uploads\/2018\/11\/Andrea-McManus.jpg","datePublished":"2018-11-23T08:29:55+00:00","dateModified":"2021-09-08T12:47:19+00:00","breadcrumb":{"@id":"https:\/\/asimut.com\/it\/testimonial\/royal-conservatoire-of-scotland\/#breadcrumb"},"inLanguage":"it-IT","potentialAction":[{"@type":"ReadAction","target":["https:\/\/asimut.com\/it\/testimonial\/royal-conservatoire-of-scotland\/"]}]},{"@type":"ImageObject","inLanguage":"it-IT","@id":"https:\/\/asimut.com\/it\/testimonial\/royal-conservatoire-of-scotland\/#primaryimage","url":"https:\/\/asimut.com\/wp-content\/uploads\/2018\/11\/Andrea-McManus.jpg","contentUrl":"https:\/\/asimut.com\/wp-content\/uploads\/2018\/11\/Andrea-McManus.jpg","width":1920,"height":1080},{"@type":"BreadcrumbList","@id":"https:\/\/asimut.com\/it\/testimonial\/royal-conservatoire-of-scotland\/#breadcrumb","itemListElement":[{"@type":"ListItem","position":1,"name":"Home","item":"https:\/\/asimut.com\/it\/home\/"},{"@type":"ListItem","position":2,"name":"Testimonial","item":"https:\/\/asimut.com\/it\/testimonial\/"},{"@type":"ListItem","position":3,"name":"Royal Conservatoire of Scotland"}]},{"@type":"WebSite","@id":"https:\/\/asimut.com\/es\/#website","url":"https:\/\/asimut.com\/es\/","name":"ASIMUT software","description":"In uso nelle migliori scuole di musica, recitazione e arti performative","publisher":{"@id":"https:\/\/asimut.com\/es\/#organization"},"potentialAction":[{"@type":"SearchAction","target":{"@type":"EntryPoint","urlTemplate":"https:\/\/asimut.com\/es\/?s={search_term_string}"},"query-input":{"@type":"PropertyValueSpecification","valueRequired":true,"valueName":"search_term_string"}}],"inLanguage":"it-IT"},{"@type":"Organization","@id":"https:\/\/asimut.com\/es\/#organization","name":"ASIMUT software","url":"https:\/\/asimut.com\/es\/","logo":{"@type":"ImageObject","inLanguage":"it-IT","@id":"https:\/\/asimut.com\/es\/#\/schema\/logo\/image\/","url":"https:\/\/asimut.com\/wp-content\/uploads\/2017\/10\/A4-logo-horisontal.svg","contentUrl":"https:\/\/asimut.com\/wp-content\/uploads\/2017\/10\/A4-logo-horisontal.svg","width":111.2,"height":15.2,"caption":"ASIMUT software"},"image":{"@id":"https:\/\/asimut.com\/es\/#\/schema\/logo\/image\/"},"sameAs":["https:\/\/www.linkedin.com\/company\/337884\/"]}]}},"_links":{"self":[{"href":"https:\/\/asimut.com\/it\/wp-json\/wp\/v2\/pages\/4325","targetHints":{"allow":["GET"]}}],"collection":[{"href":"https:\/\/asimut.com\/it\/wp-json\/wp\/v2\/pages"}],"about":[{"href":"https:\/\/asimut.com\/it\/wp-json\/wp\/v2\/types\/page"}],"author":[{"embeddable":true,"href":"https:\/\/asimut.com\/it\/wp-json\/wp\/v2\/users\/6"}],"replies":[{"embeddable":true,"href":"https:\/\/asimut.com\/it\/wp-json\/wp\/v2\/comments?post=4325"}],"version-history":[{"count":0,"href":"https:\/\/asimut.com\/it\/wp-json\/wp\/v2\/pages\/4325\/revisions"}],"up":[{"embeddable":true,"href":"https:\/\/asimut.com\/it\/wp-json\/wp\/v2\/pages\/3867"}],"wp:featuredmedia":[{"embeddable":true,"href":"https:\/\/asimut.com\/it\/wp-json\/wp\/v2\/media\/3767"}],"wp:attachment":[{"href":"https:\/\/asimut.com\/it\/wp-json\/wp\/v2\/media?parent=4325"}],"curies":[{"name":"wp","href":"https:\/\/api.w.org\/{rel}","templated":true}]}}